{"id":18735,"date":"2021-03-03T10:05:45","date_gmt":"2021-03-03T09:05:46","guid":{"rendered":"https:\/\/www.moha-swiss.com\/?post_type=product&#038;p=18735"},"modified":"2021-03-03T10:10:26","modified_gmt":"2021-03-03T09:10:26","slug":"gelati-anthracite-6951709","status":"publish","type":"product","link":"https:\/\/www.moha-swiss.com\/en\/product\/gelati-anthracite-6951709\/","title":{"rendered":"GELATI ANTHRACITE 6951709"},"content":{"rendered":"<p><strong>Cuill\u00e8re \u00e0 glace<\/strong><\/p>\n<ul>\n<li>GELATI vous permet de former facilement et rapidement des boules de glace.<\/li>\n<li>Gr\u00e2ce \u00e0 sa poign\u00e9e ergonomique \u00e0 deux composants, GELATI permet un maniement ais\u00e9 et une prise en main ferme.<\/li>\n<li>Avec sa t\u00eate en aluminium rev\u00eatu et \u00e0 bords vifs, GELATI est particuli\u00e8rement adapt\u00e9e pour des glaces encore dures.<\/li>\n<li>GELATI est l\u2019outil id\u00e9al pour les glaces, sorbets, mousse, pur\u00e9e et riz.<\/li>\n<li>Egalement appropri\u00e9e pour \u00e9p\u00e9piner les potirons et courges.<\/li>\n<\/ul>\n<p>H 19cm  W 4.2cm<br \/>\nAluminium coul\u00e9<\/p>\n<input class=\"fooboxshare_post_id\" type=\"hidden\" value=\"18735\"\/>","protected":false},"excerpt":{"rendered":"<p><strong>Icecreamscoop<\/strong><\/p>\n<p>H 19cm  W 4.2cm<br \/>\nDie cast aluminium<\/p>\n<p>&nbsp;<\/p>\n<p><img loading=\"lazy\" decoding=\"async\" class=\"alignnone size-full wp-image-21\" src=\"https:\/\/www.moha-swiss.com\/wp-content\/uploads\/2014\/09\/icon-dishwasher.jpg\" alt=\"icon-dishwasher\" width=\"50\" height=\"65\" \/><\/p>\n","protected":false},"featured_media":19528,"comment_status":"closed","ping_status":"closed","template":"","meta":[],"product_brand":[],"product_cat":[66],"product_tag":[239,414,333],"class_list":{"0":"post-18735","1":"product","2":"type-product","3":"status-publish","4":"has-post-thumbnail","6":"product_cat-dessert-pastries-en","7":"product_tag-dessert-en","8":"product_tag-ice-cream","9":"product_tag-ice-cream-scoop","11":"first","12":"instock","13":"shipping-taxable","14":"product-type-simple"},"_links":{"self":[{"href":"https:\/\/www.moha-swiss.com\/en\/wp-json\/wp\/v2\/product\/18735","targetHints":{"allow":["GET"]}}],"collection":[{"href":"https:\/\/www.moha-swiss.com\/en\/wp-json\/wp\/v2\/product"}],"about":[{"href":"https:\/\/www.moha-swiss.com\/en\/wp-json\/wp\/v2\/types\/product"}],"replies":[{"embeddable":true,"href":"https:\/\/www.moha-swiss.com\/en\/wp-json\/wp\/v2\/comments?post=18735"}],"wp:featuredmedia":[{"embeddable":true,"href":"https:\/\/www.moha-swiss.com\/en\/wp-json\/wp\/v2\/media\/19528"}],"wp:attachment":[{"href":"https:\/\/www.moha-swiss.com\/en\/wp-json\/wp\/v2\/media?parent=18735"}],"wp:term":[{"taxonomy":"product_brand","embeddable":true,"href":"https:\/\/www.moha-swiss.com\/en\/wp-json\/wp\/v2\/product_brand?post=18735"},{"taxonomy":"product_cat","embeddable":true,"href":"https:\/\/www.moha-swiss.com\/en\/wp-json\/wp\/v2\/product_cat?post=18735"},{"taxonomy":"product_tag","embeddable":true,"href":"https:\/\/www.moha-swiss.com\/en\/wp-json\/wp\/v2\/product_tag?post=18735"}],"curies":[{"name":"wp","href":"https:\/\/api.w.org\/{rel}","templated":true}]}}