{"id":9551,"date":"2016-07-25T12:52:35","date_gmt":"2016-07-25T11:52:35","guid":{"rendered":"https:\/\/www.moha-swiss.com\/de\/produkt\/aglio-32616-copie\/"},"modified":"2020-02-03T19:05:40","modified_gmt":"2020-02-03T18:05:40","slug":"limone-6931207","status":"publish","type":"product","link":"https:\/\/www.moha-swiss.com\/de\/product\/limone-6931207\/","title":{"rendered":"LIMONE 6931207"},"content":{"rendered":"<p><strong>Zitronenpresse aus Edelstahl Profit-Qualit\u00e4t<\/strong><\/p>\n<p>Ein Werkzeug f\u00fcr den t\u00e4glichen Einsatz in der K\u00fcche \u2013 und wesentlich  bei der Herstellung von Cocktails in der Bar<\/p>\n<p>H: 21.5 cm   B: 7,8 cm  T: 5 cm<br \/>\nEdelstahl<\/p>\n<p>&nbsp;<\/p>\n<input class=\"fooboxshare_post_id\" type=\"hidden\" value=\"9551\"\/>","protected":false},"excerpt":{"rendered":"<p><strong>Profi-Zitronenpresse<\/strong><br \/>\nPresst effizient und m\u00fchelos ein Maximum an Saft aus<\/p>\n<p><img loading=\"lazy\" decoding=\"async\" class=\"alignnone size-full wp-image-21\" src=\"http:\/\/www.moha-swiss.com\/wp-content\/uploads\/2014\/09\/icon-dishwasher.jpg\" alt=\"icon-dishwasher\" width=\"50\" height=\"65\" \/><\/p>\n","protected":false},"featured_media":16851,"comment_status":"closed","ping_status":"closed","template":"","meta":[],"product_brand":[],"product_cat":[495],"product_tag":[282,278,304,112],"class_list":{"0":"post-9551","1":"product","2":"type-product","3":"status-publish","4":"has-post-thumbnail","6":"product_cat-fruits-vegetables-de","7":"product_tag-bar-accessoires-de","8":"product_tag-edelstahl","9":"product_tag-fruechte","10":"product_tag-pressen-de","12":"first","13":"instock","14":"shipping-taxable","15":"product-type-simple"},"_links":{"self":[{"href":"https:\/\/www.moha-swiss.com\/de\/wp-json\/wp\/v2\/product\/9551","targetHints":{"allow":["GET"]}}],"collection":[{"href":"https:\/\/www.moha-swiss.com\/de\/wp-json\/wp\/v2\/product"}],"about":[{"href":"https:\/\/www.moha-swiss.com\/de\/wp-json\/wp\/v2\/types\/product"}],"replies":[{"embeddable":true,"href":"https:\/\/www.moha-swiss.com\/de\/wp-json\/wp\/v2\/comments?post=9551"}],"wp:featuredmedia":[{"embeddable":true,"href":"https:\/\/www.moha-swiss.com\/de\/wp-json\/wp\/v2\/media\/16851"}],"wp:attachment":[{"href":"https:\/\/www.moha-swiss.com\/de\/wp-json\/wp\/v2\/media?parent=9551"}],"wp:term":[{"taxonomy":"product_brand","embeddable":true,"href":"https:\/\/www.moha-swiss.com\/de\/wp-json\/wp\/v2\/product_brand?post=9551"},{"taxonomy":"product_cat","embeddable":true,"href":"https:\/\/www.moha-swiss.com\/de\/wp-json\/wp\/v2\/product_cat?post=9551"},{"taxonomy":"product_tag","embeddable":true,"href":"https:\/\/www.moha-swiss.com\/de\/wp-json\/wp\/v2\/product_tag?post=9551"}],"curies":[{"name":"wp","href":"https:\/\/api.w.org\/{rel}","templated":true}]}}