{"id":5220,"date":"2014-12-21T22:36:00","date_gmt":"2014-12-21T20:36:00","guid":{"rendered":"http:\/\/www.moha-swiss.com\/de\/produit\/mare-62526\/"},"modified":"2019-02-07T12:36:15","modified_gmt":"2019-02-07T11:36:15","slug":"mare-6962526","status":"publish","type":"product","link":"https:\/\/www.moha-swiss.com\/de\/product\/mare-6962526\/","title":{"rendered":"MARE 6962526"},"content":{"rendered":"<p><strong>Display 12 Stk.<\/strong><br \/>\n<strong>Nuss- und Meerfruchtknacher<\/strong><\/p>\n<p>Drehbar f\u00fcr kleine N\u00fcsse<\/p>\n<p>H: 34 cm B: 25 cm T: 18 cm<\/p>\n<input class=\"fooboxshare_post_id\" type=\"hidden\" value=\"5220\"\/>","protected":false},"excerpt":{"rendered":"<p><strong>Display 12 Stk.<br \/>\nNuss- und Meerfruchtknacher<\/strong><\/p>\n<p>Ideal f\u00fcr N\u00fcsse oder Meerfr\u00fcchte<\/p>\n","protected":false},"featured_media":2939,"comment_status":"closed","ping_status":"closed","template":"","meta":[],"product_brand":[],"product_cat":[71],"product_tag":[240,498,397,108],"class_list":{"0":"post-5220","1":"product","2":"type-product","3":"status-publish","4":"has-post-thumbnail","6":"product_cat-displays-de","7":"product_tag-dessert-de","8":"product_tag-frucht","9":"product_tag-krustentiere","10":"product_tag-offnen-de","12":"first","13":"instock","14":"shipping-taxable","15":"product-type-simple"},"_links":{"self":[{"href":"https:\/\/www.moha-swiss.com\/de\/wp-json\/wp\/v2\/product\/5220","targetHints":{"allow":["GET"]}}],"collection":[{"href":"https:\/\/www.moha-swiss.com\/de\/wp-json\/wp\/v2\/product"}],"about":[{"href":"https:\/\/www.moha-swiss.com\/de\/wp-json\/wp\/v2\/types\/product"}],"replies":[{"embeddable":true,"href":"https:\/\/www.moha-swiss.com\/de\/wp-json\/wp\/v2\/comments?post=5220"}],"wp:featuredmedia":[{"embeddable":true,"href":"https:\/\/www.moha-swiss.com\/de\/wp-json\/wp\/v2\/media\/2939"}],"wp:attachment":[{"href":"https:\/\/www.moha-swiss.com\/de\/wp-json\/wp\/v2\/media?parent=5220"}],"wp:term":[{"taxonomy":"product_brand","embeddable":true,"href":"https:\/\/www.moha-swiss.com\/de\/wp-json\/wp\/v2\/product_brand?post=5220"},{"taxonomy":"product_cat","embeddable":true,"href":"https:\/\/www.moha-swiss.com\/de\/wp-json\/wp\/v2\/product_cat?post=5220"},{"taxonomy":"product_tag","embeddable":true,"href":"https:\/\/www.moha-swiss.com\/de\/wp-json\/wp\/v2\/product_tag?post=5220"}],"curies":[{"name":"wp","href":"https:\/\/api.w.org\/{rel}","templated":true}]}}