{"id":5218,"date":"2014-12-21T19:21:38","date_gmt":"2014-12-21T17:21:38","guid":{"rendered":"http:\/\/www.moha-swiss.com\/de\/produit\/mare-62525\/"},"modified":"2019-02-07T13:56:26","modified_gmt":"2019-02-07T12:56:26","slug":"mare-6962525","status":"publish","type":"product","link":"https:\/\/www.moha-swiss.com\/de\/product\/mare-6962525\/","title":{"rendered":"MARE 6962525"},"content":{"rendered":"<p><strong>Nuss- und Meerfruchtknacher<\/strong><\/p>\n<p>Drehbar f\u00fcr kleine N\u00fcsse<\/p>\n<p>H: 19,5 cm B: 10 cm T: 2 cm<\/p>\n<input class=\"fooboxshare_post_id\" type=\"hidden\" value=\"5218\"\/>","protected":false},"excerpt":{"rendered":"<p><strong>Nuss- und Meerfruchtknacher<\/strong><\/p>\n<p>Ideal f\u00fcr N\u00fcsse oder Meerfr\u00fcchte<\/p>\n<p><img loading=\"lazy\" decoding=\"async\" class=\"alignnone size-full wp-image-21\" src=\"http:\/\/www.moha-swiss.com\/wp-content\/uploads\/2014\/09\/icon-dishwasher.jpg\" alt=\"icon-dishwasher\" width=\"50\" height=\"65\" \/><\/p>\n","protected":false},"featured_media":2818,"comment_status":"closed","ping_status":"closed","template":"","meta":[],"product_brand":[],"product_cat":[45],"product_tag":[240,498,397,108],"class_list":{"0":"post-5218","1":"product","2":"type-product","3":"status-publish","4":"has-post-thumbnail","6":"product_cat-easy-opening-de","7":"product_tag-dessert-de","8":"product_tag-frucht","9":"product_tag-krustentiere","10":"product_tag-offnen-de","12":"first","13":"instock","14":"shipping-taxable","15":"product-type-simple"},"_links":{"self":[{"href":"https:\/\/www.moha-swiss.com\/de\/wp-json\/wp\/v2\/product\/5218","targetHints":{"allow":["GET"]}}],"collection":[{"href":"https:\/\/www.moha-swiss.com\/de\/wp-json\/wp\/v2\/product"}],"about":[{"href":"https:\/\/www.moha-swiss.com\/de\/wp-json\/wp\/v2\/types\/product"}],"replies":[{"embeddable":true,"href":"https:\/\/www.moha-swiss.com\/de\/wp-json\/wp\/v2\/comments?post=5218"}],"wp:featuredmedia":[{"embeddable":true,"href":"https:\/\/www.moha-swiss.com\/de\/wp-json\/wp\/v2\/media\/2818"}],"wp:attachment":[{"href":"https:\/\/www.moha-swiss.com\/de\/wp-json\/wp\/v2\/media?parent=5218"}],"wp:term":[{"taxonomy":"product_brand","embeddable":true,"href":"https:\/\/www.moha-swiss.com\/de\/wp-json\/wp\/v2\/product_brand?post=5218"},{"taxonomy":"product_cat","embeddable":true,"href":"https:\/\/www.moha-swiss.com\/de\/wp-json\/wp\/v2\/product_cat?post=5218"},{"taxonomy":"product_tag","embeddable":true,"href":"https:\/\/www.moha-swiss.com\/de\/wp-json\/wp\/v2\/product_tag?post=5218"}],"curies":[{"name":"wp","href":"https:\/\/api.w.org\/{rel}","templated":true}]}}