{"id":5154,"date":"2014-12-21T23:18:36","date_gmt":"2014-12-21T21:18:36","guid":{"rendered":"http:\/\/www.moha-swiss.com\/de\/produit\/bouquet-garni-38055\/"},"modified":"2019-02-07T11:55:17","modified_gmt":"2019-02-07T10:55:17","slug":"aroma-6938055","status":"publish","type":"product","link":"https:\/\/www.moha-swiss.com\/de\/product\/aroma-6938055\/","title":{"rendered":"AROMA \u00f8 10 cm 6938055"},"content":{"rendered":"<p><strong>Gew\u00fcrzkugel aus Edelstahl<\/strong><\/p>\n<p>\u2022 Die Gew\u00fcrze oder ein ganzes Kr\u00e4uterstr\u00e4usschen k\u00f6nnen im Gew\u00fcrzkugel verpackt werden.   <\/p>\n<p>\u2022 Die Gerichte sind k\u00f6stlich parf\u00fcmiert ohne R\u00fcckst\u00e4nde von Bl\u00e4ttern.  <\/p>\n<p>\u2022 Gr\u00f6sse \u00d8 10 cm<br \/>\n&nbsp;<br \/>\n\u00d8 10 cm<br \/>\nEdelstahl 18\/10<\/p>\n<input class=\"fooboxshare_post_id\" type=\"hidden\" value=\"5154\"\/>","protected":false},"excerpt":{"rendered":"<p><strong>Gew\u00fcrzkugel<\/strong><\/p>\n<p>\u00d8 10  cm<br \/>\nEdelstahl 18\/10<\/p>\n<p><img loading=\"lazy\" decoding=\"async\" class=\"alignnone size-full wp-image-21\" src=\"http:\/\/www.moha-swiss.com\/wp-content\/uploads\/2014\/09\/icon-dishwasher.jpg\" alt=\"icon-dishwasher\" width=\"50\" height=\"65\" \/><\/p>\n","protected":false},"featured_media":3043,"comment_status":"closed","ping_status":"closed","template":"","meta":[],"product_brand":[],"product_cat":[65],"product_tag":[278,511,92],"class_list":{"0":"post-5154","1":"product","2":"type-product","3":"status-publish","4":"has-post-thumbnail","6":"product_cat-spices-de","7":"product_tag-edelstahl","8":"product_tag-epices-de","9":"product_tag-rund-ums-kochen-de","11":"first","12":"instock","13":"shipping-taxable","14":"product-type-simple"},"_links":{"self":[{"href":"https:\/\/www.moha-swiss.com\/de\/wp-json\/wp\/v2\/product\/5154","targetHints":{"allow":["GET"]}}],"collection":[{"href":"https:\/\/www.moha-swiss.com\/de\/wp-json\/wp\/v2\/product"}],"about":[{"href":"https:\/\/www.moha-swiss.com\/de\/wp-json\/wp\/v2\/types\/product"}],"replies":[{"embeddable":true,"href":"https:\/\/www.moha-swiss.com\/de\/wp-json\/wp\/v2\/comments?post=5154"}],"wp:featuredmedia":[{"embeddable":true,"href":"https:\/\/www.moha-swiss.com\/de\/wp-json\/wp\/v2\/media\/3043"}],"wp:attachment":[{"href":"https:\/\/www.moha-swiss.com\/de\/wp-json\/wp\/v2\/media?parent=5154"}],"wp:term":[{"taxonomy":"product_brand","embeddable":true,"href":"https:\/\/www.moha-swiss.com\/de\/wp-json\/wp\/v2\/product_brand?post=5154"},{"taxonomy":"product_cat","embeddable":true,"href":"https:\/\/www.moha-swiss.com\/de\/wp-json\/wp\/v2\/product_cat?post=5154"},{"taxonomy":"product_tag","embeddable":true,"href":"https:\/\/www.moha-swiss.com\/de\/wp-json\/wp\/v2\/product_tag?post=5154"}],"curies":[{"name":"wp","href":"https:\/\/api.w.org\/{rel}","templated":true}]}}