{"id":5117,"date":"2015-11-24T17:22:58","date_gmt":"2015-11-24T15:22:58","guid":{"rendered":"http:\/\/www.moha-swiss.com\/de\/produit\/gourmande-50647\/"},"modified":"2019-02-07T09:54:19","modified_gmt":"2019-02-07T08:54:19","slug":"gourmande-6950647","status":"publish","type":"product","link":"https:\/\/www.moha-swiss.com\/de\/product\/gourmande-6950647\/","title":{"rendered":"GOURMANDE 6950647"},"content":{"rendered":"<p><strong>Dekorationsl\u00f6ffel<\/strong><\/p>\n<p>Dekorieren Sie pr\u00e4zise mit Ihren Saucen. Geeignet f\u00fcr :<br \/>\n\u2022 herzhafte Saucen, wie Hollandaise, B\u00e9chamel, Gem\u00fcseschaum, Balsamico-Essig<br \/>\n\u2022 s\u00fcsse Saucen, wie Schokoladesauce, Caramel, Frucht-Coulis, englische Cr\u00e8me.<br \/>\nEinfach in der Handhabung. K\u00f6stlich mit \u00e4sthetisch vereinen wird ein Kinderspiel f\u00fcr alle Feinschmecker, die gerne kochen.<\/p>\n<p>L: 16,5 cm<br \/>\nEdelstahl<\/p>\n<input class=\"fooboxshare_post_id\" type=\"hidden\" value=\"5117\"\/>","protected":false},"excerpt":{"rendered":"<p><strong>Dekorationsl\u00f6ffel<\/strong><\/p>\n<p>Geben Sie Ihren kulinarischen Kreationen ganz einfach eine pers\u00f6nliche und originelle Note &#8211; wie ein Chefkoch!<\/p>\n","protected":false},"featured_media":16827,"comment_status":"closed","ping_status":"closed","template":"","meta":[],"product_brand":[],"product_cat":[67],"product_tag":[401,240,278,399,286,367],"class_list":{"0":"post-5117","1":"product","2":"type-product","3":"status-publish","4":"has-post-thumbnail","6":"product_cat-dessert-pastries-de","7":"product_tag-dekoration","8":"product_tag-dessert-de","9":"product_tag-edelstahl","10":"product_tag-loeffel","11":"product_tag-schuesseln-vorlegeteile","12":"product_tag-vorlegeteile","14":"first","15":"instock","16":"shipping-taxable","17":"product-type-simple"},"_links":{"self":[{"href":"https:\/\/www.moha-swiss.com\/de\/wp-json\/wp\/v2\/product\/5117","targetHints":{"allow":["GET"]}}],"collection":[{"href":"https:\/\/www.moha-swiss.com\/de\/wp-json\/wp\/v2\/product"}],"about":[{"href":"https:\/\/www.moha-swiss.com\/de\/wp-json\/wp\/v2\/types\/product"}],"replies":[{"embeddable":true,"href":"https:\/\/www.moha-swiss.com\/de\/wp-json\/wp\/v2\/comments?post=5117"}],"wp:featuredmedia":[{"embeddable":true,"href":"https:\/\/www.moha-swiss.com\/de\/wp-json\/wp\/v2\/media\/16827"}],"wp:attachment":[{"href":"https:\/\/www.moha-swiss.com\/de\/wp-json\/wp\/v2\/media?parent=5117"}],"wp:term":[{"taxonomy":"product_brand","embeddable":true,"href":"https:\/\/www.moha-swiss.com\/de\/wp-json\/wp\/v2\/product_brand?post=5117"},{"taxonomy":"product_cat","embeddable":true,"href":"https:\/\/www.moha-swiss.com\/de\/wp-json\/wp\/v2\/product_cat?post=5117"},{"taxonomy":"product_tag","embeddable":true,"href":"https:\/\/www.moha-swiss.com\/de\/wp-json\/wp\/v2\/product_tag?post=5117"}],"curies":[{"name":"wp","href":"https:\/\/api.w.org\/{rel}","templated":true}]}}