{"id":5067,"date":"2014-12-21T18:10:11","date_gmt":"2014-12-21T16:10:11","guid":{"rendered":"http:\/\/www.moha-swiss.com\/de\/produit\/passe-vite-31074\/"},"modified":"2018-02-15T16:39:53","modified_gmt":"2018-02-15T15:39:53","slug":"passe-vite-31074","status":"publish","type":"product","link":"https:\/\/www.moha-swiss.com\/de\/product\/passe-vite-31074\/","title":{"rendered":"PASSE VITE \u00f8 19 cm 31074"},"content":{"rendered":"<p><strong>Passierger\u00e4t<\/strong><\/p>\n<p>Mit 3 Scheiben:<br \/>\n\u2022 7 x 4 mm f\u00fcr Kartoffelp\u00fcree, Gem\u00fcsep\u00fcree, Sp\u00e4tzle, etc.<br \/>\n\u2022 2 mm f\u00fcr Tomatenp\u00fcree, Apfelmus, etc.<br \/>\n\u2022 1,5 mm f\u00fcr Suppen, Fr\u00fcchtep\u00fcree, etc<br \/>\nDie drei ausklappbaren rutschfesten F\u00fcsse erlauben ein sicheres Aufsetzen des Passierger\u00e4ts auf alle T\u00f6pfe von \u00d8 14 &#8211; 22 cm.<\/p>\n<p>H: 8,5 cm \u00d8: 19 cm P: 32 cm<br \/>\nEdelstahl<\/p>\n<input class=\"fooboxshare_post_id\" type=\"hidden\" value=\"5067\"\/>","protected":false},"excerpt":{"rendered":"<p><strong>Passierger\u00e4t \u00d8 19 cm<\/strong><\/p>\n<p>Zum einfachen Passieren von gekochtem Gem\u00fcse und gekochten Fr\u00fcchten<\/p>\n<p><img loading=\"lazy\" decoding=\"async\" class=\"alignnone size-full wp-image-21\" src=\"http:\/\/www.moha-swiss.com\/wp-content\/uploads\/2014\/09\/icon-dishwasher.jpg\" alt=\"icon-dishwasher\" width=\"50\" height=\"65\" \/><\/p>\n","protected":false},"featured_media":16815,"comment_status":"closed","ping_status":"closed","template":"","meta":[],"product_brand":[],"product_cat":[495],"product_tag":[278,304,310,330,112,443,447],"class_list":{"0":"post-5067","1":"product","2":"type-product","3":"status-publish","4":"has-post-thumbnail","6":"product_cat-fruits-vegetables-de","7":"product_tag-edelstahl","8":"product_tag-fruechte","9":"product_tag-gemuese","10":"product_tag-kartoffeln","11":"product_tag-pressen-de","12":"product_tag-pueree","13":"product_tag-spaetzle-de","15":"first","16":"instock","17":"shipping-taxable","18":"product-type-simple"},"_links":{"self":[{"href":"https:\/\/www.moha-swiss.com\/de\/wp-json\/wp\/v2\/product\/5067","targetHints":{"allow":["GET"]}}],"collection":[{"href":"https:\/\/www.moha-swiss.com\/de\/wp-json\/wp\/v2\/product"}],"about":[{"href":"https:\/\/www.moha-swiss.com\/de\/wp-json\/wp\/v2\/types\/product"}],"replies":[{"embeddable":true,"href":"https:\/\/www.moha-swiss.com\/de\/wp-json\/wp\/v2\/comments?post=5067"}],"wp:featuredmedia":[{"embeddable":true,"href":"https:\/\/www.moha-swiss.com\/de\/wp-json\/wp\/v2\/media\/16815"}],"wp:attachment":[{"href":"https:\/\/www.moha-swiss.com\/de\/wp-json\/wp\/v2\/media?parent=5067"}],"wp:term":[{"taxonomy":"product_brand","embeddable":true,"href":"https:\/\/www.moha-swiss.com\/de\/wp-json\/wp\/v2\/product_brand?post=5067"},{"taxonomy":"product_cat","embeddable":true,"href":"https:\/\/www.moha-swiss.com\/de\/wp-json\/wp\/v2\/product_cat?post=5067"},{"taxonomy":"product_tag","embeddable":true,"href":"https:\/\/www.moha-swiss.com\/de\/wp-json\/wp\/v2\/product_tag?post=5067"}],"curies":[{"name":"wp","href":"https:\/\/api.w.org\/{rel}","templated":true}]}}