{"id":5065,"date":"2014-12-21T18:13:28","date_gmt":"2014-12-21T16:13:28","guid":{"rendered":"http:\/\/www.moha-swiss.com\/de\/produit\/spatzle-31070\/"},"modified":"2019-02-07T14:41:32","modified_gmt":"2019-02-07T13:41:32","slug":"spatzle-6931070","status":"publish","type":"product","link":"https:\/\/www.moha-swiss.com\/de\/product\/spatzle-6931070\/","title":{"rendered":"SP\u00c4TZLE 6931070"},"content":{"rendered":"<p><strong>Sp\u00e4tzlesieb mit Teigschaber<\/strong><\/p>\n<p>Das Sp\u00e4tzlesieb passt auf alle g\u00e4ngige T\u00f6pfe mit einem \u00d8 von 16 bis 24 cm.<br \/>\nMit praktischem Teigschaber.<\/p>\n<p>\u00d8 28,5 cm<br \/>\nEdelstahl<\/p>\n<p>&nbsp;<\/p>\n<input class=\"fooboxshare_post_id\" type=\"hidden\" value=\"5065\"\/>","protected":false},"excerpt":{"rendered":"<p><strong>Sp\u00e4tzlesieb mit Teigschaber<\/strong><\/p>\n<p>Sehr einfache Handhabung<\/p>\n<p><img loading=\"lazy\" decoding=\"async\" class=\"alignnone size-full wp-image-21\" src=\"http:\/\/www.moha-swiss.com\/wp-content\/uploads\/2014\/09\/icon-dishwasher.jpg\" alt=\"icon-dishwasher\" width=\"50\" height=\"65\" \/><\/p>\n","protected":false},"featured_media":2683,"comment_status":"closed","ping_status":"closed","template":"","meta":[],"product_brand":[],"product_cat":[495],"product_tag":[278,112,92,447],"class_list":{"0":"post-5065","1":"product","2":"type-product","3":"status-publish","4":"has-post-thumbnail","6":"product_cat-fruits-vegetables-de","7":"product_tag-edelstahl","8":"product_tag-pressen-de","9":"product_tag-rund-ums-kochen-de","10":"product_tag-spaetzle-de","12":"first","13":"instock","14":"shipping-taxable","15":"product-type-simple"},"_links":{"self":[{"href":"https:\/\/www.moha-swiss.com\/de\/wp-json\/wp\/v2\/product\/5065","targetHints":{"allow":["GET"]}}],"collection":[{"href":"https:\/\/www.moha-swiss.com\/de\/wp-json\/wp\/v2\/product"}],"about":[{"href":"https:\/\/www.moha-swiss.com\/de\/wp-json\/wp\/v2\/types\/product"}],"replies":[{"embeddable":true,"href":"https:\/\/www.moha-swiss.com\/de\/wp-json\/wp\/v2\/comments?post=5065"}],"wp:featuredmedia":[{"embeddable":true,"href":"https:\/\/www.moha-swiss.com\/de\/wp-json\/wp\/v2\/media\/2683"}],"wp:attachment":[{"href":"https:\/\/www.moha-swiss.com\/de\/wp-json\/wp\/v2\/media?parent=5065"}],"wp:term":[{"taxonomy":"product_brand","embeddable":true,"href":"https:\/\/www.moha-swiss.com\/de\/wp-json\/wp\/v2\/product_brand?post=5065"},{"taxonomy":"product_cat","embeddable":true,"href":"https:\/\/www.moha-swiss.com\/de\/wp-json\/wp\/v2\/product_cat?post=5065"},{"taxonomy":"product_tag","embeddable":true,"href":"https:\/\/www.moha-swiss.com\/de\/wp-json\/wp\/v2\/product_tag?post=5065"}],"curies":[{"name":"wp","href":"https:\/\/api.w.org\/{rel}","templated":true}]}}