{"id":5014,"date":"2015-11-24T10:46:16","date_gmt":"2015-11-24T08:46:16","guid":{"rendered":"http:\/\/www.moha-swiss.com\/de\/produit\/scampo-25503\/"},"modified":"2019-02-07T09:59:07","modified_gmt":"2019-02-07T08:59:07","slug":"scampo-6925503","status":"publish","type":"product","link":"https:\/\/www.moha-swiss.com\/de\/product\/scampo-6925503\/","title":{"rendered":"SCAMPO 6925503"},"content":{"rendered":"<p><strong>Schere f\u00fcr Krustentiere<\/strong><\/p>\n<p>Die einzige Schere, die Krustentiere \u00f6ffnet, ohne das Fleisch zu besch\u00e4digen. Schere einhaken und r\u00fcckw\u00e4rts schneiden.<br \/>\nMit integrierter Zange.<\/p>\n<p>L: 19 cm<br \/>\nEdelstahl<\/p>\n<p>&nbsp;<\/p>\n<input class=\"fooboxshare_post_id\" type=\"hidden\" value=\"5014\"\/>","protected":false},"excerpt":{"rendered":"<p><strong>Schere f\u00fcr Krustentiere<\/strong><\/p>\n<p>Ideal f\u00fcr Garnelen, Krebs, Hummer, Langusten und Langustinen<\/p>\n","protected":false},"featured_media":16821,"comment_status":"closed","ping_status":"closed","template":"","meta":[],"product_brand":[],"product_cat":[45],"product_tag":[278,397,98],"class_list":{"0":"post-5014","1":"product","2":"type-product","3":"status-publish","4":"has-post-thumbnail","6":"product_cat-easy-opening-de","7":"product_tag-edelstahl","8":"product_tag-krustentiere","9":"product_tag-schneiden-de","11":"first","12":"instock","13":"shipping-taxable","14":"product-type-simple"},"_links":{"self":[{"href":"https:\/\/www.moha-swiss.com\/de\/wp-json\/wp\/v2\/product\/5014","targetHints":{"allow":["GET"]}}],"collection":[{"href":"https:\/\/www.moha-swiss.com\/de\/wp-json\/wp\/v2\/product"}],"about":[{"href":"https:\/\/www.moha-swiss.com\/de\/wp-json\/wp\/v2\/types\/product"}],"replies":[{"embeddable":true,"href":"https:\/\/www.moha-swiss.com\/de\/wp-json\/wp\/v2\/comments?post=5014"}],"wp:featuredmedia":[{"embeddable":true,"href":"https:\/\/www.moha-swiss.com\/de\/wp-json\/wp\/v2\/media\/16821"}],"wp:attachment":[{"href":"https:\/\/www.moha-swiss.com\/de\/wp-json\/wp\/v2\/media?parent=5014"}],"wp:term":[{"taxonomy":"product_brand","embeddable":true,"href":"https:\/\/www.moha-swiss.com\/de\/wp-json\/wp\/v2\/product_brand?post=5014"},{"taxonomy":"product_cat","embeddable":true,"href":"https:\/\/www.moha-swiss.com\/de\/wp-json\/wp\/v2\/product_cat?post=5014"},{"taxonomy":"product_tag","embeddable":true,"href":"https:\/\/www.moha-swiss.com\/de\/wp-json\/wp\/v2\/product_tag?post=5014"}],"curies":[{"name":"wp","href":"https:\/\/api.w.org\/{rel}","templated":true}]}}