{"id":4991,"date":"2014-12-21T22:50:44","date_gmt":"2014-12-21T20:50:44","guid":{"rendered":"http:\/\/www.moha-swiss.com\/de\/produit\/pela-tomato-45717\/"},"modified":"2019-02-07T12:15:13","modified_gmt":"2019-02-07T11:15:13","slug":"pela-tomato-6945717","status":"publish","type":"product","link":"https:\/\/www.moha-swiss.com\/de\/product\/pela-tomato-6945717\/","title":{"rendered":"PELA TOMATO 6945717"},"content":{"rendered":"<p><strong>Display 21 Stk.<\/strong><br \/>\n<strong>Universal-Sch\u00e4ler<\/strong><\/p>\n<p>Mit gezahnter Klinge f\u00fcr ein leichtes und effizientes Sch\u00e4len, inklusive der Gem\u00fcse und Fr\u00fcchte mit d\u00fcnner Haut (Tomaten, Kiwi).<br \/>\nMit 2 seitlichen Ausstechern.<br \/>\nErgonomischer Griff.<\/p>\n<p>H: 34,5 B: 25 cm T: 18 cm<br \/>\nRot transparent<br \/>\nLieferbar ebenfalls in gr\u00fcn transparent und schwarz<\/p>\n<p>&nbsp;<\/p>\n<input class=\"fooboxshare_post_id\" type=\"hidden\" value=\"4991\"\/>","protected":false},"excerpt":{"rendered":"<p><strong>Display 21 Stk.<\/strong><br \/>\n<strong>Universal-Sch\u00e4ler rot<\/strong><\/p>\n<p>Ideal zum Sch\u00e4len aller Gem\u00fcse und Fr\u00fcchte<\/p>\n","protected":false},"featured_media":2992,"comment_status":"closed","ping_status":"closed","template":"","meta":[],"product_brand":[],"product_cat":[71],"product_tag":[304,310,350,102,300],"class_list":{"0":"post-4991","1":"product","2":"type-product","3":"status-publish","4":"has-post-thumbnail","6":"product_cat-displays-de","7":"product_tag-fruechte","8":"product_tag-gemuese","9":"product_tag-rot","10":"product_tag-schalen-de","11":"product_tag-schaeler","13":"first","14":"instock","15":"shipping-taxable","16":"product-type-simple"},"_links":{"self":[{"href":"https:\/\/www.moha-swiss.com\/de\/wp-json\/wp\/v2\/product\/4991","targetHints":{"allow":["GET"]}}],"collection":[{"href":"https:\/\/www.moha-swiss.com\/de\/wp-json\/wp\/v2\/product"}],"about":[{"href":"https:\/\/www.moha-swiss.com\/de\/wp-json\/wp\/v2\/types\/product"}],"replies":[{"embeddable":true,"href":"https:\/\/www.moha-swiss.com\/de\/wp-json\/wp\/v2\/comments?post=4991"}],"wp:featuredmedia":[{"embeddable":true,"href":"https:\/\/www.moha-swiss.com\/de\/wp-json\/wp\/v2\/media\/2992"}],"wp:attachment":[{"href":"https:\/\/www.moha-swiss.com\/de\/wp-json\/wp\/v2\/media?parent=4991"}],"wp:term":[{"taxonomy":"product_brand","embeddable":true,"href":"https:\/\/www.moha-swiss.com\/de\/wp-json\/wp\/v2\/product_brand?post=4991"},{"taxonomy":"product_cat","embeddable":true,"href":"https:\/\/www.moha-swiss.com\/de\/wp-json\/wp\/v2\/product_cat?post=4991"},{"taxonomy":"product_tag","embeddable":true,"href":"https:\/\/www.moha-swiss.com\/de\/wp-json\/wp\/v2\/product_tag?post=4991"}],"curies":[{"name":"wp","href":"https:\/\/api.w.org\/{rel}","templated":true}]}}