{"id":4984,"date":"2014-12-21T22:51:34","date_gmt":"2014-12-21T20:51:34","guid":{"rendered":"http:\/\/www.moha-swiss.com\/de\/produit\/pela-potato-45710\/"},"modified":"2019-02-07T12:13:47","modified_gmt":"2019-02-07T11:13:47","slug":"pela-potato-6945710","status":"publish","type":"product","link":"https:\/\/www.moha-swiss.com\/de\/product\/pela-potato-6945710\/","title":{"rendered":"PELA POTATO 6945710"},"content":{"rendered":"<p><strong>Display 21 Stk.<br \/>\nUniversal-Sch\u00e4ler <\/strong><\/p>\n<p>Mit gezahnter Klinge f\u00fcr ein leichtes und effizientes Sch\u00e4len, inklusive der Gem\u00fcse und Fr\u00fcchte mit d\u00fcnner Haut (Tomaten, Kiwi).<br \/>\nMit 2 seitlichen Ausstechern.<br \/>\nErgonomischer Griff.<\/p>\n<p>H: 34,5 B: 25 cm T: 18 cm<br \/>\nschwarz, lieferbar ebenfalls in rot transparent und gr\u00fcn transparent<\/p>\n<input class=\"fooboxshare_post_id\" type=\"hidden\" value=\"4984\"\/>","protected":false},"excerpt":{"rendered":"<p><strong>Display 21 Stk.<\/strong><br \/>\n<strong>Universal-Sch\u00e4ler Schwarz<\/strong><\/p>\n<p>Ideal zum Sch\u00e4len aller Gem\u00fcse und Fr\u00fcchte<\/p>\n<p>&nbsp;<\/p>\n","protected":false},"featured_media":2996,"comment_status":"closed","ping_status":"closed","template":"","meta":[],"product_brand":[],"product_cat":[71],"product_tag":[304,310,102,300],"class_list":{"0":"post-4984","1":"product","2":"type-product","3":"status-publish","4":"has-post-thumbnail","6":"product_cat-displays-de","7":"product_tag-fruechte","8":"product_tag-gemuese","9":"product_tag-schalen-de","10":"product_tag-schaeler","12":"first","13":"instock","14":"shipping-taxable","15":"product-type-simple"},"_links":{"self":[{"href":"https:\/\/www.moha-swiss.com\/de\/wp-json\/wp\/v2\/product\/4984","targetHints":{"allow":["GET"]}}],"collection":[{"href":"https:\/\/www.moha-swiss.com\/de\/wp-json\/wp\/v2\/product"}],"about":[{"href":"https:\/\/www.moha-swiss.com\/de\/wp-json\/wp\/v2\/types\/product"}],"replies":[{"embeddable":true,"href":"https:\/\/www.moha-swiss.com\/de\/wp-json\/wp\/v2\/comments?post=4984"}],"wp:featuredmedia":[{"embeddable":true,"href":"https:\/\/www.moha-swiss.com\/de\/wp-json\/wp\/v2\/media\/2996"}],"wp:attachment":[{"href":"https:\/\/www.moha-swiss.com\/de\/wp-json\/wp\/v2\/media?parent=4984"}],"wp:term":[{"taxonomy":"product_brand","embeddable":true,"href":"https:\/\/www.moha-swiss.com\/de\/wp-json\/wp\/v2\/product_brand?post=4984"},{"taxonomy":"product_cat","embeddable":true,"href":"https:\/\/www.moha-swiss.com\/de\/wp-json\/wp\/v2\/product_cat?post=4984"},{"taxonomy":"product_tag","embeddable":true,"href":"https:\/\/www.moha-swiss.com\/de\/wp-json\/wp\/v2\/product_tag?post=4984"}],"curies":[{"name":"wp","href":"https:\/\/api.w.org\/{rel}","templated":true}]}}