{"id":24315,"date":"2026-04-25T16:32:40","date_gmt":"2026-04-25T15:32:40","guid":{"rendered":"https:\/\/www.moha-swiss.com\/?post_type=product&#038;p=24315"},"modified":"2026-04-25T16:58:07","modified_gmt":"2026-04-25T15:58:07","slug":"anti-splash-6982098","status":"publish","type":"product","link":"https:\/\/www.moha-swiss.com\/de\/product\/anti-splash-6982098\/","title":{"rendered":"ANTI-SPLASH 6982098"},"content":{"rendered":"<p><strong>Faltbarer Antispritzschutzdeckel<\/strong><\/p>\n<ul>\n<li>Hochwertiger Deckel aus Silikon und Edelstahl 18\/10.<\/li>\n<li>Vielseitig einsetzbar, ein Muss in jeder K\u00fcche.<\/li>\n<li>Er ist Multifunktional und erm\u00f6glicht es Ihnen, w\u00e4hrend des Garvorgangs zu kontrollieren und zu w\u00fcrzen, dank der zentralen \u00d6ffnung zu mixen und l\u00e4sst sich sehr leicht verstauen.<\/li>\n<\/ul>\n<p>&nbsp;<\/p>\n<p>Diam 30 cm<\/p>\n<p>Edelstahl 18\/10, Silikon<\/p>\n<input class=\"fooboxshare_post_id\" type=\"hidden\" value=\"24315\"\/>","protected":false},"excerpt":{"rendered":"<p><strong>Faltbarer Antispritzschutzdeckel<\/strong><\/p>\n<p><img loading=\"lazy\" decoding=\"async\" class=\"alignnone size-full wp-image-21\" src=\"https:\/\/www.moha-swiss.com\/wp-content\/uploads\/2014\/09\/icon-dishwasher.jpg\" alt=\"icon-dishwasher\" width=\"50\" height=\"65\" \/><\/p>\n","protected":false},"featured_media":24334,"comment_status":"closed","ping_status":"closed","template":"","meta":[],"product_brand":[],"product_cat":[63,218],"product_tag":[296,278,373,310,441,92,360],"class_list":{"0":"post-24315","1":"product","2":"type-product","3":"status-publish","4":"has-post-thumbnail","6":"product_cat-cooking-de","7":"product_cat-neuheiten-cooking","8":"product_tag-braten","9":"product_tag-edelstahl","10":"product_tag-fleisch","11":"product_tag-gemuese","12":"product_tag-pfanne","13":"product_tag-rund-ums-kochen-de","14":"product_tag-silikon","16":"first","17":"instock","18":"shipping-taxable","19":"product-type-simple"},"_links":{"self":[{"href":"https:\/\/www.moha-swiss.com\/de\/wp-json\/wp\/v2\/product\/24315","targetHints":{"allow":["GET"]}}],"collection":[{"href":"https:\/\/www.moha-swiss.com\/de\/wp-json\/wp\/v2\/product"}],"about":[{"href":"https:\/\/www.moha-swiss.com\/de\/wp-json\/wp\/v2\/types\/product"}],"replies":[{"embeddable":true,"href":"https:\/\/www.moha-swiss.com\/de\/wp-json\/wp\/v2\/comments?post=24315"}],"wp:featuredmedia":[{"embeddable":true,"href":"https:\/\/www.moha-swiss.com\/de\/wp-json\/wp\/v2\/media\/24334"}],"wp:attachment":[{"href":"https:\/\/www.moha-swiss.com\/de\/wp-json\/wp\/v2\/media?parent=24315"}],"wp:term":[{"taxonomy":"product_brand","embeddable":true,"href":"https:\/\/www.moha-swiss.com\/de\/wp-json\/wp\/v2\/product_brand?post=24315"},{"taxonomy":"product_cat","embeddable":true,"href":"https:\/\/www.moha-swiss.com\/de\/wp-json\/wp\/v2\/product_cat?post=24315"},{"taxonomy":"product_tag","embeddable":true,"href":"https:\/\/www.moha-swiss.com\/de\/wp-json\/wp\/v2\/product_tag?post=24315"}],"curies":[{"name":"wp","href":"https:\/\/api.w.org\/{rel}","templated":true}]}}