{"id":23194,"date":"2023-11-08T14:14:33","date_gmt":"2023-11-08T13:14:33","guid":{"rendered":"https:\/\/www.moha-swiss.com\/?post_type=product&#038;p=23194"},"modified":"2024-11-11T14:44:49","modified_gmt":"2024-11-11T13:44:49","slug":"preciso-6965001","status":"publish","type":"product","link":"https:\/\/www.moha-swiss.com\/de\/product\/preciso-6965001\/","title":{"rendered":"PRECISO 6965001"},"content":{"rendered":"<p><strong>Messbecher mit einfacher Ablesung von oben<\/strong><\/p>\n<p>\u2022 Messbecher 1000ml<br \/>\n\u2022 Das genaue F\u00fcllen des Messbechers ist extrem einfach, da die schr\u00e4ge Skala von oben abgelesen werden kann. Auf diese Weise entf\u00e4llt das wiederholte Bef\u00fcllen, Kontrollieren und Justieren.<br \/>\n\u2022 Pflegeleicht, sp\u00fclmaschinenfest.<\/p>\n<p>&nbsp;<br \/>\n20.8 cm x 12.9 cm x 12.3 cm<br \/>\nMS, TPR<\/p>\n<input class=\"fooboxshare_post_id\" type=\"hidden\" value=\"23194\"\/>","protected":false},"excerpt":{"rendered":"<p><strong>Messbecher<\/strong><\/p>\n<p>&nbsp;<br \/>\n\n<div data-mode=\"normal\" data-oembed=\"1\" data-provider=\"vimeo\" id=\"arve-vimeo-1028408120\" style=\"max-width:740px;\" class=\"arve aligncenter\">\n\t<div class=\"arve-inner\">\n\t\t<div style=\"aspect-ratio:510\/287\" class=\"arve-embed arve-embed--has-aspect-ratio\">\n\t\t\t<div class=\"arve-ar\" style=\"padding-top:56.274510%\"><\/div>\n\t\t\t<iframe allow=\"accelerometer &apos;none&apos;;autoplay &apos;none&apos;;bluetooth &apos;none&apos;;browsing-topics &apos;none&apos;;camera &apos;none&apos;;clipboard-read &apos;none&apos;;clipboard-write;display-capture &apos;none&apos;;encrypted-media &apos;none&apos;;gamepad &apos;none&apos;;geolocation &apos;none&apos;;gyroscope &apos;none&apos;;hid &apos;none&apos;;identity-credentials-get &apos;none&apos;;idle-detection &apos;none&apos;;keyboard-map &apos;none&apos;;local-fonts;magnetometer &apos;none&apos;;microphone &apos;none&apos;;midi &apos;none&apos;;otp-credentials &apos;none&apos;;payment &apos;none&apos;;picture-in-picture;publickey-credentials-create &apos;none&apos;;publickey-credentials-get &apos;none&apos;;screen-wake-lock &apos;none&apos;;serial &apos;none&apos;;summarizer &apos;none&apos;;sync-xhr;usb &apos;none&apos;;web-share;window-management &apos;none&apos;;xr-spatial-tracking &apos;none&apos;;\" allowfullscreen=\"\" class=\"arve-iframe fitvidsignore\" credentialless data-arve=\"arve-vimeo-1028408120\" data-lenis-prevent=\"\" data-src-no-ap=\"https:\/\/player.vimeo.com\/video\/1028408120?dnt=1&amp;app_id=122963&amp;html5=1&amp;title=0&amp;byline=0&amp;portrait=0&amp;autoplay=0\" frameborder=\"0\" height=\"416.43137254902\" loading=\"lazy\" name=\"\" referrerpolicy=\"strict-origin-when-cross-origin\" sandbox=\"allow-scripts allow-same-origin allow-presentation allow-popups allow-popups-to-escape-sandbox allow-forms\" scrolling=\"no\" src=\"https:\/\/player.vimeo.com\/video\/1028408120?dnt=1&#038;app_id=122963&#038;html5=1&#038;title=0&#038;byline=0&#038;portrait=0&#038;autoplay=0\" title=\"\" width=\"740\"><\/iframe>\n\t\t\t\n\t\t<\/div>\n\t\t\n\t<\/div>\n\t\n\t\n\t<script type=\"application\/ld+json\">{\"@context\":\"http:\\\/\\\/schema.org\\\/\",\"@id\":\"https:\\\/\\\/www.moha-swiss.com\\\/de\\\/product\\\/preciso-6965001\\\/#arve-vimeo-1028408120\",\"@type\":\"VideoObject\",\"embedURL\":\"https:\\\/\\\/player.vimeo.com\\\/video\\\/1028408120?dnt=1&app_id=122963&html5=1&title=0&byline=0&portrait=0&autoplay=0\"}<\/script>\n\t\n<\/div>\n<p>&nbsp;<\/p>\n<p><img loading=\"lazy\" decoding=\"async\" class=\"alignnone size-full wp-image-21\" src=\"https:\/\/www.moha-swiss.com\/wp-content\/uploads\/2014\/09\/icon-dishwasher.jpg\" alt=\"icon-dishwasher\" width=\"50\" height=\"65\"><\/p>\n","protected":false},"featured_media":23198,"comment_status":"closed","ping_status":"closed","template":"","meta":[],"product_brand":[],"product_cat":[67,220],"product_tag":[367],"class_list":{"0":"post-23194","1":"product","2":"type-product","3":"status-publish","4":"has-post-thumbnail","6":"product_cat-dessert-pastries-de","7":"product_cat-neuheiten-after-dinner","8":"product_tag-vorlegeteile","10":"first","11":"instock","12":"shipping-taxable","13":"product-type-simple"},"_links":{"self":[{"href":"https:\/\/www.moha-swiss.com\/de\/wp-json\/wp\/v2\/product\/23194","targetHints":{"allow":["GET"]}}],"collection":[{"href":"https:\/\/www.moha-swiss.com\/de\/wp-json\/wp\/v2\/product"}],"about":[{"href":"https:\/\/www.moha-swiss.com\/de\/wp-json\/wp\/v2\/types\/product"}],"replies":[{"embeddable":true,"href":"https:\/\/www.moha-swiss.com\/de\/wp-json\/wp\/v2\/comments?post=23194"}],"wp:featuredmedia":[{"embeddable":true,"href":"https:\/\/www.moha-swiss.com\/de\/wp-json\/wp\/v2\/media\/23198"}],"wp:attachment":[{"href":"https:\/\/www.moha-swiss.com\/de\/wp-json\/wp\/v2\/media?parent=23194"}],"wp:term":[{"taxonomy":"product_brand","embeddable":true,"href":"https:\/\/www.moha-swiss.com\/de\/wp-json\/wp\/v2\/product_brand?post=23194"},{"taxonomy":"product_cat","embeddable":true,"href":"https:\/\/www.moha-swiss.com\/de\/wp-json\/wp\/v2\/product_cat?post=23194"},{"taxonomy":"product_tag","embeddable":true,"href":"https:\/\/www.moha-swiss.com\/de\/wp-json\/wp\/v2\/product_tag?post=23194"}],"curies":[{"name":"wp","href":"https:\/\/api.w.org\/{rel}","templated":true}]}}