{"id":23176,"date":"2023-11-08T10:35:53","date_gmt":"2023-11-08T09:35:53","guid":{"rendered":"https:\/\/www.moha-swiss.com\/?post_type=product&#038;p=23176"},"modified":"2024-11-11T14:40:21","modified_gmt":"2024-11-11T13:40:21","slug":"mandolina-6925218","status":"publish","type":"product","link":"https:\/\/www.moha-swiss.com\/de\/product\/mandolina-6925218\/","title":{"rendered":"MANDOLINA 6925218"},"content":{"rendered":"<p><strong>Einstellbarer V Gem\u00fcsehobel<\/strong><\/p>\n<p>\u2022 Sehr kompakt, MANDOLINA ist der ideale K\u00fcchenhelfer f\u00fcr das schnelle, gleichm\u00e4\u00dfige und sichere Schneiden von Obst und Gem\u00fcse<br \/>\n\u2022 2 Schneidem\u00f6glichkeiten: Scheiben oder Julienne, dank des umkehrbaren Schneideinsatzes<br \/>\n\u2022 Mit dem seitlichen R\u00e4dchen k\u00f6nnen Sie die Schnittdicke einstellen: 1,5 mm, 2,5 mm und 3,5 mm<br \/>\n\u2022 Ergonomischer Griff und rutschfester Fu\u00df f\u00fcr einen angenehmen und sicheren Halt<br \/>\n\u2022 Mit Fingerschutz.<\/p>\n<p>&nbsp;<br \/>\n29.6 cm x 12.2 cm x 6.4 cm<br \/>\nPP, TPR, Edelstahl<\/p>\n<input class=\"fooboxshare_post_id\" type=\"hidden\" value=\"23176\"\/>","protected":false},"excerpt":{"rendered":"<p><strong>Einstellbarer V Gem\u00fcsehobel<\/strong><br \/>\nEdelstahl und Silikon<\/p>\n<p>&nbsp;<br \/>\n\n<div data-mode=\"normal\" data-oembed=\"1\" data-provider=\"vimeo\" id=\"arve-vimeo-1028405630\" style=\"max-width:740px;\" class=\"arve aligncenter\">\n\t<div class=\"arve-inner\">\n\t\t<div style=\"aspect-ratio:510\/287\" class=\"arve-embed arve-embed--has-aspect-ratio\">\n\t\t\t<div class=\"arve-ar\" style=\"padding-top:56.274510%\"><\/div>\n\t\t\t<iframe allow=\"accelerometer &apos;none&apos;;autoplay &apos;none&apos;;bluetooth &apos;none&apos;;browsing-topics &apos;none&apos;;camera &apos;none&apos;;clipboard-read &apos;none&apos;;clipboard-write;display-capture &apos;none&apos;;encrypted-media &apos;none&apos;;gamepad &apos;none&apos;;geolocation &apos;none&apos;;gyroscope &apos;none&apos;;hid &apos;none&apos;;identity-credentials-get &apos;none&apos;;idle-detection &apos;none&apos;;keyboard-map &apos;none&apos;;local-fonts;magnetometer &apos;none&apos;;microphone &apos;none&apos;;midi &apos;none&apos;;otp-credentials &apos;none&apos;;payment &apos;none&apos;;picture-in-picture;publickey-credentials-create &apos;none&apos;;publickey-credentials-get &apos;none&apos;;screen-wake-lock &apos;none&apos;;serial &apos;none&apos;;summarizer &apos;none&apos;;sync-xhr;usb &apos;none&apos;;web-share;window-management &apos;none&apos;;xr-spatial-tracking &apos;none&apos;;\" allowfullscreen=\"\" class=\"arve-iframe fitvidsignore\" credentialless data-arve=\"arve-vimeo-1028405630\" data-lenis-prevent=\"\" data-src-no-ap=\"https:\/\/player.vimeo.com\/video\/1028405630?dnt=1&amp;app_id=122963&amp;html5=1&amp;title=0&amp;byline=0&amp;portrait=0&amp;autoplay=0\" frameborder=\"0\" height=\"416.43137254902\" loading=\"lazy\" name=\"\" referrerpolicy=\"strict-origin-when-cross-origin\" sandbox=\"allow-scripts allow-same-origin allow-presentation allow-popups allow-popups-to-escape-sandbox allow-forms\" scrolling=\"no\" src=\"https:\/\/player.vimeo.com\/video\/1028405630?dnt=1&#038;app_id=122963&#038;html5=1&#038;title=0&#038;byline=0&#038;portrait=0&#038;autoplay=0\" title=\"\" width=\"740\"><\/iframe>\n\t\t\t\n\t\t<\/div>\n\t\t\n\t<\/div>\n\t\n\t\n\t<script type=\"application\/ld+json\">{\"@context\":\"http:\\\/\\\/schema.org\\\/\",\"@id\":\"https:\\\/\\\/www.moha-swiss.com\\\/de\\\/product\\\/mandolina-6925218\\\/#arve-vimeo-1028405630\",\"type\":\"VideoObject\",\"embedURL\":\"https:\\\/\\\/player.vimeo.com\\\/video\\\/1028405630?dnt=1&app_id=122963&html5=1&title=0&byline=0&portrait=0&autoplay=0\"}<\/script>\n\t\n<\/div>\n<p>&nbsp;<\/p>\n<p><img loading=\"lazy\" decoding=\"async\" class=\"alignnone size-full wp-image-21\" src=\"https:\/\/www.moha-swiss.com\/wp-content\/uploads\/2014\/09\/icon-dishwasher.jpg\" alt=\"icon-dishwasher\" width=\"50\" height=\"65\"><\/p>\n","protected":false},"featured_media":23186,"comment_status":"closed","ping_status":"closed","template":"","meta":[],"product_brand":[],"product_cat":[51,213],"product_tag":[365,310,290,330,429,98],"class_list":{"0":"post-23176","1":"product","2":"type-product","3":"status-publish","4":"has-post-thumbnail","6":"product_cat-chopping-cutting-de","7":"product_cat-neuheiten-chopping-cutting","8":"product_tag-extra-scharf","9":"product_tag-gemuese","10":"product_tag-gemuesehobel","11":"product_tag-kartoffeln","12":"product_tag-mandoline-de","13":"product_tag-schneiden-de","15":"first","16":"instock","17":"shipping-taxable","18":"product-type-simple"},"_links":{"self":[{"href":"https:\/\/www.moha-swiss.com\/de\/wp-json\/wp\/v2\/product\/23176","targetHints":{"allow":["GET"]}}],"collection":[{"href":"https:\/\/www.moha-swiss.com\/de\/wp-json\/wp\/v2\/product"}],"about":[{"href":"https:\/\/www.moha-swiss.com\/de\/wp-json\/wp\/v2\/types\/product"}],"replies":[{"embeddable":true,"href":"https:\/\/www.moha-swiss.com\/de\/wp-json\/wp\/v2\/comments?post=23176"}],"wp:featuredmedia":[{"embeddable":true,"href":"https:\/\/www.moha-swiss.com\/de\/wp-json\/wp\/v2\/media\/23186"}],"wp:attachment":[{"href":"https:\/\/www.moha-swiss.com\/de\/wp-json\/wp\/v2\/media?parent=23176"}],"wp:term":[{"taxonomy":"product_brand","embeddable":true,"href":"https:\/\/www.moha-swiss.com\/de\/wp-json\/wp\/v2\/product_brand?post=23176"},{"taxonomy":"product_cat","embeddable":true,"href":"https:\/\/www.moha-swiss.com\/de\/wp-json\/wp\/v2\/product_cat?post=23176"},{"taxonomy":"product_tag","embeddable":true,"href":"https:\/\/www.moha-swiss.com\/de\/wp-json\/wp\/v2\/product_tag?post=23176"}],"curies":[{"name":"wp","href":"https:\/\/api.w.org\/{rel}","templated":true}]}}