{"id":23083,"date":"2023-11-08T09:04:03","date_gmt":"2023-11-08T08:04:04","guid":{"rendered":"https:\/\/www.moha-swiss.com\/?post_type=product&#038;p=23083"},"modified":"2023-11-08T14:41:05","modified_gmt":"2023-11-08T13:41:05","slug":"sesam-5-in-1-6960513","status":"publish","type":"product","link":"https:\/\/www.moha-swiss.com\/de\/product\/sesam-5-in-1-6960513\/","title":{"rendered":"SESAM 5 in 1 6960513"},"content":{"rendered":"<p><strong>Multifunktions Sicherheits\u00f6ffner<\/strong><\/p>\n<p>\u2022 Sicherheitsdosen\u00f6ffner: schneidet Dosenau\u00dfenrand und hinterl\u00e4sst keine scharfen Kanten<br \/>\n\u2022 Schraubdeckel\u00f6ffner: durch die Entweichung des Vakuums, kann der Deckel sehr leicht aufgedreht werden<br \/>\n\u2022 Zugring Dosen\u00f6ffner: die Einbuchtung f\u00fcr den Zugring anpassen &amp; \u00f6ffnen<br \/>\n\u2022 Kapselheber: einfach aufsetzen &amp; \u00f6ffnen<br \/>\n\u2022 PET-Flaschen\u00f6ffner: einfach aufsetzen &amp; \u00f6ffnen.<\/p>\n<p>H 12 cm<\/p>\n<input class=\"fooboxshare_post_id\" type=\"hidden\" value=\"23083\"\/>","protected":false},"excerpt":{"rendered":"<p><strong>Multifunktions Sicherheits\u00f6ffner<\/strong><\/p>\n<p>H 12 cm <\/p>\n","protected":false},"featured_media":23087,"comment_status":"closed","ping_status":"closed","template":"","meta":[],"product_brand":[],"product_cat":[45],"product_tag":[324,108],"class_list":{"0":"post-23083","1":"product","2":"type-product","3":"status-publish","4":"has-post-thumbnail","6":"product_cat-easy-opening-de","7":"product_tag-dosenoeffner","8":"product_tag-offnen-de","10":"first","11":"instock","12":"shipping-taxable","13":"product-type-simple"},"_links":{"self":[{"href":"https:\/\/www.moha-swiss.com\/de\/wp-json\/wp\/v2\/product\/23083","targetHints":{"allow":["GET"]}}],"collection":[{"href":"https:\/\/www.moha-swiss.com\/de\/wp-json\/wp\/v2\/product"}],"about":[{"href":"https:\/\/www.moha-swiss.com\/de\/wp-json\/wp\/v2\/types\/product"}],"replies":[{"embeddable":true,"href":"https:\/\/www.moha-swiss.com\/de\/wp-json\/wp\/v2\/comments?post=23083"}],"wp:featuredmedia":[{"embeddable":true,"href":"https:\/\/www.moha-swiss.com\/de\/wp-json\/wp\/v2\/media\/23087"}],"wp:attachment":[{"href":"https:\/\/www.moha-swiss.com\/de\/wp-json\/wp\/v2\/media?parent=23083"}],"wp:term":[{"taxonomy":"product_brand","embeddable":true,"href":"https:\/\/www.moha-swiss.com\/de\/wp-json\/wp\/v2\/product_brand?post=23083"},{"taxonomy":"product_cat","embeddable":true,"href":"https:\/\/www.moha-swiss.com\/de\/wp-json\/wp\/v2\/product_cat?post=23083"},{"taxonomy":"product_tag","embeddable":true,"href":"https:\/\/www.moha-swiss.com\/de\/wp-json\/wp\/v2\/product_tag?post=23083"}],"curies":[{"name":"wp","href":"https:\/\/api.w.org\/{rel}","templated":true}]}}