{"id":22696,"date":"2023-09-05T09:49:00","date_gmt":"2023-09-05T08:49:01","guid":{"rendered":"https:\/\/www.moha-swiss.com\/?post_type=product&#038;p=22696"},"modified":"2023-11-21T11:40:12","modified_gmt":"2023-11-21T10:40:12","slug":"cutbox-6925239","status":"publish","type":"product","link":"https:\/\/www.moha-swiss.com\/de\/product\/cutbox-6925239\/","title":{"rendered":"CUT BOX 6925239"},"content":{"rendered":"<p><strong>Pommes-und Gem\u00fcseschneider<\/strong><\/p>\n<p>Multifunktional, es erm\u00f6glicht Ihnen, schnell und sicher Obst und Gem\u00fcse auf verschiedene Weisen zu schneiden, dank der 3 wechselbaren Gitter :<\/p>\n<p>1. 0.6cm x 0.6cm: ideal f\u00fcr Streichholzpommes.<\/p>\n<p>2. 0.9cm x 0.9cm: ideal f\u00fcr Pommes oder andere Gem\u00fcsest\u00e4bchen.<\/p>\n<p>3. Schneidgitter Sechstel : Ideal f\u00fcr Kartoffeln und Zitrusfr\u00fcchte.<\/p>\n<p>Einfach das Schnittgut auf den Gitter legen und mit dem Dr\u00fccker durch die extrem scharfen Klingen pressen &#8211; fertig.<\/p>\n<p>&nbsp;<\/p>\n<p>17 x 13 x 10.5 cm<br \/>\nABS, PS, PP, Edelstahl<\/p>\n<input class=\"fooboxshare_post_id\" type=\"hidden\" value=\"22696\"\/>","protected":false},"excerpt":{"rendered":"<p><strong>Pommes-und Gem\u00fcseschneider<\/strong><\/p>\n<p>17 x 13 x 10.5 cm<br \/>\nABS, PS, PP, Edelstahl<\/p>\n<p>&nbsp;<br \/>\n\n<div data-mode=\"normal\" data-oembed=\"1\" data-provider=\"vimeo\" id=\"arve-vimeo-886803079\" style=\"max-width:740px;\" class=\"arve aligncenter\">\n\t<div class=\"arve-inner\">\n\t\t<div style=\"aspect-ratio:510\/287\" class=\"arve-embed arve-embed--has-aspect-ratio\">\n\t\t\t<div class=\"arve-ar\" style=\"padding-top:56.274510%\"><\/div>\n\t\t\t<iframe allow=\"accelerometer &apos;none&apos;;autoplay &apos;none&apos;;bluetooth &apos;none&apos;;browsing-topics &apos;none&apos;;camera &apos;none&apos;;clipboard-read &apos;none&apos;;clipboard-write;display-capture &apos;none&apos;;encrypted-media &apos;none&apos;;gamepad &apos;none&apos;;geolocation &apos;none&apos;;gyroscope &apos;none&apos;;hid &apos;none&apos;;identity-credentials-get &apos;none&apos;;idle-detection &apos;none&apos;;keyboard-map &apos;none&apos;;local-fonts;magnetometer &apos;none&apos;;microphone &apos;none&apos;;midi &apos;none&apos;;otp-credentials &apos;none&apos;;payment &apos;none&apos;;picture-in-picture;publickey-credentials-create &apos;none&apos;;publickey-credentials-get &apos;none&apos;;screen-wake-lock &apos;none&apos;;serial &apos;none&apos;;summarizer &apos;none&apos;;sync-xhr;usb &apos;none&apos;;web-share;window-management &apos;none&apos;;xr-spatial-tracking &apos;none&apos;;\" allowfullscreen=\"\" class=\"arve-iframe fitvidsignore\" credentialless data-arve=\"arve-vimeo-886803079\" data-lenis-prevent=\"\" data-src-no-ap=\"https:\/\/player.vimeo.com\/video\/886803079?dnt=1&amp;app_id=122963&amp;html5=1&amp;title=0&amp;byline=0&amp;portrait=0&amp;autoplay=0\" frameborder=\"0\" height=\"416.43137254902\" loading=\"lazy\" name=\"\" referrerpolicy=\"strict-origin-when-cross-origin\" sandbox=\"allow-scripts allow-same-origin allow-presentation allow-popups allow-popups-to-escape-sandbox allow-forms\" scrolling=\"no\" src=\"https:\/\/player.vimeo.com\/video\/886803079?dnt=1&#038;app_id=122963&#038;html5=1&#038;title=0&#038;byline=0&#038;portrait=0&#038;autoplay=0\" title=\"\" width=\"740\"><\/iframe>\n\t\t\t\n\t\t<\/div>\n\t\t\n\t<\/div>\n\t\n\t\n\t<script type=\"application\/ld+json\">{\"@context\":\"http:\\\/\\\/schema.org\\\/\",\"@id\":\"https:\\\/\\\/www.moha-swiss.com\\\/de\\\/product\\\/cutbox-6925239\\\/#arve-vimeo-886803079\",\"type\":\"VideoObject\",\"embedURL\":\"https:\\\/\\\/player.vimeo.com\\\/video\\\/886803079?dnt=1&app_id=122963&html5=1&title=0&byline=0&portrait=0&autoplay=0\"}<\/script>\n\t\n<\/div>\n<p>&nbsp;<\/p>\n<p><img loading=\"lazy\" decoding=\"async\" class=\"alignnone size-full wp-image-21\" src=\"https:\/\/www.moha-swiss.com\/wp-content\/uploads\/2014\/09\/icon-dishwasher.jpg\" alt=\"icon-dishwasher\" width=\"50\" height=\"65\" \/><\/p>\n","protected":false},"featured_media":22717,"comment_status":"closed","ping_status":"closed","template":"","meta":[],"product_brand":[],"product_cat":[51,213],"product_tag":[365,310,290,330,429,98],"class_list":{"0":"post-22696","1":"product","2":"type-product","3":"status-publish","4":"has-post-thumbnail","6":"product_cat-chopping-cutting-de","7":"product_cat-neuheiten-chopping-cutting","8":"product_tag-extra-scharf","9":"product_tag-gemuese","10":"product_tag-gemuesehobel","11":"product_tag-kartoffeln","12":"product_tag-mandoline-de","13":"product_tag-schneiden-de","15":"first","16":"instock","17":"shipping-taxable","18":"product-type-simple"},"_links":{"self":[{"href":"https:\/\/www.moha-swiss.com\/de\/wp-json\/wp\/v2\/product\/22696","targetHints":{"allow":["GET"]}}],"collection":[{"href":"https:\/\/www.moha-swiss.com\/de\/wp-json\/wp\/v2\/product"}],"about":[{"href":"https:\/\/www.moha-swiss.com\/de\/wp-json\/wp\/v2\/types\/product"}],"replies":[{"embeddable":true,"href":"https:\/\/www.moha-swiss.com\/de\/wp-json\/wp\/v2\/comments?post=22696"}],"wp:featuredmedia":[{"embeddable":true,"href":"https:\/\/www.moha-swiss.com\/de\/wp-json\/wp\/v2\/media\/22717"}],"wp:attachment":[{"href":"https:\/\/www.moha-swiss.com\/de\/wp-json\/wp\/v2\/media?parent=22696"}],"wp:term":[{"taxonomy":"product_brand","embeddable":true,"href":"https:\/\/www.moha-swiss.com\/de\/wp-json\/wp\/v2\/product_brand?post=22696"},{"taxonomy":"product_cat","embeddable":true,"href":"https:\/\/www.moha-swiss.com\/de\/wp-json\/wp\/v2\/product_cat?post=22696"},{"taxonomy":"product_tag","embeddable":true,"href":"https:\/\/www.moha-swiss.com\/de\/wp-json\/wp\/v2\/product_tag?post=22696"}],"curies":[{"name":"wp","href":"https:\/\/api.w.org\/{rel}","templated":true}]}}