{"id":22275,"date":"2023-03-14T15:40:57","date_gmt":"2023-03-14T14:40:58","guid":{"rendered":"https:\/\/www.moha-swiss.com\/?post_type=product&#038;p=22275"},"modified":"2023-05-25T13:06:14","modified_gmt":"2023-05-25T12:06:14","slug":"scala-6981111","status":"publish","type":"product","link":"https:\/\/www.moha-swiss.com\/de\/product\/scala-6981111\/","title":{"rendered":"SCALA 6981111"},"content":{"rendered":"<p><strong>Batteriefreie K\u00fcchenwaage<\/strong><\/p>\n<p>\u2022 Umweltfreundlich: Energieerzeugung durch mehrmaliges \u00d6ffnen\/Schlie\u00dfen der Waage.<br \/>\n\u2022 Faltbares Design: platzsparend<br \/>\n\u2022 Verstellbar, um eine stabile Basis f\u00fcr gro\u00dfe Beh\u00e4lter zu bilden<br \/>\n\u2022 Pr\u00e4zise Messung in Einheiten von 1g und bis zu 5Kg.<br \/>\n\u2022 2 Gewichtseinheiten: g\/kg und lb\/oz.<br \/>\n\u2022 Volumenmessung von Wasser und Milch (ml und fl. oz).<br \/>\n\u2022 Zuwiegefunktion<br \/>\n\u2022 Schaltet sich automatisch aus<\/p>\n<p>H 4cm W 26,5cm D 7cm<br \/>\nABS, Edelstahl<\/p>\n<input class=\"fooboxshare_post_id\" type=\"hidden\" value=\"22275\"\/>","protected":false},"excerpt":{"rendered":"<p><strong>Batteriefreie K\u00fcchenwaage<\/strong><br \/>\n&nbsp;<br \/>\n\n<div data-mode=\"normal\" data-oembed=\"1\" data-provider=\"vimeo\" id=\"arve-vimeo-830094046\" style=\"max-width:740px;\" class=\"arve aligncenter\">\n\t<div class=\"arve-inner\">\n\t\t<div style=\"aspect-ratio:510\/287\" class=\"arve-embed arve-embed--has-aspect-ratio\">\n\t\t\t<div class=\"arve-ar\" style=\"padding-top:56.274510%\"><\/div>\n\t\t\t<iframe allow=\"accelerometer &apos;none&apos;;autoplay &apos;none&apos;;bluetooth &apos;none&apos;;browsing-topics &apos;none&apos;;camera &apos;none&apos;;clipboard-read &apos;none&apos;;clipboard-write;display-capture &apos;none&apos;;encrypted-media &apos;none&apos;;gamepad &apos;none&apos;;geolocation &apos;none&apos;;gyroscope &apos;none&apos;;hid &apos;none&apos;;identity-credentials-get &apos;none&apos;;idle-detection &apos;none&apos;;keyboard-map &apos;none&apos;;local-fonts;magnetometer &apos;none&apos;;microphone &apos;none&apos;;midi &apos;none&apos;;otp-credentials &apos;none&apos;;payment &apos;none&apos;;picture-in-picture;publickey-credentials-create &apos;none&apos;;publickey-credentials-get &apos;none&apos;;screen-wake-lock &apos;none&apos;;serial &apos;none&apos;;summarizer &apos;none&apos;;sync-xhr;usb &apos;none&apos;;web-share;window-management &apos;none&apos;;xr-spatial-tracking &apos;none&apos;;\" allowfullscreen=\"\" class=\"arve-iframe fitvidsignore\" credentialless data-arve=\"arve-vimeo-830094046\" data-lenis-prevent=\"\" data-src-no-ap=\"https:\/\/player.vimeo.com\/video\/830094046?dnt=1&amp;app_id=122963&amp;html5=1&amp;title=0&amp;byline=0&amp;portrait=0&amp;autoplay=0\" frameborder=\"0\" height=\"416.43137254902\" loading=\"lazy\" name=\"\" referrerpolicy=\"strict-origin-when-cross-origin\" sandbox=\"allow-scripts allow-same-origin allow-presentation allow-popups allow-popups-to-escape-sandbox allow-forms\" scrolling=\"no\" src=\"https:\/\/player.vimeo.com\/video\/830094046?dnt=1&#038;app_id=122963&#038;html5=1&#038;title=0&#038;byline=0&#038;portrait=0&#038;autoplay=0\" title=\"\" width=\"740\"><\/iframe>\n\t\t\t\n\t\t<\/div>\n\t\t\n\t<\/div>\n\t\n\t\n\t<script type=\"application\/ld+json\">{\"@context\":\"http:\\\/\\\/schema.org\\\/\",\"@id\":\"https:\\\/\\\/www.moha-swiss.com\\\/de\\\/product\\\/scala-6981111\\\/#arve-vimeo-830094046\",\"@type\":\"VideoObject\",\"embedURL\":\"https:\\\/\\\/player.vimeo.com\\\/video\\\/830094046?dnt=1&app_id=122963&html5=1&title=0&byline=0&portrait=0&autoplay=0\"}<\/script>\n\t\n<\/div>\n<p>H 4cm W 26,5cm D 7cm<br \/>\nABS, Edelstahl<\/p>\n","protected":false},"featured_media":22279,"comment_status":"closed","ping_status":"closed","template":"","meta":[],"product_brand":[],"product_cat":[67,220],"product_tag":[587],"class_list":{"0":"post-22275","1":"product","2":"type-product","3":"status-publish","4":"has-post-thumbnail","6":"product_cat-dessert-pastries-de","7":"product_cat-neuheiten-after-dinner","8":"product_tag-rund-ums-kochen","10":"first","11":"instock","12":"featured","13":"shipping-taxable","14":"product-type-simple"},"_links":{"self":[{"href":"https:\/\/www.moha-swiss.com\/de\/wp-json\/wp\/v2\/product\/22275","targetHints":{"allow":["GET"]}}],"collection":[{"href":"https:\/\/www.moha-swiss.com\/de\/wp-json\/wp\/v2\/product"}],"about":[{"href":"https:\/\/www.moha-swiss.com\/de\/wp-json\/wp\/v2\/types\/product"}],"replies":[{"embeddable":true,"href":"https:\/\/www.moha-swiss.com\/de\/wp-json\/wp\/v2\/comments?post=22275"}],"wp:featuredmedia":[{"embeddable":true,"href":"https:\/\/www.moha-swiss.com\/de\/wp-json\/wp\/v2\/media\/22279"}],"wp:attachment":[{"href":"https:\/\/www.moha-swiss.com\/de\/wp-json\/wp\/v2\/media?parent=22275"}],"wp:term":[{"taxonomy":"product_brand","embeddable":true,"href":"https:\/\/www.moha-swiss.com\/de\/wp-json\/wp\/v2\/product_brand?post=22275"},{"taxonomy":"product_cat","embeddable":true,"href":"https:\/\/www.moha-swiss.com\/de\/wp-json\/wp\/v2\/product_cat?post=22275"},{"taxonomy":"product_tag","embeddable":true,"href":"https:\/\/www.moha-swiss.com\/de\/wp-json\/wp\/v2\/product_tag?post=22275"}],"curies":[{"name":"wp","href":"https:\/\/api.w.org\/{rel}","templated":true}]}}