{"id":19638,"date":"2022-02-09T09:25:01","date_gmt":"2022-02-09T08:25:01","guid":{"rendered":"https:\/\/www.moha-swiss.com\/?post_type=product&#038;p=19638"},"modified":"2022-04-04T07:02:25","modified_gmt":"2022-04-04T06:02:25","slug":"vertico-6925205","status":"publish","type":"product","link":"https:\/\/www.moha-swiss.com\/de\/product\/vertico-6925205\/","title":{"rendered":"VERTICO 6925205"},"content":{"rendered":"<p><strong>Vertikale Gem\u00fcsehobel<\/strong><\/p>\n<ul>\n<li>Vertico ist ein neues Gem\u00fcsehobel mit einem v\u00f6llig innovativen Konzept. Dank der vertikalen Position und des Druckknopfes bietet sie Ihnen absolute Sicherheit ohne Verletzungsgefahr beim Schneiden Ihres Lieblingsgem\u00fcses oder -obstes.<\/li>\n<li>Die Basis mit rutschfestem Gummi und zwei Saugn\u00e4pfen sorgt f\u00fcr einen sicheren Stand auf der Arbeitsfl\u00e4che.<br \/>\nMehrere Schneidem\u00f6glichkeiten (Elemente, die leicht zur Seite geschoben werden k\u00f6nnen) :<br \/>\n&#8211; Julienne fein 3,5 mm<br \/>\n&#8211; Julienne mittel 7 mm (Gem\u00fcsesticks f\u00fcr Aperitife)<br \/>\n&#8211; Schneiden in d\u00fcnne Scheiben 2 mm (Gem\u00fcse und sogar Trockenwurst)<br \/>\n&#8211; Schneiden in mittlere Scheiben 4 mm<\/li>\n<li>Dank des einklappbaren Fu\u00dfes ist Vertico sehr platzsparend. Sehr pflegeleicht, sp\u00fclmaschinengeeignet.<\/li>\n<\/ul>\n<p>H 29 cm W 10 cm D 10 cm<\/p>\n<input class=\"fooboxshare_post_id\" type=\"hidden\" value=\"19638\"\/>","protected":false},"excerpt":{"rendered":"<p><strong>Vertikale Gem\u00fcsehobel<\/strong><\/p>\n<p>Vertikale Gem\u00fcsehobel in alle Sicherheit<\/p>\n<p>H 29 cm W 10 cm D 10 cm<br \/>\n&nbsp;<br \/>\n\n<div data-mode=\"normal\" data-oembed=\"1\" data-provider=\"vimeo\" id=\"arve-vimeo-695572855\" style=\"max-width:740px;\" class=\"arve aligncenter\">\n\t<div class=\"arve-inner\">\n\t\t<div style=\"aspect-ratio:510\/287\" class=\"arve-embed arve-embed--has-aspect-ratio\">\n\t\t\t<div class=\"arve-ar\" style=\"padding-top:56.274510%\"><\/div>\n\t\t\t<iframe allow=\"accelerometer &apos;none&apos;;autoplay &apos;none&apos;;bluetooth &apos;none&apos;;browsing-topics &apos;none&apos;;camera &apos;none&apos;;clipboard-read &apos;none&apos;;clipboard-write;display-capture &apos;none&apos;;encrypted-media &apos;none&apos;;gamepad &apos;none&apos;;geolocation &apos;none&apos;;gyroscope &apos;none&apos;;hid &apos;none&apos;;identity-credentials-get &apos;none&apos;;idle-detection &apos;none&apos;;keyboard-map &apos;none&apos;;local-fonts;magnetometer &apos;none&apos;;microphone &apos;none&apos;;midi &apos;none&apos;;otp-credentials &apos;none&apos;;payment &apos;none&apos;;picture-in-picture;publickey-credentials-create &apos;none&apos;;publickey-credentials-get &apos;none&apos;;screen-wake-lock &apos;none&apos;;serial &apos;none&apos;;summarizer &apos;none&apos;;sync-xhr;usb &apos;none&apos;;web-share;window-management &apos;none&apos;;xr-spatial-tracking &apos;none&apos;;\" allowfullscreen=\"\" class=\"arve-iframe fitvidsignore\" credentialless data-arve=\"arve-vimeo-695572855\" data-lenis-prevent=\"\" data-src-no-ap=\"https:\/\/player.vimeo.com\/video\/695572855?dnt=1&amp;app_id=122963&amp;html5=1&amp;title=0&amp;byline=0&amp;portrait=0&amp;autoplay=0\" frameborder=\"0\" height=\"416.43137254902\" loading=\"lazy\" name=\"\" referrerpolicy=\"strict-origin-when-cross-origin\" sandbox=\"allow-scripts allow-same-origin allow-presentation allow-popups allow-popups-to-escape-sandbox allow-forms\" scrolling=\"no\" src=\"https:\/\/player.vimeo.com\/video\/695572855?dnt=1&#038;app_id=122963&#038;html5=1&#038;title=0&#038;byline=0&#038;portrait=0&#038;autoplay=0\" title=\"\" width=\"740\"><\/iframe>\n\t\t\t\n\t\t<\/div>\n\t\t\n\t<\/div>\n\t\n\t\n\t<script type=\"application\/ld+json\">{\"@context\":\"http:\\\/\\\/schema.org\\\/\",\"@id\":\"https:\\\/\\\/www.moha-swiss.com\\\/de\\\/product\\\/vertico-6925205\\\/#arve-vimeo-695572855\",\"type\":\"VideoObject\",\"embedURL\":\"https:\\\/\\\/player.vimeo.com\\\/video\\\/695572855?dnt=1&app_id=122963&html5=1&title=0&byline=0&portrait=0&autoplay=0\"}<\/script>\n\t\n<\/div>\n<p><img loading=\"lazy\" decoding=\"async\" class=\"alignnone size-full wp-image-21\" src=\"https:\/\/www.moha-swiss.com\/wp-content\/uploads\/2014\/09\/icon-dishwasher.jpg\" alt=\"icon-dishwasher\" width=\"50\" height=\"65\" \/><\/p>\n","protected":false},"featured_media":19642,"comment_status":"closed","ping_status":"closed","template":"","meta":[],"product_brand":[],"product_cat":[51,213],"product_tag":[365,310,290,330,429,98],"class_list":{"0":"post-19638","1":"product","2":"type-product","3":"status-publish","4":"has-post-thumbnail","6":"product_cat-chopping-cutting-de","7":"product_cat-neuheiten-chopping-cutting","8":"product_tag-extra-scharf","9":"product_tag-gemuese","10":"product_tag-gemuesehobel","11":"product_tag-kartoffeln","12":"product_tag-mandoline-de","13":"product_tag-schneiden-de","15":"first","16":"instock","17":"featured","18":"shipping-taxable","19":"product-type-simple"},"_links":{"self":[{"href":"https:\/\/www.moha-swiss.com\/de\/wp-json\/wp\/v2\/product\/19638","targetHints":{"allow":["GET"]}}],"collection":[{"href":"https:\/\/www.moha-swiss.com\/de\/wp-json\/wp\/v2\/product"}],"about":[{"href":"https:\/\/www.moha-swiss.com\/de\/wp-json\/wp\/v2\/types\/product"}],"replies":[{"embeddable":true,"href":"https:\/\/www.moha-swiss.com\/de\/wp-json\/wp\/v2\/comments?post=19638"}],"wp:featuredmedia":[{"embeddable":true,"href":"https:\/\/www.moha-swiss.com\/de\/wp-json\/wp\/v2\/media\/19642"}],"wp:attachment":[{"href":"https:\/\/www.moha-swiss.com\/de\/wp-json\/wp\/v2\/media?parent=19638"}],"wp:term":[{"taxonomy":"product_brand","embeddable":true,"href":"https:\/\/www.moha-swiss.com\/de\/wp-json\/wp\/v2\/product_brand?post=19638"},{"taxonomy":"product_cat","embeddable":true,"href":"https:\/\/www.moha-swiss.com\/de\/wp-json\/wp\/v2\/product_cat?post=19638"},{"taxonomy":"product_tag","embeddable":true,"href":"https:\/\/www.moha-swiss.com\/de\/wp-json\/wp\/v2\/product_tag?post=19638"}],"curies":[{"name":"wp","href":"https:\/\/api.w.org\/{rel}","templated":true}]}}