{"id":19632,"date":"2022-02-09T09:00:49","date_gmt":"2022-02-09T08:00:50","guid":{"rendered":"https:\/\/www.moha-swiss.com\/?post_type=product&#038;p=19632"},"modified":"2022-02-09T09:13:03","modified_gmt":"2022-02-09T08:13:03","slug":"piccola-6950808","status":"publish","type":"product","link":"https:\/\/www.moha-swiss.com\/de\/product\/piccola-6950808\/","title":{"rendered":"PICCOLA 6950808"},"content":{"rendered":"<p><strong>Kleine Silkonsch\u00f6pfkelle<\/strong><\/p>\n<ul>\n<li>Diese robuste und multifunktionale Sch\u00f6pfkelle ist aus silikonbeschichtetem Stahl.<\/li>\n<li>Mit ihrer kleinen Gr\u00f6sse, 21 cm lang und 25 ml Inhalt, ist sie ideal geeignet f\u00fcr eine genaue Dosierung von Geb\u00e4ck, Desserts, Verrinen, Aperitifs, Nouvelle Cuisine und auch zum Servieren usw.<\/li>\n<li>Sie ist handlich und ergonomisch und dank ihrem flexiblen Sch\u00f6pfteil auch noch als Schaber verwendbar.<\/li>\n<li>Die edlen Materialien garantieren eine leichte und hygienische Reinigung und machen sie Sp\u00fclmaschinenfest.<\/li>\n<li>Hitzebest\u00e4ndig bis 220\u00b0C<\/li>\n<\/ul>\n<p>H 21 cm 30 ml<\/p>\n<input class=\"fooboxshare_post_id\" type=\"hidden\" value=\"19632\"\/>","protected":false},"excerpt":{"rendered":"<p><strong>Kleine Sch\u00f6pfkelle<\/strong><\/p>\n<p>Robuste und multifunktionale Sch\u00f6pfkelle<\/p>\n<p>H 21 cm 30 ml<\/p>\n<p>&nbsp;<\/p>\n<p><img loading=\"lazy\" decoding=\"async\" class=\"alignnone size-full wp-image-21\" src=\"https:\/\/www.moha-swiss.com\/wp-content\/uploads\/2014\/09\/icon-dishwasher.jpg\" alt=\"icon-dishwasher\" width=\"50\" height=\"65\" \/><\/p>\n","protected":false},"featured_media":19636,"comment_status":"closed","ping_status":"closed","template":"","meta":[],"product_brand":[],"product_cat":[67,220],"product_tag":[367],"class_list":{"0":"post-19632","1":"product","2":"type-product","3":"status-publish","4":"has-post-thumbnail","6":"product_cat-dessert-pastries-de","7":"product_cat-neuheiten-after-dinner","8":"product_tag-vorlegeteile","10":"first","11":"instock","12":"shipping-taxable","13":"product-type-simple"},"_links":{"self":[{"href":"https:\/\/www.moha-swiss.com\/de\/wp-json\/wp\/v2\/product\/19632","targetHints":{"allow":["GET"]}}],"collection":[{"href":"https:\/\/www.moha-swiss.com\/de\/wp-json\/wp\/v2\/product"}],"about":[{"href":"https:\/\/www.moha-swiss.com\/de\/wp-json\/wp\/v2\/types\/product"}],"replies":[{"embeddable":true,"href":"https:\/\/www.moha-swiss.com\/de\/wp-json\/wp\/v2\/comments?post=19632"}],"wp:featuredmedia":[{"embeddable":true,"href":"https:\/\/www.moha-swiss.com\/de\/wp-json\/wp\/v2\/media\/19636"}],"wp:attachment":[{"href":"https:\/\/www.moha-swiss.com\/de\/wp-json\/wp\/v2\/media?parent=19632"}],"wp:term":[{"taxonomy":"product_brand","embeddable":true,"href":"https:\/\/www.moha-swiss.com\/de\/wp-json\/wp\/v2\/product_brand?post=19632"},{"taxonomy":"product_cat","embeddable":true,"href":"https:\/\/www.moha-swiss.com\/de\/wp-json\/wp\/v2\/product_cat?post=19632"},{"taxonomy":"product_tag","embeddable":true,"href":"https:\/\/www.moha-swiss.com\/de\/wp-json\/wp\/v2\/product_tag?post=19632"}],"curies":[{"name":"wp","href":"https:\/\/api.w.org\/{rel}","templated":true}]}}