{"id":19601,"date":"2022-02-08T14:14:06","date_gmt":"2022-02-08T13:14:06","guid":{"rendered":"https:\/\/www.moha-swiss.com\/?post_type=product&#038;p=19601"},"modified":"2024-11-11T14:33:14","modified_gmt":"2024-11-11T13:33:14","slug":"molino-6920004","status":"publish","type":"product","link":"https:\/\/www.moha-swiss.com\/de\/product\/molino-6920004\/","title":{"rendered":"MOLINO 6920004"},"content":{"rendered":"<p><strong>K\u00e4sem\u00fchle Feinreibe und Flocken, anwenden wie eine M\u00fchle, einfach drehen und schon gerieben.<\/strong><\/p>\n<ul>\n<li>Doppelte Funktion durch austauschbare Reibeeins\u00e4tze : eine Feinreibe und eine spezielle f\u00fcr Flocken.<\/li>\n<li>Eignet sich f\u00fcr alle harten und halbweichen K\u00e4se wie Parmesan, Gruy\u00e8re, Emmental, etc.<\/li>\n<\/ul>\n<p>H 13,5 cm \u00d8 8 cm<br \/>\nAnthrazit<br \/>\nLieferbar ebenfalls in Edelstahl<\/p>\n<input class=\"fooboxshare_post_id\" type=\"hidden\" value=\"19601\"\/>","protected":false},"excerpt":{"rendered":"<p><strong>K\u00e4sem\u00fchle <\/strong><\/p>\n<p>K\u00e4sem\u00fchle doppelte Funktion<\/p>\n<p>H 13,5 cm \u00d8 8 cm<br \/>\nAnthrazit<br \/>\nLieferbar ebenfalls in Edelstahl<\/p>\n<p>&nbsp;<br \/>\n\n<div data-mode=\"normal\" data-oembed=\"1\" data-provider=\"vimeo\" id=\"arve-vimeo-1028407280\" style=\"max-width:740px;\" class=\"arve aligncenter\">\n\t<div class=\"arve-inner\">\n\t\t<div style=\"aspect-ratio:510\/287\" class=\"arve-embed arve-embed--has-aspect-ratio\">\n\t\t\t<div class=\"arve-ar\" style=\"padding-top:56.274510%\"><\/div>\n\t\t\t<iframe allow=\"accelerometer &apos;none&apos;;autoplay &apos;none&apos;;bluetooth &apos;none&apos;;browsing-topics &apos;none&apos;;camera &apos;none&apos;;clipboard-read &apos;none&apos;;clipboard-write;display-capture &apos;none&apos;;encrypted-media &apos;none&apos;;gamepad &apos;none&apos;;geolocation &apos;none&apos;;gyroscope &apos;none&apos;;hid &apos;none&apos;;identity-credentials-get &apos;none&apos;;idle-detection &apos;none&apos;;keyboard-map &apos;none&apos;;local-fonts;magnetometer &apos;none&apos;;microphone &apos;none&apos;;midi &apos;none&apos;;otp-credentials &apos;none&apos;;payment &apos;none&apos;;picture-in-picture;publickey-credentials-create &apos;none&apos;;publickey-credentials-get &apos;none&apos;;screen-wake-lock &apos;none&apos;;serial &apos;none&apos;;summarizer &apos;none&apos;;sync-xhr;usb &apos;none&apos;;web-share;window-management &apos;none&apos;;xr-spatial-tracking &apos;none&apos;;\" allowfullscreen=\"\" class=\"arve-iframe fitvidsignore\" credentialless data-arve=\"arve-vimeo-1028407280\" data-lenis-prevent=\"\" data-src-no-ap=\"https:\/\/player.vimeo.com\/video\/1028407280?dnt=1&amp;app_id=122963&amp;html5=1&amp;title=0&amp;byline=0&amp;portrait=0&amp;autoplay=0\" frameborder=\"0\" height=\"416.43137254902\" loading=\"lazy\" name=\"\" referrerpolicy=\"strict-origin-when-cross-origin\" sandbox=\"allow-scripts allow-same-origin allow-presentation allow-popups allow-popups-to-escape-sandbox allow-forms\" scrolling=\"no\" src=\"https:\/\/player.vimeo.com\/video\/1028407280?dnt=1&#038;app_id=122963&#038;html5=1&#038;title=0&#038;byline=0&#038;portrait=0&#038;autoplay=0\" title=\"\" width=\"740\"><\/iframe>\n\t\t\t\n\t\t<\/div>\n\t\t\n\t<\/div>\n\t\n\t\n\t<script type=\"application\/ld+json\">{\"@context\":\"http:\\\/\\\/schema.org\\\/\",\"@id\":\"https:\\\/\\\/www.moha-swiss.com\\\/de\\\/product\\\/molino-6920004\\\/#arve-vimeo-1028407280\",\"type\":\"VideoObject\",\"embedURL\":\"https:\\\/\\\/player.vimeo.com\\\/video\\\/1028407280?dnt=1&app_id=122963&html5=1&title=0&byline=0&portrait=0&autoplay=0\"}<\/script>\n\t\n<\/div>\n<p>&nbsp;<\/p>\n<p><img loading=\"lazy\" decoding=\"async\" class=\"alignnone size-full wp-image-21\" src=\"https:\/\/www.moha-swiss.com\/wp-content\/uploads\/2014\/09\/icon-dishwasher.jpg\" alt=\"icon-dishwasher\" width=\"50\" height=\"65\" \/><\/p>\n","protected":false},"featured_media":19605,"comment_status":"closed","ping_status":"closed","template":"","meta":[],"product_brand":[],"product_cat":[53,214],"product_tag":[365,302,457,342,114],"class_list":{"0":"post-19601","1":"product","2":"type-product","3":"status-publish","4":"has-post-thumbnail","6":"product_cat-smart-grating-de","7":"product_cat-neuheiten-smart-grating","8":"product_tag-extra-scharf","9":"product_tag-kaese","10":"product_tag-kasereibe","11":"product_tag-reibe","12":"product_tag-reiben-de","14":"first","15":"instock","16":"shipping-taxable","17":"product-type-simple"},"_links":{"self":[{"href":"https:\/\/www.moha-swiss.com\/de\/wp-json\/wp\/v2\/product\/19601","targetHints":{"allow":["GET"]}}],"collection":[{"href":"https:\/\/www.moha-swiss.com\/de\/wp-json\/wp\/v2\/product"}],"about":[{"href":"https:\/\/www.moha-swiss.com\/de\/wp-json\/wp\/v2\/types\/product"}],"replies":[{"embeddable":true,"href":"https:\/\/www.moha-swiss.com\/de\/wp-json\/wp\/v2\/comments?post=19601"}],"wp:featuredmedia":[{"embeddable":true,"href":"https:\/\/www.moha-swiss.com\/de\/wp-json\/wp\/v2\/media\/19605"}],"wp:attachment":[{"href":"https:\/\/www.moha-swiss.com\/de\/wp-json\/wp\/v2\/media?parent=19601"}],"wp:term":[{"taxonomy":"product_brand","embeddable":true,"href":"https:\/\/www.moha-swiss.com\/de\/wp-json\/wp\/v2\/product_brand?post=19601"},{"taxonomy":"product_cat","embeddable":true,"href":"https:\/\/www.moha-swiss.com\/de\/wp-json\/wp\/v2\/product_cat?post=19601"},{"taxonomy":"product_tag","embeddable":true,"href":"https:\/\/www.moha-swiss.com\/de\/wp-json\/wp\/v2\/product_tag?post=19601"}],"curies":[{"name":"wp","href":"https:\/\/api.w.org\/{rel}","templated":true}]}}