{"id":19594,"date":"2022-02-08T13:58:19","date_gmt":"2022-02-08T12:58:19","guid":{"rendered":"https:\/\/www.moha-swiss.com\/?post_type=product&#038;p=19594"},"modified":"2022-02-08T14:27:35","modified_gmt":"2022-02-08T13:27:35","slug":"gusto-6936075","status":"publish","type":"product","link":"https:\/\/www.moha-swiss.com\/de\/product\/gusto-6936075\/","title":{"rendered":"GUSTO 6936075"},"content":{"rendered":"<p><strong>Muskatm\u00fchle<\/strong><\/p>\n<ul>\n<li>Dank dem neuen revolution\u00e4ren Schliesssystem kann die Muskatm\u00fchle ohne Kraftaufwand geladen werden und l\u00e4sst sich mit einem Dreh schliessen.<\/li>\n<li>Der neue Reibeinsatz ist auf der ganzen Fl\u00e4che perforiert, wodurch die Muskatn\u00fcsse perfekt und stossfrei gerieben werden k\u00f6nnen.<\/li>\n<li>Der gefederte Stosser erlaubt es, die Muskatn\u00fcsse in ihrer Gesamtheit zu reiben, ohne sie zu zerbrechen und ohne R\u00fcckst\u00e4nde<\/li>\n<\/ul>\n<p>H 12 cm \u00d8 6,5 cm<br \/>\nLieferbar ebenfalls in Edelstahl<\/p>\n<input class=\"fooboxshare_post_id\" type=\"hidden\" value=\"19594\"\/>","protected":false},"excerpt":{"rendered":"<p><strong>Muskatm\u00fchle<\/strong><\/p>\n<p>Erm\u00f6glicht es, gleichzeitig bis zu 4 Muskatn\u00fcsse perfekt zu reiben<\/p>\n<p>H 12 cm \u00d8 6,5 cm<br \/>\nLieferbar ebenfalls in Edelstahl<\/p>\n<p>&nbsp;<\/p>\n<p><img loading=\"lazy\" decoding=\"async\" class=\"alignnone size-full wp-image-21\" src=\"https:\/\/www.moha-swiss.com\/wp-content\/uploads\/2014\/09\/icon-dishwasher.jpg\" alt=\"icon-dishwasher\" width=\"50\" height=\"65\" \/><\/p>\n","protected":false},"featured_media":19599,"comment_status":"closed","ping_status":"closed","template":"","meta":[],"product_brand":[],"product_cat":[65,219],"product_tag":[278,314,431,344,114,100],"class_list":{"0":"post-19594","1":"product","2":"type-product","3":"status-publish","4":"has-post-thumbnail","6":"product_cat-spices-de","7":"product_cat-neuheiten-spices","8":"product_tag-edelstahl","9":"product_tag-muehle","10":"product_tag-muskat","11":"product_tag-muskatreibe","12":"product_tag-reiben-de","13":"product_tag-wurzen-de","15":"first","16":"instock","17":"shipping-taxable","18":"product-type-simple"},"_links":{"self":[{"href":"https:\/\/www.moha-swiss.com\/de\/wp-json\/wp\/v2\/product\/19594","targetHints":{"allow":["GET"]}}],"collection":[{"href":"https:\/\/www.moha-swiss.com\/de\/wp-json\/wp\/v2\/product"}],"about":[{"href":"https:\/\/www.moha-swiss.com\/de\/wp-json\/wp\/v2\/types\/product"}],"replies":[{"embeddable":true,"href":"https:\/\/www.moha-swiss.com\/de\/wp-json\/wp\/v2\/comments?post=19594"}],"wp:featuredmedia":[{"embeddable":true,"href":"https:\/\/www.moha-swiss.com\/de\/wp-json\/wp\/v2\/media\/19599"}],"wp:attachment":[{"href":"https:\/\/www.moha-swiss.com\/de\/wp-json\/wp\/v2\/media?parent=19594"}],"wp:term":[{"taxonomy":"product_brand","embeddable":true,"href":"https:\/\/www.moha-swiss.com\/de\/wp-json\/wp\/v2\/product_brand?post=19594"},{"taxonomy":"product_cat","embeddable":true,"href":"https:\/\/www.moha-swiss.com\/de\/wp-json\/wp\/v2\/product_cat?post=19594"},{"taxonomy":"product_tag","embeddable":true,"href":"https:\/\/www.moha-swiss.com\/de\/wp-json\/wp\/v2\/product_tag?post=19594"}],"curies":[{"name":"wp","href":"https:\/\/api.w.org\/{rel}","templated":true}]}}