{"id":19572,"date":"2022-02-08T12:21:48","date_gmt":"2022-02-08T11:21:49","guid":{"rendered":"https:\/\/www.moha-swiss.com\/?post_type=product&#038;p=19572"},"modified":"2022-02-08T12:31:15","modified_gmt":"2022-02-08T11:31:15","slug":"deco-6950745","status":"publish","type":"product","link":"https:\/\/www.moha-swiss.com\/de\/product\/deco-6950745\/","title":{"rendered":"DECO 6950745"},"content":{"rendered":"<p><strong>Dekorationsspachtel und Biskuitmesser<\/strong><\/p>\n<ul>\n<li>Mit diesem Spachtel, 24 cm lang, werden Glasuren perfekt glatt und Cremen einfach verteilt. Die Herstellung von Dekorationen f\u00fcr s\u00fcsse oder herzhafte Zubereitungen sind ein Kinderspiel.<\/li>\n<li>Seine gezahnte Klinge erm\u00f6glicht ein leichtes und gleichm\u00e4ssiges Schneiden aller Biskuits und anderer Backwaren.<\/li>\n<li>Sein ergonomischer Griff gibt guten Halt f\u00fcr pr\u00e4zises Arbeiten. Sp\u00fclmaschinenfest.<\/li>\n<\/ul>\n<p>H 24 cm<\/p>\n<input class=\"fooboxshare_post_id\" type=\"hidden\" value=\"19572\"\/>","protected":false},"excerpt":{"rendered":"<p><strong>Dekorationsspachtel und Biskuitmesser<\/strong><\/p>\n<p>Leichtes und gleichm\u00e4ssiges Schneiden aller Biskuits und anderer Backwaren.<\/p>\n<p>H 24 cm<\/p>\n<p>&nbsp;<\/p>\n<p><img loading=\"lazy\" decoding=\"async\" class=\"alignnone size-full wp-image-21\" src=\"https:\/\/www.moha-swiss.com\/wp-content\/uploads\/2014\/09\/icon-dishwasher.jpg\" alt=\"icon-dishwasher\" width=\"50\" height=\"65\" \/><\/p>\n","protected":false},"featured_media":19576,"comment_status":"closed","ping_status":"closed","template":"","meta":[],"product_brand":[],"product_cat":[67,220],"product_tag":[401,240],"class_list":{"0":"post-19572","1":"product","2":"type-product","3":"status-publish","4":"has-post-thumbnail","6":"product_cat-dessert-pastries-de","7":"product_cat-neuheiten-after-dinner","8":"product_tag-dekoration","9":"product_tag-dessert-de","11":"first","12":"instock","13":"shipping-taxable","14":"product-type-simple"},"_links":{"self":[{"href":"https:\/\/www.moha-swiss.com\/de\/wp-json\/wp\/v2\/product\/19572","targetHints":{"allow":["GET"]}}],"collection":[{"href":"https:\/\/www.moha-swiss.com\/de\/wp-json\/wp\/v2\/product"}],"about":[{"href":"https:\/\/www.moha-swiss.com\/de\/wp-json\/wp\/v2\/types\/product"}],"replies":[{"embeddable":true,"href":"https:\/\/www.moha-swiss.com\/de\/wp-json\/wp\/v2\/comments?post=19572"}],"wp:featuredmedia":[{"embeddable":true,"href":"https:\/\/www.moha-swiss.com\/de\/wp-json\/wp\/v2\/media\/19576"}],"wp:attachment":[{"href":"https:\/\/www.moha-swiss.com\/de\/wp-json\/wp\/v2\/media?parent=19572"}],"wp:term":[{"taxonomy":"product_brand","embeddable":true,"href":"https:\/\/www.moha-swiss.com\/de\/wp-json\/wp\/v2\/product_brand?post=19572"},{"taxonomy":"product_cat","embeddable":true,"href":"https:\/\/www.moha-swiss.com\/de\/wp-json\/wp\/v2\/product_cat?post=19572"},{"taxonomy":"product_tag","embeddable":true,"href":"https:\/\/www.moha-swiss.com\/de\/wp-json\/wp\/v2\/product_tag?post=19572"}],"curies":[{"name":"wp","href":"https:\/\/api.w.org\/{rel}","templated":true}]}}