{"id":19556,"date":"2022-02-08T11:37:54","date_gmt":"2022-02-08T10:37:54","guid":{"rendered":"https:\/\/www.moha-swiss.com\/?post_type=product&#038;p=19556"},"modified":"2022-02-08T11:53:15","modified_gmt":"2022-02-08T10:53:15","slug":"bain-marie-6980076","status":"publish","type":"product","link":"https:\/\/www.moha-swiss.com\/de\/product\/bain-marie-6980076\/","title":{"rendered":"BAIN-MARIE 6980076"},"content":{"rendered":"<p><strong>Wasserbadschl\u00fcssel aus Edelstahl 2 L<\/strong><\/p>\n<ul>\n<li>Aus hochglanzpoliertem Edelstahl 18\/10 mit einem Durchmesser von 20 cm k\u00f6nnen Sie gro\u00dfz\u00fcgige Mengen an So\u00dfe, Butter, Gelatine, geschmolzener Schokolade, Glasur und Dessert im Handumdrehen und ohne Geschmacksver\u00e4nderung zubereiten.<\/li>\n<li>Mit einer H\u00f6he von 10 cm und einem Fassungsverm\u00f6gen von 2,0 l nimmt er nur wenig Platz ein und kann an jede Art von Pfanne angepasst werden.<\/li>\n<li>Mit dem seitlichen Haken l\u00e4sst sich die Sch\u00fcssel leicht am Rand befestigen und der 17,5 cm lange Griff macht sie stabil und kann f\u00fcr gr\u00f6\u00dfere T\u00f6pfe und Pfannen verwendet werden.<\/li>\n<li>Sp\u00fclmaschinenfest.<\/li>\n<\/ul>\n<p>&nbsp;<\/p>\n<p>\u00f8 20 cm<br \/>\nEdelstahl, Silikon<\/p>\n<input class=\"fooboxshare_post_id\" type=\"hidden\" value=\"19556\"\/>","protected":false},"excerpt":{"rendered":"<p><strong>Wasserbadschl\u00fcssel<\/strong><\/p>\n<p>\u00f8 20 cm<br \/>\nEdelstahl, Silikon<\/p>\n<p>&nbsp;<\/p>\n<p><img loading=\"lazy\" decoding=\"async\" class=\"alignnone size-full wp-image-21\" src=\"https:\/\/www.moha-swiss.com\/wp-content\/uploads\/2014\/09\/icon-dishwasher.jpg\" alt=\"icon-dishwasher\" width=\"50\" height=\"65\" \/><\/p>\n","protected":false},"featured_media":19560,"comment_status":"closed","ping_status":"closed","template":"","meta":[],"product_brand":[],"product_cat":[67,220],"product_tag":[278,286],"class_list":{"0":"post-19556","1":"product","2":"type-product","3":"status-publish","4":"has-post-thumbnail","6":"product_cat-dessert-pastries-de","7":"product_cat-neuheiten-after-dinner","8":"product_tag-edelstahl","9":"product_tag-schuesseln-vorlegeteile","11":"first","12":"instock","13":"featured","14":"shipping-taxable","15":"product-type-simple"},"_links":{"self":[{"href":"https:\/\/www.moha-swiss.com\/de\/wp-json\/wp\/v2\/product\/19556","targetHints":{"allow":["GET"]}}],"collection":[{"href":"https:\/\/www.moha-swiss.com\/de\/wp-json\/wp\/v2\/product"}],"about":[{"href":"https:\/\/www.moha-swiss.com\/de\/wp-json\/wp\/v2\/types\/product"}],"replies":[{"embeddable":true,"href":"https:\/\/www.moha-swiss.com\/de\/wp-json\/wp\/v2\/comments?post=19556"}],"wp:featuredmedia":[{"embeddable":true,"href":"https:\/\/www.moha-swiss.com\/de\/wp-json\/wp\/v2\/media\/19560"}],"wp:attachment":[{"href":"https:\/\/www.moha-swiss.com\/de\/wp-json\/wp\/v2\/media?parent=19556"}],"wp:term":[{"taxonomy":"product_brand","embeddable":true,"href":"https:\/\/www.moha-swiss.com\/de\/wp-json\/wp\/v2\/product_brand?post=19556"},{"taxonomy":"product_cat","embeddable":true,"href":"https:\/\/www.moha-swiss.com\/de\/wp-json\/wp\/v2\/product_cat?post=19556"},{"taxonomy":"product_tag","embeddable":true,"href":"https:\/\/www.moha-swiss.com\/de\/wp-json\/wp\/v2\/product_tag?post=19556"}],"curies":[{"name":"wp","href":"https:\/\/api.w.org\/{rel}","templated":true}]}}