{"id":19550,"date":"2022-02-08T10:58:46","date_gmt":"2022-02-08T09:58:47","guid":{"rendered":"https:\/\/www.moha-swiss.com\/?post_type=product&#038;p=19550"},"modified":"2022-02-08T11:33:30","modified_gmt":"2022-02-08T10:33:30","slug":"presto-6920002","status":"publish","type":"product","link":"https:\/\/www.moha-swiss.com\/de\/product\/presto-6920002\/","title":{"rendered":"PRESTO 6920002"},"content":{"rendered":"<p><strong>Butterm\u00fchle anthrazit<\/strong><\/p>\n<ul>\n<li>Die Butter beh\u00e4lt ihren Geschmack und die Qualit\u00e4t wird nicht beeintr\u00e4chtigt.<\/li>\n<li>Brot, Toast oder Zwieback k\u00f6nnen mit einer feinen Butterschicht versehen werden, ohne zu zerbrechen.<\/li>\n<li>Der aufsetzbare Deckel sorgt f\u00fcr perfekte Hygiene. Ideal zum Aufbewahren im K\u00fchlschrank.<\/li>\n<\/ul>\n<p>&nbsp;<\/p>\n<p>H 10.5 cm \u00d8 9.5 cm<br \/>\nAnthrazit<br \/>\nLieferbar ebenfalls in Edelstahl<\/p>\n<input class=\"fooboxshare_post_id\" type=\"hidden\" value=\"19550\"\/>","protected":false},"excerpt":{"rendered":"<p><strong>Butterm\u00fchle<\/strong><\/p>\n<p>Erm\u00f6glicht es, die Butter direkt aus dem K\u00fchlschrank auf\u2019s Brot zu streichen<\/p>\n<p>H 10.5 cm \u00d8 9.5 cm<br \/>\nABS, POM, SAN, Edelstahl, LDPE<\/p>\n<p>&nbsp;<\/p>\n<p><img loading=\"lazy\" decoding=\"async\" class=\"alignnone size-full wp-image-21\" src=\"https:\/\/www.moha-swiss.com\/wp-content\/uploads\/2014\/09\/icon-dishwasher.jpg\" alt=\"icon-dishwasher\" width=\"50\" height=\"65\" \/><\/p>\n","protected":false},"featured_media":19554,"comment_status":"closed","ping_status":"closed","template":"","meta":[],"product_brand":[],"product_cat":[493,494],"product_tag":[478,387,326,342,114],"class_list":{"0":"post-19550","1":"product","2":"type-product","3":"status-publish","4":"has-post-thumbnail","6":"product_cat-brunch-de","7":"product_cat-neuheiten-brunch","8":"product_tag-brunch-de","9":"product_tag-butter-de","10":"product_tag-fruehstueck","11":"product_tag-reibe","12":"product_tag-reiben-de","14":"first","15":"instock","16":"featured","17":"shipping-taxable","18":"product-type-simple"},"_links":{"self":[{"href":"https:\/\/www.moha-swiss.com\/de\/wp-json\/wp\/v2\/product\/19550","targetHints":{"allow":["GET"]}}],"collection":[{"href":"https:\/\/www.moha-swiss.com\/de\/wp-json\/wp\/v2\/product"}],"about":[{"href":"https:\/\/www.moha-swiss.com\/de\/wp-json\/wp\/v2\/types\/product"}],"replies":[{"embeddable":true,"href":"https:\/\/www.moha-swiss.com\/de\/wp-json\/wp\/v2\/comments?post=19550"}],"wp:featuredmedia":[{"embeddable":true,"href":"https:\/\/www.moha-swiss.com\/de\/wp-json\/wp\/v2\/media\/19554"}],"wp:attachment":[{"href":"https:\/\/www.moha-swiss.com\/de\/wp-json\/wp\/v2\/media?parent=19550"}],"wp:term":[{"taxonomy":"product_brand","embeddable":true,"href":"https:\/\/www.moha-swiss.com\/de\/wp-json\/wp\/v2\/product_brand?post=19550"},{"taxonomy":"product_cat","embeddable":true,"href":"https:\/\/www.moha-swiss.com\/de\/wp-json\/wp\/v2\/product_cat?post=19550"},{"taxonomy":"product_tag","embeddable":true,"href":"https:\/\/www.moha-swiss.com\/de\/wp-json\/wp\/v2\/product_tag?post=19550"}],"curies":[{"name":"wp","href":"https:\/\/api.w.org\/{rel}","templated":true}]}}