{"id":19540,"date":"2022-02-08T10:24:15","date_gmt":"2022-02-08T09:24:15","guid":{"rendered":"https:\/\/www.moha-swiss.com\/?post_type=product&#038;p=19540"},"modified":"2022-02-08T11:24:16","modified_gmt":"2022-02-08T10:24:16","slug":"herby-6925504","status":"publish","type":"product","link":"https:\/\/www.moha-swiss.com\/de\/product\/herby-6925504\/","title":{"rendered":"HERBY 6925504"},"content":{"rendered":"<p><strong>Kr\u00e4uter- und K\u00fcchenschere mit Mikroverzahnung<\/strong><\/p>\n<ul>\n<li>Diese Schere aus rostfreiem Stahl 18\/0 und Kunststoffgriffen ist ergonomisch und ideal zum Schneiden und Zubereiten von Speisen in der K\u00fcche.<\/li>\n<li>Die Klingen haben ein Mikroverzahnung, die es erm\u00f6glicht, alle Formen von frischen Kr\u00e4utern zu schneiden, ohne dass diesen abgereisst oder zerdr\u00fccken werden.<\/li>\n<li>An den Klingenaufs\u00e4tzen befinden sich drei unterschiedlich gro\u00dfe, scharfe Ausschnitte, um die St\u00e4ngee von Rosmarin, Thymian usw. zu entfernen.<\/li>\n<li>Die Scherenklingen k\u00f6nnen zur einfacher Reinigung auseinander genommen werden und sind sp\u00fclmaschinenfest, werden aber am besten mit der Hand unter flie\u00dfendem Wasser.<\/li>\n<\/ul>\n<p>W 9 cm L 19 cm<br \/>\nEdelstahl 18\/10, PP<\/p>\n<input class=\"fooboxshare_post_id\" type=\"hidden\" value=\"19540\"\/>","protected":false},"excerpt":{"rendered":"<p><strong>Kr\u00e4uter- und K\u00fcchenschere<\/strong><\/p>\n<p>Aus rostfreiem Stahl 18\/0 und Kunststoffgriffen<\/p>\n<p>W 9 cm L 19 cm<br \/>\nEdelstahl 18\/10, PP<\/p>\n<p>&nbsp;<\/p>\n<p><img loading=\"lazy\" decoding=\"async\" class=\"alignnone size-full wp-image-21\" src=\"https:\/\/www.moha-swiss.com\/wp-content\/uploads\/2014\/09\/icon-dishwasher.jpg\" alt=\"icon-dishwasher\" width=\"50\" height=\"65\" \/><\/p>\n","protected":false},"featured_media":19544,"comment_status":"closed","ping_status":"closed","template":"","meta":[],"product_brand":[],"product_cat":[495,496],"product_tag":[278,98],"class_list":{"0":"post-19540","1":"product","2":"type-product","3":"status-publish","4":"has-post-thumbnail","6":"product_cat-fruits-vegetables-de","7":"product_cat-neuheiten-fruits-vegetables","8":"product_tag-edelstahl","9":"product_tag-schneiden-de","11":"first","12":"instock","13":"featured","14":"shipping-taxable","15":"product-type-simple"},"_links":{"self":[{"href":"https:\/\/www.moha-swiss.com\/de\/wp-json\/wp\/v2\/product\/19540","targetHints":{"allow":["GET"]}}],"collection":[{"href":"https:\/\/www.moha-swiss.com\/de\/wp-json\/wp\/v2\/product"}],"about":[{"href":"https:\/\/www.moha-swiss.com\/de\/wp-json\/wp\/v2\/types\/product"}],"replies":[{"embeddable":true,"href":"https:\/\/www.moha-swiss.com\/de\/wp-json\/wp\/v2\/comments?post=19540"}],"wp:featuredmedia":[{"embeddable":true,"href":"https:\/\/www.moha-swiss.com\/de\/wp-json\/wp\/v2\/media\/19544"}],"wp:attachment":[{"href":"https:\/\/www.moha-swiss.com\/de\/wp-json\/wp\/v2\/media?parent=19540"}],"wp:term":[{"taxonomy":"product_brand","embeddable":true,"href":"https:\/\/www.moha-swiss.com\/de\/wp-json\/wp\/v2\/product_brand?post=19540"},{"taxonomy":"product_cat","embeddable":true,"href":"https:\/\/www.moha-swiss.com\/de\/wp-json\/wp\/v2\/product_cat?post=19540"},{"taxonomy":"product_tag","embeddable":true,"href":"https:\/\/www.moha-swiss.com\/de\/wp-json\/wp\/v2\/product_tag?post=19540"}],"curies":[{"name":"wp","href":"https:\/\/api.w.org\/{rel}","templated":true}]}}