{"id":18734,"date":"2021-03-03T10:05:45","date_gmt":"2021-03-03T09:05:45","guid":{"rendered":"https:\/\/www.moha-swiss.com\/?post_type=product&#038;p=18734"},"modified":"2021-03-03T10:11:38","modified_gmt":"2021-03-03T09:11:38","slug":"gelati-anthrazit-6951709","status":"publish","type":"product","link":"https:\/\/www.moha-swiss.com\/de\/product\/gelati-anthrazit-6951709\/","title":{"rendered":"GELATI ANTHRAZIT 6951709"},"content":{"rendered":"<p><strong>Eisl\u00f6ffel  <\/strong><\/p>\n<ul>\n<li>Mit GELATI k\u00f6nnen Sie Eiskugeln schnell und einfach formen.<\/li>\n<li>Dank seines ergonomischen Zwei-Komponenten-Griffs erm\u00f6glicht GELATI eine einfache Handhabung und einen sicheren Halt.<\/li>\n<li>Mit seinem beschichteten Aluminiumkopf mit scharfen Kanten ist GELATI besonders f\u00fcr noch hartes Eis geeignet.<\/li>\n<li>GELATI ist das ideale Ger\u00e4t f\u00fcr Eiscreme, Sorbets, Mousse, Kartoffelp\u00fcree und Reis.<\/li>\n<li>Auch zum Entkernen von K\u00fcrbissen geeignet.<\/li>\n<\/ul>\n<p>H 19cm  W 4.2cm<br \/>\nAluminiumdruckguss<\/p>\n<input class=\"fooboxshare_post_id\" type=\"hidden\" value=\"18734\"\/>","protected":false},"excerpt":{"rendered":"<p><strong>Eisl\u00f6ffel<\/strong><\/p>\n<p>H 19cm  W 4.2cm<br \/>\nAluminiumdruckguss<\/p>\n<p>&nbsp;<\/p>\n<p><img loading=\"lazy\" decoding=\"async\" class=\"alignnone size-full wp-image-21\" src=\"https:\/\/www.moha-swiss.com\/wp-content\/uploads\/2014\/09\/icon-dishwasher.jpg\" alt=\"icon-dishwasher\" width=\"50\" height=\"65\" \/><\/p>\n","protected":false},"featured_media":19529,"comment_status":"closed","ping_status":"closed","template":"","meta":[],"product_brand":[],"product_cat":[67],"product_tag":[240,415,334],"class_list":{"0":"post-18734","1":"product","2":"type-product","3":"status-publish","4":"has-post-thumbnail","6":"product_cat-dessert-pastries-de","7":"product_tag-dessert-de","8":"product_tag-eis","9":"product_tag-eisportionierer","11":"first","12":"instock","13":"shipping-taxable","14":"product-type-simple"},"_links":{"self":[{"href":"https:\/\/www.moha-swiss.com\/de\/wp-json\/wp\/v2\/product\/18734","targetHints":{"allow":["GET"]}}],"collection":[{"href":"https:\/\/www.moha-swiss.com\/de\/wp-json\/wp\/v2\/product"}],"about":[{"href":"https:\/\/www.moha-swiss.com\/de\/wp-json\/wp\/v2\/types\/product"}],"replies":[{"embeddable":true,"href":"https:\/\/www.moha-swiss.com\/de\/wp-json\/wp\/v2\/comments?post=18734"}],"wp:featuredmedia":[{"embeddable":true,"href":"https:\/\/www.moha-swiss.com\/de\/wp-json\/wp\/v2\/media\/19529"}],"wp:attachment":[{"href":"https:\/\/www.moha-swiss.com\/de\/wp-json\/wp\/v2\/media?parent=18734"}],"wp:term":[{"taxonomy":"product_brand","embeddable":true,"href":"https:\/\/www.moha-swiss.com\/de\/wp-json\/wp\/v2\/product_brand?post=18734"},{"taxonomy":"product_cat","embeddable":true,"href":"https:\/\/www.moha-swiss.com\/de\/wp-json\/wp\/v2\/product_cat?post=18734"},{"taxonomy":"product_tag","embeddable":true,"href":"https:\/\/www.moha-swiss.com\/de\/wp-json\/wp\/v2\/product_tag?post=18734"}],"curies":[{"name":"wp","href":"https:\/\/api.w.org\/{rel}","templated":true}]}}