{"id":18657,"date":"2021-03-01T12:50:40","date_gmt":"2021-03-01T11:50:41","guid":{"rendered":"https:\/\/www.moha-swiss.com\/?post_type=product&#038;p=18657"},"modified":"2021-03-01T13:03:15","modified_gmt":"2021-03-01T12:03:15","slug":"potato-6931619","status":"publish","type":"product","link":"https:\/\/www.moha-swiss.com\/de\/product\/potato-6931619\/","title":{"rendered":"POTATO 6931619"},"content":{"rendered":"<p><strong>Klappbare Kartoffelpresse aus Edelstahl und Silikon  <\/strong><\/p>\n<ul>\n<li>Ihre Konstruktion aus rostfreiem Stahl 18\/0 verleiht der Presse gro\u00dfe Stabilit\u00e4t und der ergonomische Griff sorgt f\u00fcr einen guten Halt.<\/li>\n<li>Das ovale Gitter ist speziell f\u00fcr ein effizientes Pressen von Lebensmitteln aller Art optimiert.<\/li>\n<li>Rundum silikonbeschichtet, sch\u00fctzt es die Oberfl\u00e4che des Kochgeschirrs.<\/li>\n<li>Auf einfachen seitlichen Druck klappt das Gitter platzsparend nach hinten.<\/li>\n<li>Pflegeleicht und sp\u00fclmaschinenfest.<\/li>\n<\/ul>\n<p>H: 24cm L: 10cm P: 11cm<br \/>\nSilikon und Edelstahl<\/p>\n<input class=\"fooboxshare_post_id\" type=\"hidden\" value=\"18657\"\/>","protected":false},"excerpt":{"rendered":"<p><strong>Klappbare Kartoffelpresse <\/strong><\/p>\n<p>H: 24cm L: 10cm P: 11cm<br \/>\nSilikon und Edelstahl<\/p>\n<p>&nbsp;<\/p>\n<p><img loading=\"lazy\" decoding=\"async\" class=\"alignnone size-full wp-image-21\" src=\"https:\/\/www.moha-swiss.com\/wp-content\/uploads\/2014\/09\/icon-dishwasher.jpg\" alt=\"icon-dishwasher\" width=\"50\" height=\"65\" \/><\/p>\n","protected":false},"featured_media":19520,"comment_status":"closed","ping_status":"closed","template":"","meta":[],"product_brand":[],"product_cat":[495],"product_tag":[304,310],"class_list":{"0":"post-18657","1":"product","2":"type-product","3":"status-publish","4":"has-post-thumbnail","6":"product_cat-fruits-vegetables-de","7":"product_tag-fruechte","8":"product_tag-gemuese","10":"first","11":"instock","12":"shipping-taxable","13":"product-type-simple"},"_links":{"self":[{"href":"https:\/\/www.moha-swiss.com\/de\/wp-json\/wp\/v2\/product\/18657","targetHints":{"allow":["GET"]}}],"collection":[{"href":"https:\/\/www.moha-swiss.com\/de\/wp-json\/wp\/v2\/product"}],"about":[{"href":"https:\/\/www.moha-swiss.com\/de\/wp-json\/wp\/v2\/types\/product"}],"replies":[{"embeddable":true,"href":"https:\/\/www.moha-swiss.com\/de\/wp-json\/wp\/v2\/comments?post=18657"}],"wp:featuredmedia":[{"embeddable":true,"href":"https:\/\/www.moha-swiss.com\/de\/wp-json\/wp\/v2\/media\/19520"}],"wp:attachment":[{"href":"https:\/\/www.moha-swiss.com\/de\/wp-json\/wp\/v2\/media?parent=18657"}],"wp:term":[{"taxonomy":"product_brand","embeddable":true,"href":"https:\/\/www.moha-swiss.com\/de\/wp-json\/wp\/v2\/product_brand?post=18657"},{"taxonomy":"product_cat","embeddable":true,"href":"https:\/\/www.moha-swiss.com\/de\/wp-json\/wp\/v2\/product_cat?post=18657"},{"taxonomy":"product_tag","embeddable":true,"href":"https:\/\/www.moha-swiss.com\/de\/wp-json\/wp\/v2\/product_tag?post=18657"}],"curies":[{"name":"wp","href":"https:\/\/api.w.org\/{rel}","templated":true}]}}