{"id":18639,"date":"2021-03-01T12:36:22","date_gmt":"2021-03-01T11:36:23","guid":{"rendered":"https:\/\/www.moha-swiss.com\/?post_type=product&#038;p=18639"},"modified":"2021-03-01T12:47:53","modified_gmt":"2021-03-01T11:47:53","slug":"silicook-6982099","status":"publish","type":"product","link":"https:\/\/www.moha-swiss.com\/de\/product\/silicook-6982099\/","title":{"rendered":"SILICOOK 6982099"},"content":{"rendered":"<p><strong>Kompakter Spritzschutzdeckel aus Edelstahl\/Silikon  <\/strong><\/p>\n<ul>\n<li>Dank seines cleveren Designs, k\u00f6nnen Sie unseren innovativen Spritzschutzdeckel um ein Viertel oder die H\u00e4lfte anheben, um den Bratvorgang zu kontrollieren und Zutaten oder Gew\u00fcrze hinzuzuf\u00fcgen.<\/li>\n<li>Es l\u00e4sst sich sehr leicht in vier Teile zusammenklappen, so dass es leicht in die K\u00fcchenschublade geschoben werden kann und leicht erreichbar ist.<\/li>\n<li>Sein silikonbeschichteter Stahlk\u00f6rper gew\u00e4hrleistet Stabilit\u00e4t und eine hohe Hitzebest\u00e4ndigkeit. Kanten und Beschichtung des Kochgeschirrs werden nicht besch\u00e4digt.<\/li>\n<li>Mit einem Durchmesser von 33 cm kann er auf jedem Kochgeschirr bis 32cm verwendet werden und ist auch bestens f\u00fcr Woks geeignet.<\/li>\n<li>Dank der aufwendigen Materialkombination, Edelstahl und Silikon, ist der Spritzschutzdeckel pflegeleicht und sp\u00fclmaschinenfest.<\/li>\n<\/ul>\n<p>\u00d8 33cm, Silikon und Edelstahl18\/10<\/p>\n<input class=\"fooboxshare_post_id\" type=\"hidden\" value=\"18639\"\/>","protected":false},"excerpt":{"rendered":"<p><strong>Kompakter Spritzschutzdeckel <\/strong><\/p>\n<p>\u00d8 33cm, Silikon und Edelstahl18\/10<\/p>\n<p>&nbsp;<\/p>\n<p><img loading=\"lazy\" decoding=\"async\" class=\"alignnone size-full wp-image-21\" src=\"https:\/\/www.moha-swiss.com\/wp-content\/uploads\/2014\/09\/icon-dishwasher.jpg\" alt=\"icon-dishwasher\" width=\"50\" height=\"65\" \/><\/p>\n","protected":false},"featured_media":19532,"comment_status":"closed","ping_status":"closed","template":"","meta":[],"product_brand":[],"product_cat":[63],"product_tag":[278,92],"class_list":{"0":"post-18639","1":"product","2":"type-product","3":"status-publish","4":"has-post-thumbnail","6":"product_cat-cooking-de","7":"product_tag-edelstahl","8":"product_tag-rund-ums-kochen-de","10":"first","11":"instock","12":"shipping-taxable","13":"product-type-simple"},"_links":{"self":[{"href":"https:\/\/www.moha-swiss.com\/de\/wp-json\/wp\/v2\/product\/18639","targetHints":{"allow":["GET"]}}],"collection":[{"href":"https:\/\/www.moha-swiss.com\/de\/wp-json\/wp\/v2\/product"}],"about":[{"href":"https:\/\/www.moha-swiss.com\/de\/wp-json\/wp\/v2\/types\/product"}],"replies":[{"embeddable":true,"href":"https:\/\/www.moha-swiss.com\/de\/wp-json\/wp\/v2\/comments?post=18639"}],"wp:featuredmedia":[{"embeddable":true,"href":"https:\/\/www.moha-swiss.com\/de\/wp-json\/wp\/v2\/media\/19532"}],"wp:attachment":[{"href":"https:\/\/www.moha-swiss.com\/de\/wp-json\/wp\/v2\/media?parent=18639"}],"wp:term":[{"taxonomy":"product_brand","embeddable":true,"href":"https:\/\/www.moha-swiss.com\/de\/wp-json\/wp\/v2\/product_brand?post=18639"},{"taxonomy":"product_cat","embeddable":true,"href":"https:\/\/www.moha-swiss.com\/de\/wp-json\/wp\/v2\/product_cat?post=18639"},{"taxonomy":"product_tag","embeddable":true,"href":"https:\/\/www.moha-swiss.com\/de\/wp-json\/wp\/v2\/product_tag?post=18639"}],"curies":[{"name":"wp","href":"https:\/\/api.w.org\/{rel}","templated":true}]}}