{"id":18352,"date":"2020-02-03T16:40:44","date_gmt":"2020-02-03T15:40:44","guid":{"rendered":"https:\/\/www.moha-swiss.com\/product\/aromatic-6915029\/"},"modified":"2020-02-03T19:09:24","modified_gmt":"2020-02-03T18:09:24","slug":"aromatic-6915029","status":"publish","type":"product","link":"https:\/\/www.moha-swiss.com\/de\/product\/aromatic-6915029\/","title":{"rendered":"AROMATIC 6915029"},"content":{"rendered":"<p><strong>Kr\u00e4uter-, Knoblauch-und Schalottenhacker<\/strong><\/p>\n<p>\u2022 Ergonomisch und f\u00fcr alle H\u00e4nde geeignet, ist AROMATIC ist der einzige H\u00e4xler, der es Ihnen erm\u00f6glicht, leicht, bequem und einfach zu hacken, indem Sie ihn auf der Arbeitsfl\u00e4che oder in Ihren H\u00e4nden hin und her bewegen.                                                                        <\/p>\n<p>\u2022 Ohne Strom und vielseitig einsetzbar, eignet sich AROMATIC besonders f\u00fcr aromatische Kr\u00e4uter (Petersilie, Schnittlauch, Koriander, Basilikum, Minze, Salbei), hart gekochte Eier, Knoblauch, Schalotte sowie N\u00fcsse, Haseln\u00fcsse und Mandeln.                                                                     <\/p>\n<p>&nbsp;<\/p>\n<p>10 x 10 x 8,5cm<br \/>\nPP, POM, SAN, PBT, TPE, Silicone<\/p>\n<input class=\"fooboxshare_post_id\" type=\"hidden\" value=\"18352\"\/>","protected":false},"excerpt":{"rendered":"<p><strong>Kr\u00e4uter-, Knoblauch-und Schalottenhacker<\/strong><\/p>\n<p>10 x 10 x 8,5cm<\/p>\n\n<div data-mode=\"normal\" data-oembed=\"1\" data-provider=\"vimeo\" id=\"arve-vimeo-389030188\" style=\"max-width:740px;\" class=\"arve aligncenter\">\n\t<div class=\"arve-inner\">\n\t\t<div style=\"aspect-ratio:510\/287\" class=\"arve-embed arve-embed--has-aspect-ratio\">\n\t\t\t<div class=\"arve-ar\" style=\"padding-top:56.274510%\"><\/div>\n\t\t\t<iframe allow=\"accelerometer &apos;none&apos;;autoplay &apos;none&apos;;bluetooth &apos;none&apos;;browsing-topics &apos;none&apos;;camera &apos;none&apos;;clipboard-read &apos;none&apos;;clipboard-write;display-capture &apos;none&apos;;encrypted-media &apos;none&apos;;gamepad &apos;none&apos;;geolocation &apos;none&apos;;gyroscope &apos;none&apos;;hid &apos;none&apos;;identity-credentials-get &apos;none&apos;;idle-detection &apos;none&apos;;keyboard-map &apos;none&apos;;local-fonts;magnetometer &apos;none&apos;;microphone &apos;none&apos;;midi &apos;none&apos;;otp-credentials &apos;none&apos;;payment &apos;none&apos;;picture-in-picture;publickey-credentials-create &apos;none&apos;;publickey-credentials-get &apos;none&apos;;screen-wake-lock &apos;none&apos;;serial &apos;none&apos;;summarizer &apos;none&apos;;sync-xhr;usb &apos;none&apos;;web-share;window-management &apos;none&apos;;xr-spatial-tracking &apos;none&apos;;\" allowfullscreen=\"\" class=\"arve-iframe fitvidsignore\" credentialless data-arve=\"arve-vimeo-389030188\" data-lenis-prevent=\"\" data-src-no-ap=\"https:\/\/player.vimeo.com\/video\/389030188?dnt=1&amp;app_id=122963&amp;html5=1&amp;title=0&amp;byline=0&amp;portrait=0&amp;autoplay=0\" frameborder=\"0\" height=\"416.43137254902\" loading=\"lazy\" name=\"\" referrerpolicy=\"strict-origin-when-cross-origin\" sandbox=\"allow-scripts allow-same-origin allow-presentation allow-popups allow-popups-to-escape-sandbox allow-forms\" scrolling=\"no\" src=\"https:\/\/player.vimeo.com\/video\/389030188?dnt=1&#038;app_id=122963&#038;html5=1&#038;title=0&#038;byline=0&#038;portrait=0&#038;autoplay=0\" title=\"\" width=\"740\"><\/iframe>\n\t\t\t\n\t\t<\/div>\n\t\t\n\t<\/div>\n\t\n\t\n\t<script type=\"application\/ld+json\">{\"@context\":\"http:\\\/\\\/schema.org\\\/\",\"@id\":\"https:\\\/\\\/www.moha-swiss.com\\\/de\\\/product\\\/aromatic-6915029\\\/#arve-vimeo-389030188\",\"type\":\"VideoObject\",\"embedURL\":\"https:\\\/\\\/player.vimeo.com\\\/video\\\/389030188?dnt=1&app_id=122963&html5=1&title=0&byline=0&portrait=0&autoplay=0\"}<\/script>\n\t\n<\/div>\n<p><img loading=\"lazy\" decoding=\"async\" class=\"alignnone size-full wp-image-21\" src=\"https:\/\/www.moha-swiss.com\/wp-content\/uploads\/2014\/09\/icon-dishwasher.jpg\" alt=\"icon-dishwasher\" width=\"50\" height=\"65\" \/><\/p>\n","protected":false},"featured_media":18592,"comment_status":"closed","ping_status":"closed","template":"","meta":[],"product_brand":[],"product_cat":[51],"product_tag":[310,106,308,427,98],"class_list":{"0":"post-18352","1":"product","2":"type-product","3":"status-publish","4":"has-post-thumbnail","6":"product_cat-chopping-cutting-de","7":"product_tag-gemuese","8":"product_tag-hacken-de","9":"product_tag-hacker","10":"product_tag-multifunktion","11":"product_tag-schneiden-de","13":"first","14":"instock","15":"featured","16":"shipping-taxable","17":"product-type-simple"},"_links":{"self":[{"href":"https:\/\/www.moha-swiss.com\/de\/wp-json\/wp\/v2\/product\/18352","targetHints":{"allow":["GET"]}}],"collection":[{"href":"https:\/\/www.moha-swiss.com\/de\/wp-json\/wp\/v2\/product"}],"about":[{"href":"https:\/\/www.moha-swiss.com\/de\/wp-json\/wp\/v2\/types\/product"}],"replies":[{"embeddable":true,"href":"https:\/\/www.moha-swiss.com\/de\/wp-json\/wp\/v2\/comments?post=18352"}],"wp:featuredmedia":[{"embeddable":true,"href":"https:\/\/www.moha-swiss.com\/de\/wp-json\/wp\/v2\/media\/18592"}],"wp:attachment":[{"href":"https:\/\/www.moha-swiss.com\/de\/wp-json\/wp\/v2\/media?parent=18352"}],"wp:term":[{"taxonomy":"product_brand","embeddable":true,"href":"https:\/\/www.moha-swiss.com\/de\/wp-json\/wp\/v2\/product_brand?post=18352"},{"taxonomy":"product_cat","embeddable":true,"href":"https:\/\/www.moha-swiss.com\/de\/wp-json\/wp\/v2\/product_cat?post=18352"},{"taxonomy":"product_tag","embeddable":true,"href":"https:\/\/www.moha-swiss.com\/de\/wp-json\/wp\/v2\/product_tag?post=18352"}],"curies":[{"name":"wp","href":"https:\/\/api.w.org\/{rel}","templated":true}]}}