{"id":18315,"date":"2020-02-03T15:08:38","date_gmt":"2020-02-03T14:08:38","guid":{"rendered":"https:\/\/www.moha-swiss.com\/product\/culinario-6950801\/"},"modified":"2020-02-03T15:20:08","modified_gmt":"2020-02-03T14:20:08","slug":"culinario-6950801","status":"publish","type":"product","link":"https:\/\/www.moha-swiss.com\/de\/product\/culinario-6950801\/","title":{"rendered":"CULINARIO  6950801"},"content":{"rendered":"<p><strong>Servierl\u00f6ffel<\/strong><\/p>\n<p>\u2022 K\u00fcchenutensilie aus Nylon mit hochwertiger Silikonbeschichtung, hitzebest\u00e4ndig bis 220\u00b0C.                                                 <\/p>\n<p>\u2022 Culinarion erlaubt Ihnen ein Arbeiten in allen Beh\u00e4ltern, ohne deren Beschichtung zu besch\u00e4digen.    <\/p>\n<p>\u2022 Die Silikonoberfl\u00e4che verhindert ein Rutschen der Utensilien in die Pfannen, Salatsch\u00fcsseln, Gastronorm Beh\u00e4lter. Ergonomische Form, angenehm in der Hand, einfache Handhabung.                                                                                             <\/p>\n<p>\u2022 Elegante und moderne Form. Sauberes und pr\u00e4zises Servieren. Einfache Reinigung.<\/p>\n<p>&nbsp;<\/p>\n<p>34cm x 6.5cm<br \/>\nSilikon und Nylon<\/p>\n<input class=\"fooboxshare_post_id\" type=\"hidden\" value=\"18315\"\/>","protected":false},"excerpt":{"rendered":"<p><strong>Servierl\u00f6ffel<\/strong><\/p>\n<p>Silikon und Nylon<\/p>\n<p><img loading=\"lazy\" decoding=\"async\" class=\"alignnone size-full wp-image-21\" src=\"https:\/\/www.moha-swiss.com\/wp-content\/uploads\/2014\/09\/icon-dishwasher.jpg\" alt=\"icon-dishwasher\" width=\"50\" height=\"65\" \/><\/p>\n","protected":false},"featured_media":18610,"comment_status":"closed","ping_status":"closed","template":"","meta":[],"product_brand":[],"product_cat":[472],"product_tag":[296,399,441,92,286,360,367],"class_list":{"0":"post-18315","1":"product","2":"type-product","3":"status-publish","4":"has-post-thumbnail","6":"product_cat-essentials-de","7":"product_tag-braten","8":"product_tag-loeffel","9":"product_tag-pfanne","10":"product_tag-rund-ums-kochen-de","11":"product_tag-schuesseln-vorlegeteile","12":"product_tag-silikon","13":"product_tag-vorlegeteile","15":"first","16":"instock","17":"shipping-taxable","18":"product-type-simple"},"_links":{"self":[{"href":"https:\/\/www.moha-swiss.com\/de\/wp-json\/wp\/v2\/product\/18315","targetHints":{"allow":["GET"]}}],"collection":[{"href":"https:\/\/www.moha-swiss.com\/de\/wp-json\/wp\/v2\/product"}],"about":[{"href":"https:\/\/www.moha-swiss.com\/de\/wp-json\/wp\/v2\/types\/product"}],"replies":[{"embeddable":true,"href":"https:\/\/www.moha-swiss.com\/de\/wp-json\/wp\/v2\/comments?post=18315"}],"wp:featuredmedia":[{"embeddable":true,"href":"https:\/\/www.moha-swiss.com\/de\/wp-json\/wp\/v2\/media\/18610"}],"wp:attachment":[{"href":"https:\/\/www.moha-swiss.com\/de\/wp-json\/wp\/v2\/media?parent=18315"}],"wp:term":[{"taxonomy":"product_brand","embeddable":true,"href":"https:\/\/www.moha-swiss.com\/de\/wp-json\/wp\/v2\/product_brand?post=18315"},{"taxonomy":"product_cat","embeddable":true,"href":"https:\/\/www.moha-swiss.com\/de\/wp-json\/wp\/v2\/product_cat?post=18315"},{"taxonomy":"product_tag","embeddable":true,"href":"https:\/\/www.moha-swiss.com\/de\/wp-json\/wp\/v2\/product_tag?post=18315"}],"curies":[{"name":"wp","href":"https:\/\/api.w.org\/{rel}","templated":true}]}}