{"id":18309,"date":"2020-02-03T14:54:58","date_gmt":"2020-02-03T13:54:58","guid":{"rendered":"https:\/\/www.moha-swiss.com\/product\/culinario-louche-6950800\/"},"modified":"2020-02-03T15:13:46","modified_gmt":"2020-02-03T14:13:46","slug":"culinario-louche-6950800","status":"publish","type":"product","link":"https:\/\/www.moha-swiss.com\/de\/product\/culinario-louche-6950800\/","title":{"rendered":"CULINARIO 6950800"},"content":{"rendered":"<p><strong>Suppensch\u00f6pfer<\/strong><\/p>\n<p>\u2022 K\u00fcchenutensilie aus Nylon mit hochwertiger Silikonbeschichtung, hitzebest\u00e4ndig bis 220\u00b0C.                                                 <\/p>\n<p>\u2022 Culinarion erlaubt Ihnen ein Arbeiten in allen Beh\u00e4ltern, ohne deren Beschichtung zu besch\u00e4digen.    <\/p>\n<p>\u2022 Die Silikonoberfl\u00e4che verhindert ein Rutschen der Utensilien in die Pfannen, Salatsch\u00fcsseln, Gastronorm Beh\u00e4lter. Ergonomische Form, angenehm in der Hand, einfache Handhabung.                                                                                             <\/p>\n<p>\u2022 Elegante und moderne Form. Sauberes und pr\u00e4zises Servieren. Einfache Reinigung.<\/p>\n<p>&nbsp;<\/p>\n<p>31cm x 9.5cm<br \/>\nSilikon und nylon<\/p>\n<input class=\"fooboxshare_post_id\" type=\"hidden\" value=\"18309\"\/>","protected":false},"excerpt":{"rendered":"<p><strong>Suppensch\u00f6pfer<\/strong><\/p>\n<p>Silikon und nylon<\/p>\n<p><img loading=\"lazy\" decoding=\"async\" class=\"alignnone size-full wp-image-21\" src=\"https:\/\/www.moha-swiss.com\/wp-content\/uploads\/2014\/09\/icon-dishwasher.jpg\" alt=\"icon-dishwasher\" width=\"50\" height=\"65\" \/><\/p>\n","protected":false},"featured_media":18613,"comment_status":"closed","ping_status":"closed","template":"","meta":[],"product_brand":[],"product_cat":[472],"product_tag":[399,92,286,360,367],"class_list":{"0":"post-18309","1":"product","2":"type-product","3":"status-publish","4":"has-post-thumbnail","6":"product_cat-essentials-de","7":"product_tag-loeffel","8":"product_tag-rund-ums-kochen-de","9":"product_tag-schuesseln-vorlegeteile","10":"product_tag-silikon","11":"product_tag-vorlegeteile","13":"first","14":"instock","15":"shipping-taxable","16":"product-type-simple"},"_links":{"self":[{"href":"https:\/\/www.moha-swiss.com\/de\/wp-json\/wp\/v2\/product\/18309","targetHints":{"allow":["GET"]}}],"collection":[{"href":"https:\/\/www.moha-swiss.com\/de\/wp-json\/wp\/v2\/product"}],"about":[{"href":"https:\/\/www.moha-swiss.com\/de\/wp-json\/wp\/v2\/types\/product"}],"replies":[{"embeddable":true,"href":"https:\/\/www.moha-swiss.com\/de\/wp-json\/wp\/v2\/comments?post=18309"}],"wp:featuredmedia":[{"embeddable":true,"href":"https:\/\/www.moha-swiss.com\/de\/wp-json\/wp\/v2\/media\/18613"}],"wp:attachment":[{"href":"https:\/\/www.moha-swiss.com\/de\/wp-json\/wp\/v2\/media?parent=18309"}],"wp:term":[{"taxonomy":"product_brand","embeddable":true,"href":"https:\/\/www.moha-swiss.com\/de\/wp-json\/wp\/v2\/product_brand?post=18309"},{"taxonomy":"product_cat","embeddable":true,"href":"https:\/\/www.moha-swiss.com\/de\/wp-json\/wp\/v2\/product_cat?post=18309"},{"taxonomy":"product_tag","embeddable":true,"href":"https:\/\/www.moha-swiss.com\/de\/wp-json\/wp\/v2\/product_tag?post=18309"}],"curies":[{"name":"wp","href":"https:\/\/api.w.org\/{rel}","templated":true}]}}