{"id":18044,"date":"2019-02-07T19:04:42","date_gmt":"2019-02-07T18:04:43","guid":{"rendered":"https:\/\/www.moha-swiss.com\/?post_type=product&#038;p=18044"},"modified":"2020-02-03T19:13:51","modified_gmt":"2020-02-03T18:13:51","slug":"reverso-veggie-6945618","status":"publish","type":"product","link":"https:\/\/www.moha-swiss.com\/de\/product\/reverso-veggie-6945618\/","title":{"rendered":"REVERSO VEGGIE 6945618"},"content":{"rendered":"<p><strong>Verstellbarer Sch\u00e4ler<\/strong><\/p>\n<p>\u2022 REVERSO, der schlaue Sch\u00e4ler, passt sich Ihrer Art zu sch\u00e4len und Ihrem Gem\u00fcse an. Manche sch\u00e4len sich leichter mit gerader Klinge (Kartoffeln), andere der L\u00e4nge nach mit quergestellter Klinge (Karotten, Tomaten, Spargel). Im Handumdrehen w\u00e4hlen Sie die ideale Position.<\/p>\n<p>\u2022 Seine sehr scharfe Keramikklinge und sein ausgesuchtes Material lassen ihn sehr leicht reinigen, von Hand oder in der Sp\u00fclmaschine.<\/p>\n<p>\u2022 Der REVERSO Veggie mit glatter Klinge und Ausstecher ist speziell f\u00fcr Kartoffeln, feines und gr\u00f6sseres Gem\u00fcse gedacht.  Seine Pendelklinge sch\u00e4lt schnell und in beide Richtungen. <\/p>\n<p>&nbsp;<\/p>\n<p>L 20cm x P 9cm x H 2cm<\/p>\n<input class=\"fooboxshare_post_id\" type=\"hidden\" value=\"18044\"\/>","protected":false},"excerpt":{"rendered":"<p><strong>Verstellbarer Sch\u00e4ler<\/strong><\/p>\n<p>ABS, Edelstahl<\/p>\n<p>&nbsp;<\/p>\n\n<div data-mode=\"normal\" data-oembed=\"1\" data-provider=\"vimeo\" id=\"arve-vimeo-152168434\" style=\"max-width:300px;\" class=\"arve aligncenter\">\n\t<div class=\"arve-inner\">\n\t\t<div style=\"aspect-ratio:510\/287\" class=\"arve-embed arve-embed--has-aspect-ratio\">\n\t\t\t<div class=\"arve-ar\" style=\"padding-top:56.274510%\"><\/div>\n\t\t\t<iframe allow=\"accelerometer &apos;none&apos;;autoplay &apos;none&apos;;bluetooth &apos;none&apos;;browsing-topics &apos;none&apos;;camera &apos;none&apos;;clipboard-read &apos;none&apos;;clipboard-write;display-capture &apos;none&apos;;encrypted-media &apos;none&apos;;gamepad &apos;none&apos;;geolocation &apos;none&apos;;gyroscope &apos;none&apos;;hid &apos;none&apos;;identity-credentials-get &apos;none&apos;;idle-detection &apos;none&apos;;keyboard-map &apos;none&apos;;local-fonts;magnetometer &apos;none&apos;;microphone &apos;none&apos;;midi &apos;none&apos;;otp-credentials &apos;none&apos;;payment &apos;none&apos;;picture-in-picture;publickey-credentials-create &apos;none&apos;;publickey-credentials-get &apos;none&apos;;screen-wake-lock &apos;none&apos;;serial &apos;none&apos;;summarizer &apos;none&apos;;sync-xhr;usb &apos;none&apos;;web-share;window-management &apos;none&apos;;xr-spatial-tracking &apos;none&apos;;\" allowfullscreen=\"\" class=\"arve-iframe fitvidsignore\" credentialless data-arve=\"arve-vimeo-152168434\" data-lenis-prevent=\"\" data-src-no-ap=\"https:\/\/player.vimeo.com\/video\/152168434?dnt=1&amp;app_id=122963&amp;html5=1&amp;title=0&amp;byline=0&amp;portrait=0&amp;autoplay=0\" frameborder=\"0\" height=\"168.82352941176\" loading=\"lazy\" name=\"\" referrerpolicy=\"strict-origin-when-cross-origin\" sandbox=\"allow-scripts allow-same-origin allow-presentation allow-popups allow-popups-to-escape-sandbox allow-forms\" scrolling=\"no\" src=\"https:\/\/player.vimeo.com\/video\/152168434?dnt=1&#038;app_id=122963&#038;html5=1&#038;title=0&#038;byline=0&#038;portrait=0&#038;autoplay=0\" title=\"\" width=\"300\"><\/iframe>\n\t\t\t\n\t\t<\/div>\n\t\t\n\t<\/div>\n\t\n\t\n\t<script type=\"application\/ld+json\">{\"@context\":\"http:\\\/\\\/schema.org\\\/\",\"@id\":\"https:\\\/\\\/www.moha-swiss.com\\\/de\\\/product\\\/reverso-veggie-6945618\\\/#arve-vimeo-152168434\",\"type\":\"VideoObject\",\"embedURL\":\"https:\\\/\\\/player.vimeo.com\\\/video\\\/152168434?dnt=1&app_id=122963&html5=1&title=0&byline=0&portrait=0&autoplay=0\"}<\/script>\n\t\n<\/div>\n<p>&nbsp;<\/p>\n<p><img loading=\"lazy\" decoding=\"async\" class=\"alignnone size-full wp-image-21\" src=\"https:\/\/www.moha-swiss.com\/wp-content\/uploads\/2014\/09\/icon-dishwasher.jpg\" alt=\"icon-dishwasher\" width=\"50\" height=\"65\" \/><\/p>\n","protected":false},"featured_media":18544,"comment_status":"closed","ping_status":"closed","template":"","meta":[],"product_brand":[],"product_cat":[495],"product_tag":[304,310,102,300],"class_list":{"0":"post-18044","1":"product","2":"type-product","3":"status-publish","4":"has-post-thumbnail","6":"product_cat-fruits-vegetables-de","7":"product_tag-fruechte","8":"product_tag-gemuese","9":"product_tag-schalen-de","10":"product_tag-schaeler","12":"first","13":"instock","14":"featured","15":"shipping-taxable","16":"product-type-simple"},"_links":{"self":[{"href":"https:\/\/www.moha-swiss.com\/de\/wp-json\/wp\/v2\/product\/18044","targetHints":{"allow":["GET"]}}],"collection":[{"href":"https:\/\/www.moha-swiss.com\/de\/wp-json\/wp\/v2\/product"}],"about":[{"href":"https:\/\/www.moha-swiss.com\/de\/wp-json\/wp\/v2\/types\/product"}],"replies":[{"embeddable":true,"href":"https:\/\/www.moha-swiss.com\/de\/wp-json\/wp\/v2\/comments?post=18044"}],"wp:featuredmedia":[{"embeddable":true,"href":"https:\/\/www.moha-swiss.com\/de\/wp-json\/wp\/v2\/media\/18544"}],"wp:attachment":[{"href":"https:\/\/www.moha-swiss.com\/de\/wp-json\/wp\/v2\/media?parent=18044"}],"wp:term":[{"taxonomy":"product_brand","embeddable":true,"href":"https:\/\/www.moha-swiss.com\/de\/wp-json\/wp\/v2\/product_brand?post=18044"},{"taxonomy":"product_cat","embeddable":true,"href":"https:\/\/www.moha-swiss.com\/de\/wp-json\/wp\/v2\/product_cat?post=18044"},{"taxonomy":"product_tag","embeddable":true,"href":"https:\/\/www.moha-swiss.com\/de\/wp-json\/wp\/v2\/product_tag?post=18044"}],"curies":[{"name":"wp","href":"https:\/\/api.w.org\/{rel}","templated":true}]}}