{"id":18025,"date":"2019-02-07T18:36:23","date_gmt":"2019-02-07T17:36:24","guid":{"rendered":"https:\/\/www.moha-swiss.com\/?post_type=product&#038;p=18025"},"modified":"2019-02-07T18:50:18","modified_gmt":"2019-02-07T17:50:18","slug":"easy-press-pro-6931078","status":"publish","type":"product","link":"https:\/\/www.moha-swiss.com\/de\/product\/easy-press-pro-6931078\/","title":{"rendered":"EASY PRESS PRO 6931078"},"content":{"rendered":"<p><strong>Gem\u00fcsepresse<\/strong><\/p>\n<p>\u2022 Gem\u00fcsepresse aus Edelstahl. Sehr einfach zu benutzen und zu reinigen. <\/p>\n<p>\u2022 2 Scheiben zur Auswahl : fein und grob.   <\/p>\n<p>\u2022 Ideal f\u00fcr Kartoffeln, Karotten, K\u00fcrbis oder andere gekochten Gem\u00fcse.<\/p>\n<p>&nbsp;<\/p>\n<p>L:29cm; W:11cm; D:12cm<\/p>\n<input class=\"fooboxshare_post_id\" type=\"hidden\" value=\"18025\"\/>","protected":false},"excerpt":{"rendered":"<p><strong>Gem\u00fcsepresse<\/strong><\/p>\n<p>Edelstahl<\/p>\n<p>&nbsp;<\/p>\n<p><img loading=\"lazy\" decoding=\"async\" class=\"alignnone size-full wp-image-21\" src=\"https:\/\/www.moha-swiss.com\/wp-content\/uploads\/2014\/09\/icon-dishwasher.jpg\" alt=\"icon-dishwasher\" width=\"50\" height=\"65\" \/><\/p>\n","protected":false},"featured_media":18231,"comment_status":"closed","ping_status":"closed","template":"","meta":[],"product_brand":[],"product_cat":[495],"product_tag":[310,547,330],"class_list":{"0":"post-18025","1":"product","2":"type-product","3":"status-publish","4":"has-post-thumbnail","6":"product_cat-fruits-vegetables-de","7":"product_tag-gemuese","8":"product_tag-karotten","9":"product_tag-kartoffeln","11":"first","12":"instock","13":"shipping-taxable","14":"product-type-simple"},"_links":{"self":[{"href":"https:\/\/www.moha-swiss.com\/de\/wp-json\/wp\/v2\/product\/18025","targetHints":{"allow":["GET"]}}],"collection":[{"href":"https:\/\/www.moha-swiss.com\/de\/wp-json\/wp\/v2\/product"}],"about":[{"href":"https:\/\/www.moha-swiss.com\/de\/wp-json\/wp\/v2\/types\/product"}],"replies":[{"embeddable":true,"href":"https:\/\/www.moha-swiss.com\/de\/wp-json\/wp\/v2\/comments?post=18025"}],"wp:featuredmedia":[{"embeddable":true,"href":"https:\/\/www.moha-swiss.com\/de\/wp-json\/wp\/v2\/media\/18231"}],"wp:attachment":[{"href":"https:\/\/www.moha-swiss.com\/de\/wp-json\/wp\/v2\/media?parent=18025"}],"wp:term":[{"taxonomy":"product_brand","embeddable":true,"href":"https:\/\/www.moha-swiss.com\/de\/wp-json\/wp\/v2\/product_brand?post=18025"},{"taxonomy":"product_cat","embeddable":true,"href":"https:\/\/www.moha-swiss.com\/de\/wp-json\/wp\/v2\/product_cat?post=18025"},{"taxonomy":"product_tag","embeddable":true,"href":"https:\/\/www.moha-swiss.com\/de\/wp-json\/wp\/v2\/product_tag?post=18025"}],"curies":[{"name":"wp","href":"https:\/\/api.w.org\/{rel}","templated":true}]}}