{"id":17986,"date":"2019-02-07T16:28:43","date_gmt":"2019-02-07T15:28:44","guid":{"rendered":"https:\/\/www.moha-swiss.com\/?post_type=product&#038;p=17986"},"modified":"2020-02-03T19:11:53","modified_gmt":"2020-02-03T18:11:53","slug":"speedy-6915009","status":"publish","type":"product","link":"https:\/\/www.moha-swiss.com\/de\/product\/speedy-6915009\/","title":{"rendered":"SPEEDY 6915009"},"content":{"rendered":"<p><strong>Ultraschneller Hacker mit patentiertem Schneidesystem<\/strong><\/p>\n<p>\u2022 Schneidet, hackt, mixt perfekt Gem\u00fcse, Obst, Gew\u00fcrzkr\u00e4uter \u2026ohne sie zu zerdr\u00fccken. Geschmack und Vitamine der Lebensmittel bleiben erhalten.<\/p>\n<p>\u2022 In wenigen Sekunden und ohne Anstrengung, 5 bis 10 x Ziehen reicht.<\/p>\n<p>\u2022 Praktisch, effizient, sparsam, leicht zu reinigen. Mit seinen 0,6 l Inhalt, ein unentbehrliches Ger\u00e4t f\u00fcr all Ihre s\u00fcssen oder herzhaften Gerichte.<\/p>\n<p>&nbsp;<\/p>\n<p>H: 7.2 cm  \u00d8: 12.3 cm  Kapazit\u00e4t 0.6l<\/p>\n<input class=\"fooboxshare_post_id\" type=\"hidden\" value=\"17986\"\/>","protected":false},"excerpt":{"rendered":"<p><strong>Ultraschneller Hacker<\/strong><\/p>\n<p>SAN, ABS, PP, POM, Edelstahl<\/p>\n<p>&nbsp;<\/p>\n","protected":false},"featured_media":18249,"comment_status":"closed","ping_status":"closed","template":"","meta":[],"product_brand":[],"product_cat":[51],"product_tag":[310,106,308,427,98],"class_list":{"0":"post-17986","1":"product","2":"type-product","3":"status-publish","4":"has-post-thumbnail","6":"product_cat-chopping-cutting-de","7":"product_tag-gemuese","8":"product_tag-hacken-de","9":"product_tag-hacker","10":"product_tag-multifunktion","11":"product_tag-schneiden-de","13":"first","14":"instock","15":"shipping-taxable","16":"product-type-simple"},"_links":{"self":[{"href":"https:\/\/www.moha-swiss.com\/de\/wp-json\/wp\/v2\/product\/17986","targetHints":{"allow":["GET"]}}],"collection":[{"href":"https:\/\/www.moha-swiss.com\/de\/wp-json\/wp\/v2\/product"}],"about":[{"href":"https:\/\/www.moha-swiss.com\/de\/wp-json\/wp\/v2\/types\/product"}],"replies":[{"embeddable":true,"href":"https:\/\/www.moha-swiss.com\/de\/wp-json\/wp\/v2\/comments?post=17986"}],"wp:featuredmedia":[{"embeddable":true,"href":"https:\/\/www.moha-swiss.com\/de\/wp-json\/wp\/v2\/media\/18249"}],"wp:attachment":[{"href":"https:\/\/www.moha-swiss.com\/de\/wp-json\/wp\/v2\/media?parent=17986"}],"wp:term":[{"taxonomy":"product_brand","embeddable":true,"href":"https:\/\/www.moha-swiss.com\/de\/wp-json\/wp\/v2\/product_brand?post=17986"},{"taxonomy":"product_cat","embeddable":true,"href":"https:\/\/www.moha-swiss.com\/de\/wp-json\/wp\/v2\/product_cat?post=17986"},{"taxonomy":"product_tag","embeddable":true,"href":"https:\/\/www.moha-swiss.com\/de\/wp-json\/wp\/v2\/product_tag?post=17986"}],"curies":[{"name":"wp","href":"https:\/\/api.w.org\/{rel}","templated":true}]}}