{"id":17894,"date":"2019-02-04T11:28:13","date_gmt":"2019-02-04T10:28:14","guid":{"rendered":"https:\/\/www.moha-swiss.com\/?post_type=product&#038;p=17894"},"modified":"2020-10-01T06:19:03","modified_gmt":"2020-10-01T05:19:03","slug":"protecto-m-l-6981632","status":"publish","type":"product","link":"https:\/\/www.moha-swiss.com\/de\/product\/protecto-m-l-6981632\/","title":{"rendered":"PROTECTO M\/L 6981632"},"content":{"rendered":"<p><strong>Der schnittfeste Handschuh der sich an die Gr\u00f6sse ihre H\u00e4nde anpasst<br \/>\nGr\u00f6sse : M\/L<\/strong><\/p>\n<p>\u2022 PROTECTO garantiert Ihnen den notwendigen Schutz w\u00e4hrend ihren Zubereitungen beim Kochen: Sch\u00e4len und Schneiden von Gem\u00fcse, Fr\u00fcchten, Fleisch, usw.<\/p>\n<p>\u2022 Beidh\u00e4ndig, ergonomisch und wie eine neue Haut, garantiert der PROTECTO Ihnen Bewegungsfreiheit beim Schneiden.<\/p>\n<p>\u2022 PROTECTO ist mit verst\u00e4rkten und biegsamen Kunstfasern hoher Qualit\u00e4t hergestellt; das macht seine Benutzung angenehm.<\/p>\n<p>\u2022 Waschbar bei 30\u00b0C.<\/p>\n<p>\u2022 2 verf\u00fcgbare Gr\u00f6ssen: S\/M und M\/L<\/p>\n<p>\u2022 Achtung: nicht mit einer W\u00e4rmequelle in Kontakt bringen.<\/p>\n<p>&nbsp;<\/p>\n<p>M\/L :  L 23cm; L 9.5cm<\/p>\n<p>S\/M : L18.5cm; L 8.5cm  Art.-Nr. 6981630<\/p>\n<p><a href=\"https:\/\/www.moha-swiss.com\/wp-content\/uploads\/2020\/10\/Certification-CE_6981630_6981632_PROTECTO.pdf\" rel=\"noopener noreferrer\" target=\"_blank\">CE Zertifikat<\/a><\/p>\n<input class=\"fooboxshare_post_id\" type=\"hidden\" value=\"17894\"\/>","protected":false},"excerpt":{"rendered":"<p><strong>Schnittfeste Handschuh<\/strong><\/p>\n<p>PE \/ Gr\u00f6sse : M\/L<\/p>\n<p><a href=\"https:\/\/www.moha-swiss.com\/wp-content\/uploads\/2020\/10\/Certification-CE_6981630_6981632_PROTECTO.pdf\" rel=\"noopener noreferrer\" target=\"_blank\">CE Zertifikat<\/a><\/p>\n<p>&nbsp;<\/p>\n","protected":false},"featured_media":18255,"comment_status":"closed","ping_status":"closed","template":"","meta":[],"product_brand":[],"product_cat":[51],"product_tag":[411,296,441,92,306],"class_list":{"0":"post-17894","1":"product","2":"type-product","3":"status-publish","4":"has-post-thumbnail","6":"product_cat-chopping-cutting-de","7":"product_tag-backofen","8":"product_tag-braten","9":"product_tag-pfanne","10":"product_tag-rund-ums-kochen-de","11":"product_tag-schutzhandschuh","13":"first","14":"instock","15":"shipping-taxable","16":"product-type-simple"},"_links":{"self":[{"href":"https:\/\/www.moha-swiss.com\/de\/wp-json\/wp\/v2\/product\/17894","targetHints":{"allow":["GET"]}}],"collection":[{"href":"https:\/\/www.moha-swiss.com\/de\/wp-json\/wp\/v2\/product"}],"about":[{"href":"https:\/\/www.moha-swiss.com\/de\/wp-json\/wp\/v2\/types\/product"}],"replies":[{"embeddable":true,"href":"https:\/\/www.moha-swiss.com\/de\/wp-json\/wp\/v2\/comments?post=17894"}],"wp:featuredmedia":[{"embeddable":true,"href":"https:\/\/www.moha-swiss.com\/de\/wp-json\/wp\/v2\/media\/18255"}],"wp:attachment":[{"href":"https:\/\/www.moha-swiss.com\/de\/wp-json\/wp\/v2\/media?parent=17894"}],"wp:term":[{"taxonomy":"product_brand","embeddable":true,"href":"https:\/\/www.moha-swiss.com\/de\/wp-json\/wp\/v2\/product_brand?post=17894"},{"taxonomy":"product_cat","embeddable":true,"href":"https:\/\/www.moha-swiss.com\/de\/wp-json\/wp\/v2\/product_cat?post=17894"},{"taxonomy":"product_tag","embeddable":true,"href":"https:\/\/www.moha-swiss.com\/de\/wp-json\/wp\/v2\/product_tag?post=17894"}],"curies":[{"name":"wp","href":"https:\/\/api.w.org\/{rel}","templated":true}]}}