{"id":17876,"date":"2019-02-04T10:14:04","date_gmt":"2019-02-04T09:14:06","guid":{"rendered":"https:\/\/www.moha-swiss.com\/?post_type=product&#038;p=17876"},"modified":"2019-02-04T10:27:54","modified_gmt":"2019-02-04T09:27:54","slug":"pinza-6950744","status":"publish","type":"product","link":"https:\/\/www.moha-swiss.com\/de\/product\/pinza-6950744\/","title":{"rendered":"PINZA 6950744"},"content":{"rendered":"<p><strong>Servier-und Kochzange<\/strong><\/p>\n<p>\u2022 Dank ihrer ergonomischen Griffe garantiert PINZA einen guten Halt in der Hand und erlaubt das Portionieren und Servieren Ihrer Speisen sauber und pr\u00e4zise mit augestreckter Hand.<\/p>\n<p>\u2022 Abgerundete Form des Vorderteils erlaubt ein gutes Abtropfen vor dem Servieren und gew\u00e4hrt eine optimale Hygiene, da die Zange mit den Ablagefl\u00e4chen (Teller, Arbeitsfl\u00e4che, Tisch) nicht in Kontakt kommt.<\/p>\n<p>\u2022 PINZA ist praktisch und rutscht nicht ins Kochgeschirr.<\/p>\n<p>\u2022 Dank der Beschichtung aus hochwertigem Silikon ist diese Kochzange bis 220\u00b0C hitzebest\u00e4ndig und schont antihaftbeschichtetes Kochgeschirr.<\/p>\n<p>&nbsp;<\/p>\n<p>L: 30.8 cm W: 7 cm<\/p>\n<input class=\"fooboxshare_post_id\" type=\"hidden\" value=\"17876\"\/>","protected":false},"excerpt":{"rendered":"<p><strong>Servier-und Kochzange<\/strong><\/p>\n<p>Edelstahl 18\/10 und Silikon<\/p>\n<p>&nbsp;<\/p>\n<p><img loading=\"lazy\" decoding=\"async\" class=\"alignnone size-full wp-image-21\" src=\"https:\/\/www.moha-swiss.com\/wp-content\/uploads\/2014\/09\/icon-dishwasher.jpg\" alt=\"icon-dishwasher\" width=\"50\" height=\"65\" \/><\/p>\n","protected":false},"featured_media":18267,"comment_status":"closed","ping_status":"closed","template":"","meta":[],"product_brand":[],"product_cat":[472],"product_tag":[296,278,481,441,92,528,360],"class_list":{"0":"post-17876","1":"product","2":"type-product","3":"status-publish","4":"has-post-thumbnail","6":"product_cat-essentials-de","7":"product_tag-braten","8":"product_tag-edelstahl","9":"product_tag-essentials-de","10":"product_tag-pfanne","11":"product_tag-rund-ums-kochen-de","12":"product_tag-servierzange","13":"product_tag-silikon","15":"first","16":"instock","17":"shipping-taxable","18":"product-type-simple"},"_links":{"self":[{"href":"https:\/\/www.moha-swiss.com\/de\/wp-json\/wp\/v2\/product\/17876","targetHints":{"allow":["GET"]}}],"collection":[{"href":"https:\/\/www.moha-swiss.com\/de\/wp-json\/wp\/v2\/product"}],"about":[{"href":"https:\/\/www.moha-swiss.com\/de\/wp-json\/wp\/v2\/types\/product"}],"replies":[{"embeddable":true,"href":"https:\/\/www.moha-swiss.com\/de\/wp-json\/wp\/v2\/comments?post=17876"}],"wp:featuredmedia":[{"embeddable":true,"href":"https:\/\/www.moha-swiss.com\/de\/wp-json\/wp\/v2\/media\/18267"}],"wp:attachment":[{"href":"https:\/\/www.moha-swiss.com\/de\/wp-json\/wp\/v2\/media?parent=17876"}],"wp:term":[{"taxonomy":"product_brand","embeddable":true,"href":"https:\/\/www.moha-swiss.com\/de\/wp-json\/wp\/v2\/product_brand?post=17876"},{"taxonomy":"product_cat","embeddable":true,"href":"https:\/\/www.moha-swiss.com\/de\/wp-json\/wp\/v2\/product_cat?post=17876"},{"taxonomy":"product_tag","embeddable":true,"href":"https:\/\/www.moha-swiss.com\/de\/wp-json\/wp\/v2\/product_tag?post=17876"}],"curies":[{"name":"wp","href":"https:\/\/api.w.org\/{rel}","templated":true}]}}