{"id":16977,"date":"2018-02-15T09:34:10","date_gmt":"2018-02-15T08:34:10","guid":{"rendered":"https:\/\/www.moha-swiss.com\/product\/mani-81390\/"},"modified":"2020-02-03T19:05:07","modified_gmt":"2020-02-03T18:05:07","slug":"mani-6981390","status":"publish","type":"product","link":"https:\/\/www.moha-swiss.com\/de\/product\/mani-6981390\/","title":{"rendered":"MANI 6981390"},"content":{"rendered":"<p><strong>Multifunktionszange<\/strong><\/p>\n<p>Vielseitig und unentbehrlich: Zange f\u00fcr Toasts, Zucker, Geb\u00e4ck, Oliven, Gurken, Eisw\u00fcrfel, usw.<\/p>\n<p>\u2022 Die Silikonenenden sind hitzebest\u00e4ndig bis 220\u00b0C<br \/>\n\u2022 Edelstahl 18\/10<\/p>\n<p>&nbsp;<\/p>\n<p>L: 13 cm  W: 5 cm<br \/>\nEdelstahll 18\/10, Silikon<\/p>\n<p>&nbsp;<\/p>\n<input class=\"fooboxshare_post_id\" type=\"hidden\" value=\"16977\"\/>","protected":false},"excerpt":{"rendered":"<p><strong>Multifunktionszange<\/strong><\/p>\n<p>Edelstahl 18\/10<\/p>\n<p><img loading=\"lazy\" decoding=\"async\" class=\"alignnone size-full wp-image-21\" src=\"http:\/\/www.moha-swiss.com\/wp-content\/uploads\/2014\/09\/icon-dishwasher.jpg\" alt=\"icon-dishwasher\" width=\"50\" height=\"65\" \/><\/p>\n","protected":false},"featured_media":17925,"comment_status":"closed","ping_status":"closed","template":"","meta":[],"product_brand":[],"product_cat":[472],"product_tag":[478,415,481],"class_list":{"0":"post-16977","1":"product","2":"type-product","3":"status-publish","4":"has-post-thumbnail","6":"product_cat-essentials-de","7":"product_tag-brunch-de","8":"product_tag-eis","9":"product_tag-essentials-de","11":"first","12":"instock","13":"shipping-taxable","14":"product-type-simple"},"_links":{"self":[{"href":"https:\/\/www.moha-swiss.com\/de\/wp-json\/wp\/v2\/product\/16977","targetHints":{"allow":["GET"]}}],"collection":[{"href":"https:\/\/www.moha-swiss.com\/de\/wp-json\/wp\/v2\/product"}],"about":[{"href":"https:\/\/www.moha-swiss.com\/de\/wp-json\/wp\/v2\/types\/product"}],"replies":[{"embeddable":true,"href":"https:\/\/www.moha-swiss.com\/de\/wp-json\/wp\/v2\/comments?post=16977"}],"wp:featuredmedia":[{"embeddable":true,"href":"https:\/\/www.moha-swiss.com\/de\/wp-json\/wp\/v2\/media\/17925"}],"wp:attachment":[{"href":"https:\/\/www.moha-swiss.com\/de\/wp-json\/wp\/v2\/media?parent=16977"}],"wp:term":[{"taxonomy":"product_brand","embeddable":true,"href":"https:\/\/www.moha-swiss.com\/de\/wp-json\/wp\/v2\/product_brand?post=16977"},{"taxonomy":"product_cat","embeddable":true,"href":"https:\/\/www.moha-swiss.com\/de\/wp-json\/wp\/v2\/product_cat?post=16977"},{"taxonomy":"product_tag","embeddable":true,"href":"https:\/\/www.moha-swiss.com\/de\/wp-json\/wp\/v2\/product_tag?post=16977"}],"curies":[{"name":"wp","href":"https:\/\/api.w.org\/{rel}","templated":true}]}}