{"id":7870,"date":"2015-12-31T11:27:16","date_gmt":"2015-12-31T09:27:16","guid":{"rendered":"http:\/\/www.moha-swiss.com\/de\/30-ans-dinnovations\/"},"modified":"2022-03-21T10:19:07","modified_gmt":"2022-03-21T09:19:07","slug":"30-jahre-innovation","status":"publish","type":"page","link":"https:\/\/www.moha-swiss.com\/de\/30-jahre-innovation\/","title":{"rendered":"30 Jahre Innovation"},"content":{"rendered":"<h2><span style=\"color: #ed1c24;\">Die Kunst des Zubereitens stets mit neuen Erfindungen zu bereichern ist unsere Passion. Damit erm\u00f6glichen wir unseren Kunden immer neue M\u00f6glichkeiten des Zubereitens, sowie mehr Freude und Sicherheit.<\/span><\/h2>\n<p>Unsere Mission ist, innovative Artikel zu erfinden mit Vorteilen, die auf dem Markt einzigartig sind. Die zahlreichen Patentanmeldungen unterstreichen diesen Anspruch.<\/p>\n<p>Am Beispiel unserer neuesten Erfindung, dem <span style=\"color: #ed1c24;\"><strong>Sch\u00e4ler REVERSO<\/strong><\/span>, veranschaulichen wir Ihnen diese Philosophie.<br \/>Wir haben festgestellt, dass einige Kunden lieber mit einem geraden Sch\u00e4ler arbeiten, wie zum Beispiel dem Pela Sch\u00e4ler 6945709, andere Personen jedoch U-f\u00f6rmige Sch\u00e4ler bevorzugen.<\/p>\n<p>\u00a0<\/p>\n<style type=\"text\/css\">\n#foogallery-gallery-7861 .fg-image { width: 100px; }\n#foogallery-gallery-7861 { --fg-gutter: 10px; }<\/style>\n\t\t\t<style type=\"text\/css\">\n#foogallery-gallery-7861_1 .fg-image { width: 100px; }\n#foogallery-gallery-7861_1 { --fg-gutter: 10px; }<\/style>\n\t\t\t<div class=\"foogallery foogallery-container foogallery-default foogallery-lightbox-foobox fg-center fg-default fg-ready fg-light fg-border-thin fg-shadow-small fg-loading-default fg-loaded-fade-in fg-hover-fade fg-hover-zoom\" id=\"foogallery-gallery-7861_1\" data-foogallery=\"{&quot;item&quot;:{&quot;showCaptionTitle&quot;:false,&quot;showCaptionDescription&quot;:false},&quot;lazy&quot;:false,&quot;src&quot;:&quot;src&quot;,&quot;srcset&quot;:&quot;srcset&quot;}\" style=\"--fg-title-line-clamp: 0; --fg-description-line-clamp: 0;\" >\n\t<div class=\"fg-item fg-type-image fg-loaded\"><figure class=\"fg-item-inner\"><a href=\"https:\/\/www.moha-swiss.com\/wp-content\/uploads\/2017\/01\/45709-1.jpg\" data-attachment-id=\"14551\" data-type=\"image\" class=\"fg-thumb\"><span class=\"fg-image-wrap\"><img decoding=\"async\" src=\"https:\/\/www.moha-swiss.com\/wp-content\/uploads\/cache\/2017\/01\/45709-1\/841744262.jpg\" width=\"100\" height=\"100\" class=\"skip-lazy fg-image\" loading=\"eager\"><\/span><span class=\"fg-image-overlay\"><\/span><\/a><\/figure><div class=\"fg-loader\"><\/div><\/div><div class=\"fg-item fg-type-image fg-loaded\"><figure class=\"fg-item-inner\"><a href=\"https:\/\/www.moha-swiss.com\/wp-content\/uploads\/2014\/09\/45709-0-PELA-POTATO-.jpg\" data-caption-title=\"45709-0\" data-attachment-id=\"6088\" data-type=\"image\" class=\"fg-thumb\"><span class=\"fg-image-wrap\"><img decoding=\"async\" src=\"https:\/\/www.moha-swiss.com\/wp-content\/uploads\/cache\/2014\/09\/45709-0-PELA-POTATO-\/3612190747.jpg\" title=\"45709-0\" width=\"100\" height=\"100\" class=\"skip-lazy fg-image\" loading=\"eager\"><\/span><span class=\"fg-image-overlay\"><\/span><\/a><\/figure><div class=\"fg-loader\"><\/div><\/div><div class=\"fg-item fg-type-image fg-loaded\"><figure class=\"fg-item-inner\"><a href=\"https:\/\/www.moha-swiss.com\/wp-content\/uploads\/2016\/01\/45709.jpeg\" data-attachment-id=\"19869\" data-type=\"image\" class=\"fg-thumb\"><span class=\"fg-image-wrap\"><img decoding=\"async\" src=\"https:\/\/www.moha-swiss.com\/wp-content\/uploads\/cache\/2016\/01\/45709\/2353409185.jpeg\" width=\"100\" height=\"100\" class=\"skip-lazy fg-image\" loading=\"eager\"><\/span><span class=\"fg-image-overlay\"><\/span><\/a><\/figure><div class=\"fg-loader\"><\/div><\/div><\/div>\n\n<p>\u00a0<\/p>\n<p>Weiterhin h\u00e4ngt die Wahl des Sch\u00e4lers ebenfalls von der Form des Gem\u00fcses bzw. der Frucht ab.<br \/>Unsere Herausforderung bestand daher in der Aufgabe, einen Sch\u00e4ler zu entwickeln, welcher beiden Anspr\u00fcchen gerecht wird.<\/p>\n<p><strong>So ist der REVERSO entstanden, ein verstellbarer Sch\u00e4ler mit 2 Positionen.<\/strong><br \/><strong>Im Handumdrehen w\u00e4hlen Sie die ideale Position.<\/strong><\/p>\n\t<div id=\"gap-1955936737\" class=\"gap-element clearfix\" style=\"display:block; height:auto;\">\n\t\t\n<style>\n#gap-1955936737 {\n  padding-top: 20px;\n}\n<\/style>\n\t<\/div>\n\t\n<style type=\"text\/css\">\n#foogallery-gallery-7862 .fg-image { width: 100px; }\n#foogallery-gallery-7862 { --fg-gutter: 10px; }<\/style>\n\t\t\t<style type=\"text\/css\">\n#foogallery-gallery-7862_1 .fg-image { width: 100px; }\n#foogallery-gallery-7862_1 { --fg-gutter: 10px; }<\/style>\n\t\t\t<div class=\"foogallery foogallery-container foogallery-default foogallery-lightbox-foobox fg-center fg-default fg-ready fg-light fg-border-thin fg-shadow-small fg-loading-default fg-loaded-fade-in fg-hover-fade fg-hover-zoom\" id=\"foogallery-gallery-7862_1\" data-foogallery=\"{&quot;item&quot;:{&quot;showCaptionTitle&quot;:false,&quot;showCaptionDescription&quot;:false},&quot;lazy&quot;:false,&quot;src&quot;:&quot;src&quot;,&quot;srcset&quot;:&quot;srcset&quot;}\" style=\"--fg-title-line-clamp: 0; --fg-description-line-clamp: 0;\" >\n\t<div class=\"fg-item fg-type-image fg-loaded\"><figure class=\"fg-item-inner\"><a href=\"https:\/\/www.moha-swiss.com\/wp-content\/uploads\/2019\/02\/6945618-P.jpg\" data-attachment-id=\"18544\" data-type=\"image\" class=\"fg-thumb\"><span class=\"fg-image-wrap\"><img decoding=\"async\" src=\"https:\/\/www.moha-swiss.com\/wp-content\/uploads\/cache\/2019\/02\/6945618-P\/1191887138.jpg\" width=\"100\" height=\"100\" class=\"skip-lazy fg-image\" loading=\"eager\"><\/span><span class=\"fg-image-overlay\"><\/span><\/a><\/figure><div class=\"fg-loader\"><\/div><\/div><\/div>\n\n<p>&nbsp;<\/p>\n\t<div id=\"gap-1796602094\" class=\"gap-element clearfix\" style=\"display:block; height:auto;\">\n\t\t\n<style>\n#gap-1796602094 {\n  padding-top: 20px;\n}\n<\/style>\n\t<\/div>\n\t\n<p style=\"text-align: center;\">\n<a href=\"https:\/\/www.moha-swiss.com\/de\/unsere-patente\/\" class=\"button primary is-outline is-small\" >\n\t\t<span>UNSERE PATENTE<\/span>\n\t<\/a>\n\n\t<div id=\"gap-660114915\" class=\"gap-element clearfix\" style=\"display:block; height:auto;\">\n\t\t\n<style>\n#gap-660114915 {\n  padding-top: 40px;\n}\n<\/style>\n\t<\/div>\n\t\n<p><center><\/p>\n<div class=\"social-icons share-icons share-row relative\" ><a href=\"https:\/\/www.facebook.com\/sharer.php?u=https:\/\/www.moha-swiss.com\/de\/30-jahre-innovation\/\" data-label=\"Facebook\" onclick=\"window.open(this.href,this.title,'width=500,height=500,top=300px,left=300px'); return false;\" target=\"_blank\" class=\"icon button circle is-outline tooltip facebook\" title=\"Share on Facebook\" aria-label=\"Share on Facebook\" rel=\"noopener nofollow\"><i class=\"icon-facebook\" aria-hidden=\"true\"><\/i><\/a><a href=\"https:\/\/twitter.com\/share?url=https:\/\/www.moha-swiss.com\/de\/30-jahre-innovation\/\" onclick=\"window.open(this.href,this.title,'width=500,height=500,top=300px,left=300px'); return false;\" target=\"_blank\" class=\"icon button circle is-outline tooltip twitter\" title=\"Teilen auf Twitter\" aria-label=\"Teilen auf Twitter\" rel=\"noopener nofollow\"><i class=\"icon-twitter\" aria-hidden=\"true\"><\/i><\/a><a href=\"mailto:?subject=30%20Jahre%20Innovation&body=Schau%20dir%20das%20an%3A%20https%3A%2F%2Fwww.moha-swiss.com%2Fde%2F30-jahre-innovation%2F\" class=\"icon button circle is-outline tooltip email\" title=\"E-Mail an einen Freund\" aria-label=\"E-Mail an einen Freund\" rel=\"nofollow\"><i class=\"icon-envelop\" aria-hidden=\"true\"><\/i><\/a><a href=\"https:\/\/pinterest.com\/pin\/create\/button?url=https:\/\/www.moha-swiss.com\/de\/30-jahre-innovation\/&media&description=30%20Jahre%20Innovation\" onclick=\"window.open(this.href,this.title,'width=500,height=500,top=300px,left=300px'); return false;\" target=\"_blank\" class=\"icon button circle is-outline tooltip pinterest\" title=\"Pin auf Pinterest\" aria-label=\"Pin auf Pinterest\" rel=\"noopener nofollow\"><i class=\"icon-pinterest\" aria-hidden=\"true\"><\/i><\/a><\/div>\n<p><\/center><\/p>\n\t<div id=\"gap-1017240515\" class=\"gap-element clearfix\" style=\"display:block; height:auto;\">\n\t\t\n<style>\n#gap-1017240515 {\n  padding-top: 30px;\n}\n<\/style>\n\t<\/div>\n\t\n<input class=\"fooboxshare_post_id\" type=\"hidden\" value=\"7870\"\/>","protected":false},"excerpt":{"rendered":"\n  <div class=\"banner has-hover\" id=\"banner-895609919\">\n          <div class=\"banner-inner fill\">\n        <div class=\"banner-bg fill\" 0>\n            <img width=\"450\" height=\"46\" src=\"https:\/\/www.moha-swiss.com\/wp-content\/uploads\/2014\/09\/banner-patent-450x46.jpg\" class=\"bg attachment-large size-large\" alt=\"\" decoding=\"async\" loading=\"lazy\" \/>                                    \n                    <\/div>\n\t\t\n        <div class=\"banner-layers container\">\n            <div class=\"fill banner-link\"><\/div>               <div id=\"text-box-1640020679\" class=\"text-box banner-layer x50 md-x50 lg-x50 y50 md-y50 lg-y50 res-text\">\n                     <div data-animate=\"fadeInLeft\">           <div class=\"text-box-content text dark\">\n              \n              <div class=\"text-inner text-right\">\n                  \n<h4 class=\"alt-font\"><\/h4>\n<h1>30 JAHRE INNOVATION<\/h1>\n              <\/div>\n           <\/div>\n       <\/div>                     \n<style>\n#text-box-1640020679 {\n  width: 60%;\n}\n#text-box-1640020679 .text-box-content {\n  font-size: 100%;\n}\n@media (min-width:550px) {\n  #text-box-1640020679 {\n    width: 88%;\n  }\n}\n<\/style>\n    <\/div>\n         <\/div>\n      <\/div>\n\n            \n<style>\n#banner-895609919 {\n  padding-top: 180px;\n}\n<\/style>\n  <\/div>\n\n\n","protected":false},"author":10,"featured_media":0,"parent":0,"menu_order":0,"comment_status":"closed","ping_status":"closed","template":"","meta":{"footnotes":""},"class_list":["post-7870","page","type-page","status-publish","hentry"],"_links":{"self":[{"href":"https:\/\/www.moha-swiss.com\/de\/wp-json\/wp\/v2\/pages\/7870","targetHints":{"allow":["GET"]}}],"collection":[{"href":"https:\/\/www.moha-swiss.com\/de\/wp-json\/wp\/v2\/pages"}],"about":[{"href":"https:\/\/www.moha-swiss.com\/de\/wp-json\/wp\/v2\/types\/page"}],"author":[{"embeddable":true,"href":"https:\/\/www.moha-swiss.com\/de\/wp-json\/wp\/v2\/users\/10"}],"replies":[{"embeddable":true,"href":"https:\/\/www.moha-swiss.com\/de\/wp-json\/wp\/v2\/comments?post=7870"}],"version-history":[{"count":1,"href":"https:\/\/www.moha-swiss.com\/de\/wp-json\/wp\/v2\/pages\/7870\/revisions"}],"predecessor-version":[{"id":19959,"href":"https:\/\/www.moha-swiss.com\/de\/wp-json\/wp\/v2\/pages\/7870\/revisions\/19959"}],"wp:attachment":[{"href":"https:\/\/www.moha-swiss.com\/de\/wp-json\/wp\/v2\/media?parent=7870"}],"curies":[{"name":"wp","href":"https:\/\/api.w.org\/{rel}","templated":true}]}}