{"id":62,"date":"2014-09-15T17:14:36","date_gmt":"2014-09-15T15:16:16","guid":{"rendered":"http:\/\/www.moha-swiss.com\/?page_id=62"},"modified":"2022-08-30T10:08:24","modified_gmt":"2022-08-30T09:08:24","slug":"handler","status":"publish","type":"page","link":"https:\/\/www.moha-swiss.com\/de\/handler\/","title":{"rendered":"H\u00e4ndler"},"content":{"rendered":"<h2>In bereits \u00fcber 25 L\u00e4ndern rund um den Erdball werden die hervorragenden moHA!-Produkte dank ihrer Einzigartigkeit vertrieben.<\/h2>\n<p>Selbstverst\u00e4ndlich sind wir stets auf der Suche nach neuen Partnern in den L\u00e4ndern, in welchen die Marke noch nicht vertreten ist. Sind Sie Importeur, Vertreter oder Verteiler in einem solchen Land und an unserer Marke interessiert,<strong><a href=\"\/?page_id=68\"> nehmen Sie bitte mit uns Verbindung auf !<\/a><\/strong><\/p>\n<p>&nbsp;<\/p>\n<p><span style=\"color: #ed1c24;\"><strong>Hier die Liste unserer aktuellen Vertreter<\/strong><\/span><\/p>\n<p>&nbsp;<br \/>\n&nbsp;<\/p>\n<div class=\"row row-divided\"  id=\"row-2082768304\">\n\n\t<div id=\"col-684161670\" class=\"col medium-4 large-4\"  >\n\t\t\t\t<div class=\"col-inner\"  >\n\t\t\t\n\t\t\t\n<p><img loading=\"lazy\" decoding=\"async\" class=\"alignnone size-full wp-image-8252\" src=\"https:\/\/www.moha-swiss.com\/wp-content\/uploads\/2022\/03\/iso-CH.png\" alt=\"E\" width=\"40\" height=\"25\" \/><\/p>\n<h5><strong>A. Marchon SA<\/strong><\/h5>\n<p2>Route de Montena 67<br \/>CH-1728 Rossens\/Fribourg<br \/>T+41 22 306 09 30<br \/>F+41 22 341 05 53<br \/><a href=\"mailto:info@moha-swiss.com\">info@moha-swiss.com<\/a><\/p2>\n\t\t<\/div>\n\t\t\t\t\t<\/div>\n\n\t\n\n\t<div id=\"col-1866405691\" class=\"col medium-4 large-4\"  >\n\t\t\t\t<div class=\"col-inner\"  >\n\t\t\t\n\t\t\t\n<p><img loading=\"lazy\" decoding=\"async\" class=\"alignnone size-full wp-image-8237\" src=\"https:\/\/www.moha-swiss.com\/wp-content\/uploads\/2014\/09\/D.png\" alt=\"D\" width=\"40\" height=\"25\" \/> <img loading=\"lazy\" decoding=\"async\" class=\"alignnone size-full wp-image-8240\" src=\"https:\/\/www.moha-swiss.com\/wp-content\/uploads\/2014\/09\/A.png\" alt=\"A\" width=\"40\" height=\"25\" \/><\/p>\n<h5><strong>Ingeborg Burkhalter<\/strong><\/h5>\n<p2>T+ 41 22 306 09 30<br \/>F+ 41 22 341 05 53<br \/><a href=\"mailto:ingeborg.burkhalter@moha-swiss.com\">ingeborg.burkhalter@moha-swiss.com<\/a><\/p2>\n\t\t<\/div>\n\t\t\t\t\t<\/div>\n\n\t\n\n\t<div id=\"col-196276148\" class=\"col medium-4 large-4\"  >\n\t\t\t\t<div class=\"col-inner\"  >\n\t\t\t\n\t\t\t\n<p><img loading=\"lazy\" decoding=\"async\" src=\"https:\/\/www.moha-swiss.com\/wp-content\/uploads\/2014\/09\/F.png\" alt=\"F\" width=\"40\" height=\"25\" class=\"alignnone size-full wp-image-8256\" scale=\"0\"><\/p>\n<h5><strong>Patrick Giuntini<\/strong><\/h5>\n<p2>\nT+41 79 937 68 65<br \/>\nF+41 22 341 05 53\n<\/p2>\n\t\t<\/div>\n\t\t\t\t\t<\/div>\n\n\t\n<\/div>\n<div class=\"row row-divided\"  id=\"row-27980310\">\n\n\t<div id=\"col-835439033\" class=\"col medium-4 large-4\"  >\n\t\t\t\t<div class=\"col-inner\"  >\n\t\t\t\n\t\t\t\n<p><img loading=\"lazy\" decoding=\"async\" src=\"https:\/\/www.moha-swiss.com\/wp-content\/uploads\/2014\/09\/PL.png\" alt=\"PL\" width=\"40\" height=\"25\" class=\"alignnone size-full wp-image-8291\" scale=\"0\"><\/p>\n<h5><strong>Firma Handlowa Lena<\/strong><\/h5>\n<p2>\nT+48 66 320 80 09<br \/>\nF+48 23 692 40 07<br \/>\n<a href=\"mailto:lena-e@lena-e.pl\">lena-e@lena-e.pl<\/a>\n<\/p2>\n\t\t<\/div>\n\t\t\t\t\t<\/div>\n\n\t\n\n\t<div id=\"col-54913410\" class=\"col medium-4 large-4\"  >\n\t\t\t\t<div class=\"col-inner\"  >\n\t\t\t\n\t\t\t\n<p><img loading=\"lazy\" decoding=\"async\" src=\"https:\/\/www.moha-swiss.com\/wp-content\/uploads\/2014\/09\/F.png\" alt=\"F\" width=\"40\" height=\"25\" class=\"alignnone size-full wp-image-8256\" scale=\"0\"><\/p>\n<h5><strong>Carys Trade <\/strong><\/h5>\n<p2>\nT+33 6 27 22 25 74<br \/>\nF+33 9 72 12 67 61<br \/>\n<a href=\"mailto:contact@carystrade.fr\">contact@carystrade.fr<\/a><\/p2>\n\t\t<\/div>\n\t\t\t\t\t<\/div>\n\n\t\n\n\t<div id=\"col-645316895\" class=\"col medium-4 large-4\"  >\n\t\t\t\t<div class=\"col-inner\"  >\n\t\t\t\n\t\t\t\n<p><img loading=\"lazy\" decoding=\"async\" src=\"https:\/\/www.moha-swiss.com\/wp-content\/uploads\/2014\/09\/P.png\" alt=\"P\" width=\"40\" height=\"25\" class=\"alignnone size-full wp-image-8295\" scale=\"0\"><\/p>\n<h5><strong>Procook<\/strong><\/h5>\n<p2>\nT+351 917 365 458<br \/>\nF+351 314 121 210<br \/>\n<a href=\"mailto:procook.pedro.simao@sapo.pt\">procook.pedro.simao@sapo.pt<\/a>\n<\/p2>\n\t\t<\/div>\n\t\t\t\t\t<\/div>\n\n\t\n<\/div>\n<div class=\"row row-divided\"  id=\"row-1795694634\">\n\n\t<div id=\"col-153098191\" class=\"col medium-4 large-4\"  >\n\t\t\t\t<div class=\"col-inner\"  >\n\t\t\t\n\t\t\t\n<p><img loading=\"lazy\" decoding=\"async\" src=\"https:\/\/www.moha-swiss.com\/wp-content\/uploads\/2014\/09\/AUS.png\" alt=\"AUS\" width=\"40\" height=\"25\" class=\"alignnone size-full wp-image-8218\" scale=\"0\"> <img loading=\"lazy\" decoding=\"async\" src=\"https:\/\/www.moha-swiss.com\/wp-content\/uploads\/2014\/09\/NZ.png\" alt=\"NZ\" width=\"40\" height=\"25\" class=\"alignnone size-full wp-image-8221\" scale=\"0\"><\/p>\n<h5><strong>Oceania Trade Link<\/strong><\/h5>\n<p2>\nT+61 7 3356 6066<br \/>\nF+61 7 3356 2452<br \/>\n<a href=\"mailto:irene@otlink.com.au\">irene@otlink.com.au<\/a>\n<\/p2>\n\t\t<\/div>\n\t\t\t\t\t<\/div>\n\n\t\n\n\t<div id=\"col-32821152\" class=\"col medium-4 large-4\"  >\n\t\t\t\t<div class=\"col-inner\"  >\n\t\t\t\n\t\t\t\n<p><img loading=\"lazy\" decoding=\"async\" class=\"alignnone size-full wp-image-8277\" src=\"https:\/\/www.moha-swiss.com\/wp-content\/uploads\/2017\/02\/IL-2.png\" alt=\"IL\" width=\"40\" height=\"25\" \/><\/p>\n<h5><strong>Rosoling<\/strong><\/h5>\n<p2>T+ 972 3 5188871<br \/>F+ 972 5 47955666<br \/><a href=\"mailto:rosoling@rosoling.co.il\">rosoling@rosoling.co.il<\/a><\/p2>\n\t\t<\/div>\n\t\t\t\t\t<\/div>\n\n\t\n\n\t<div id=\"col-585530448\" class=\"col medium-4 large-4\"  >\n\t\t\t\t<div class=\"col-inner\"  >\n\t\t\t\n\t\t\t\n<p><img loading=\"lazy\" decoding=\"async\" src=\"https:\/\/www.moha-swiss.com\/wp-content\/uploads\/2014\/09\/RO.png\" alt=\"RO\" width=\"40\" height=\"25\" class=\"alignnone size-full wp-image-8298\" scale=\"0\"><\/p>\n<h5><strong>Frarom International Est<\/strong><\/h5>\n<p2>\nT+40 332 40 78 53<br \/>\n<a href=\"mailto:m.bulai@frarominternational.ro\">m.bulai@frarominternational.ro<\/a>\n<\/p2>\n\t\t<\/div>\n\t\t\t\t\t<\/div>\n\n\t\n<\/div>\n<div class=\"row row-divided\"  id=\"row-1335156538\">\n\n\t<div id=\"col-805777129\" class=\"col medium-4 large-4\"  >\n\t\t\t\t<div class=\"col-inner\"  >\n\t\t\t\n\t\t\t\n<p><img loading=\"lazy\" decoding=\"async\" class=\"alignnone size-full wp-image-8228\" src=\"https:\/\/www.moha-swiss.com\/wp-content\/uploads\/2014\/09\/B.png\" alt=\"B\" width=\"40\" height=\"25\" \/><\/p>\n<h5><strong>Home &amp; Table NV<\/strong><\/h5>\n<p2>T+32 56 36 17 75<br \/>F+32 56 36 17 93<br \/><a href=\"mailto:info@homeandtable.be\">info@homeandtable.be<\/a><\/p2>\n\t\t<\/div>\n\t\t\t\t\t<\/div>\n\n\t\n\n\t<div id=\"col-26593711\" class=\"col medium-4 large-4\"  >\n\t\t\t\t<div class=\"col-inner\"  >\n\t\t\t\n\t\t\t\n<p><img loading=\"lazy\" decoding=\"async\" src=\"https:\/\/www.moha-swiss.com\/wp-content\/uploads\/2014\/09\/I.png\" alt=\"I\" width=\"40\" height=\"25\" class=\"alignnone size-full wp-image-8277\" scale=\"0\"><\/p>\n<h5><strong>Kaufgut AG<\/strong><\/h5>\n<p2>\nT+39 47 15 40 400<br \/>\nF+39 47 15 40 405<br \/>\n<a href=\"mailto:cadamuro.barbara@kaufgut.it\">cadamuro.barbara@kaufgut.it<\/a>\n<\/p2>\n\t\t<\/div>\n\t\t\t\t\t<\/div>\n\n\t\n\n\t<div id=\"col-436650375\" class=\"col medium-4 large-4\"  >\n\t\t\t\t<div class=\"col-inner\"  >\n\t\t\t\n\t\t\t\n<p><img loading=\"lazy\" decoding=\"async\" class=\"alignnone size-full wp-image-8301\" src=\"https:\/\/www.moha-swiss.com\/wp-content\/uploads\/2017\/02\/RU-6.png\" alt=\"RU\" width=\"40\" height=\"25\" \/><\/p>\n<h5><strong>Williams &amp; Oliver<\/strong><\/h5>\n<p2>T+7 916 118 4736<br \/><a href=\"mailto:villemaire.marc@gmail.com \"> villemaire.marc@gmail.com <\/a> <\/p2>\n\t\t<\/div>\n\t\t\t\t\t<\/div>\n\n\t\n<\/div>\n<div class=\"row row-divided\"  id=\"row-1369913915\">\n\n\t<div id=\"col-839807595\" class=\"col medium-4 large-4\"  >\n\t\t\t\t<div class=\"col-inner\"  >\n\t\t\t\n\t\t\t\n<p><img loading=\"lazy\" decoding=\"async\" src=\"https:\/\/www.moha-swiss.com\/wp-content\/uploads\/2014\/09\/E.png\" alt=\"E\" width=\"40\" height=\"25\" class=\"alignnone size-full wp-image-8252\" scale=\"0\"><\/p>\n<h5><strong>Marketspain SL<\/strong><\/h5>\n<p2>\nT+34 91 84 59 560<br \/>\nF+34 91 84 58 106<br \/>\n<a href=\"mailto:moha@marketsp.com \">moha@marketsp.com <\/a><\/p2>\n\t\t<\/div>\n\t\t\t\t\t<\/div>\n\n\t\n\n\t<div id=\"col-885575760\" class=\"col medium-4 large-4\"  >\n\t\t\t\t<div class=\"col-inner\"  >\n\t\t\t\n\t\t\t\n<p><img loading=\"lazy\" decoding=\"async\" class=\"alignnone size-full wp-image-8252\" src=\"https:\/\/www.moha-swiss.com\/wp-content\/uploads\/2022\/03\/iso-D.png\" alt=\"E\" width=\"40\" height=\"25\" \/><\/p>\n<h5><strong>Zielonka Trading &#8211; Solingen<\/strong><\/h5>\n<p2>T+41 172 240 13 67<br \/><a href=\"mailto:d.zielonka@zielonka-trading.com\">d.zielonka@zielonka-trading.com<\/a><\/p2>\n\t\t<\/div>\n\t\t\t\t\t<\/div>\n\n\t\n\n\t<div id=\"col-1259523976\" class=\"col medium-4 large-4\"  >\n\t\t\t\t<div class=\"col-inner\"  >\n\t\t\t\n\t\t\t\n<p><img loading=\"lazy\" decoding=\"async\" src=\"https:\/\/www.moha-swiss.com\/wp-content\/uploads\/2014\/09\/NL.png\" alt=\"NL\" width=\"40\" height=\"25\" class=\"alignnone size-full wp-image-8288\" scale=\"0\"><\/p>\n<h5><strong>Koster W.J. BV<\/strong><\/h5>\n<p2>\nT+31 10 599 05 40<br \/>\nF+31 10 592 60 61<br \/>\n<a href=\"mailto:info@wjkoster.nl\">info@wjkoster.nl<\/a><\/p2>\n\t\t<\/div>\n\t\t\t\t\t<\/div>\n\n\t\n<\/div>\n<div class=\"row row-divided\"  id=\"row-840620331\">\n\n\t<div id=\"col-200777526\" class=\"col medium-4 large-4\"  >\n\t\t\t\t<div class=\"col-inner\"  >\n\t\t\t\n\t\t\t\n<p><img loading=\"lazy\" decoding=\"async\" src=\"https:\/\/www.moha-swiss.com\/wp-content\/uploads\/2014\/09\/USA.png\" alt=\"USA\" width=\"40\" height=\"25\" class=\"alignnone size-full wp-image-8301\" scale=\"0\"><\/p>\n<h5><strong>Widgeteer, Inc.<\/strong><\/h5>\n<p2>\nT+1 847 922 26 71<br \/>\n<a href=\"mailto:bmchenry@widgeteerinc.com\">bmchenry@widgeteerinc.com<\/a>\n<\/p2>\n\t\t<\/div>\n\t\t\t\t\t<\/div>\n\n\t\n\n\t<div id=\"col-1660518977\" class=\"col medium-4 large-4\"  >\n\t\t\t\t<div class=\"col-inner\"  >\n\t\t\t\n\t\t\t\n\t\t<\/div>\n\t\t\t\t\t<\/div>\n\n\t\n<\/div>\n<input class=\"fooboxshare_post_id\" type=\"hidden\" value=\"62\"\/>","protected":false},"excerpt":{"rendered":"\n  <div class=\"banner has-hover\" id=\"banner-2055683043\">\n          <div class=\"banner-inner fill\">\n        <div class=\"banner-bg fill\" 0>\n            <img width=\"450\" height=\"47\" src=\"https:\/\/www.moha-swiss.com\/wp-content\/uploads\/2015\/01\/banner-distributeurs-450x47.jpg\" class=\"bg attachment-large size-large\" alt=\"\" decoding=\"async\" loading=\"lazy\" \/>                                    \n                    <\/div>\n\t\t\n        <div class=\"banner-layers container\">\n            <div class=\"fill banner-link\"><\/div>               <div id=\"text-box-1379524015\" class=\"text-box banner-layer x50 md-x50 lg-x50 y50 md-y50 lg-y50 res-text\">\n                     <div data-animate=\"fadeInLeft\">           <div class=\"text-box-content text dark\">\n              \n              <div class=\"text-inner text-right\">\n                  \n<h4 class=\"alt-font\"><\/h4>\n<h1>H\u00c4NDLER<\/h1>\n              <\/div>\n           <\/div>\n       <\/div>                     \n<style>\n#text-box-1379524015 {\n  width: 60%;\n}\n#text-box-1379524015 .text-box-content {\n  font-size: 100%;\n}\n@media (min-width:550px) {\n  #text-box-1379524015 {\n    width: 88%;\n  }\n}\n<\/style>\n    <\/div>\n         <\/div>\n      <\/div>\n\n            \n<style>\n#banner-2055683043 {\n  padding-top: 180px;\n}\n<\/style>\n  <\/div>\n\n\n","protected":false},"author":10,"featured_media":0,"parent":0,"menu_order":0,"comment_status":"closed","ping_status":"open","template":"","meta":{"footnotes":""},"class_list":["post-62","page","type-page","status-publish","hentry"],"_links":{"self":[{"href":"https:\/\/www.moha-swiss.com\/de\/wp-json\/wp\/v2\/pages\/62","targetHints":{"allow":["GET"]}}],"collection":[{"href":"https:\/\/www.moha-swiss.com\/de\/wp-json\/wp\/v2\/pages"}],"about":[{"href":"https:\/\/www.moha-swiss.com\/de\/wp-json\/wp\/v2\/types\/page"}],"author":[{"embeddable":true,"href":"https:\/\/www.moha-swiss.com\/de\/wp-json\/wp\/v2\/users\/10"}],"replies":[{"embeddable":true,"href":"https:\/\/www.moha-swiss.com\/de\/wp-json\/wp\/v2\/comments?post=62"}],"version-history":[{"count":12,"href":"https:\/\/www.moha-swiss.com\/de\/wp-json\/wp\/v2\/pages\/62\/revisions"}],"predecessor-version":[{"id":20099,"href":"https:\/\/www.moha-swiss.com\/de\/wp-json\/wp\/v2\/pages\/62\/revisions\/20099"}],"wp:attachment":[{"href":"https:\/\/www.moha-swiss.com\/de\/wp-json\/wp\/v2\/media?parent=62"}],"curies":[{"name":"wp","href":"https:\/\/api.w.org\/{rel}","templated":true}]}}