{"id":23581,"date":"2024-06-26T10:42:33","date_gmt":"2024-06-26T09:42:33","guid":{"rendered":"https:\/\/www.moha-swiss.com\/garantie-multilingue\/"},"modified":"2024-10-29T07:59:03","modified_gmt":"2024-10-29T06:59:03","slug":"garantie-multilingue","status":"publish","type":"page","link":"https:\/\/www.moha-swiss.com\/de\/garantie-multilingue\/","title":{"rendered":"Garantie Multilingue"},"content":{"rendered":"<div class=\"row align-middle align-center\"  id=\"row-1734095753\">\n\n\t<div id=\"col-1324231108\" class=\"col small-12 large-12\"  >\n\t\t\t\t<div class=\"col-inner\"  >\n\t\t\t\n\t\t\t\n\t<div id=\"gap-1023784279\" class=\"gap-element clearfix\" style=\"display:block; height:auto;\">\n\t\t\n<style>\n#gap-1023784279 {\n  padding-top: 50px;\n}\n<\/style>\n\t<\/div>\n\t\n\t<div id=\"gap-2144511132\" class=\"gap-element clearfix\" style=\"display:block; height:auto;\">\n\t\t\n<style>\n#gap-2144511132 {\n  padding-top: 1px;\n}\n<\/style>\n\t<\/div>\n\t\n<p><span style=\"color: #d83131; font-size: 90%;\"><b>GARANTIEBEDINGUNGEN <\/b><\/span><\/p>\n<p><span style=\"font-size: 75%;\">Moha bietet eine Garantie von f\u00fcnf Jahren auf Material- und Verarbeitungsfehler ab dem Datum, an dem das Moha-Ger\u00e4t bei Moha oder einem autorisierten Moha-Verk\u00e4ufer oder Moha-Partner erworben wurde. Ger\u00e4te, die bei normalem Gebrauch und bei Befolgung der Pflegehinweise M\u00e4ngel aufweisen, werden nach unserem Ermessen im Rahmen dieser Garantie repariert bzw. ersetzt. Moha kann die Vorlage des urspr\u00fcnglichen Kaufbelegs verlangen, aus dem das Kaufdatum hervorgeht. Wird das Produkt nicht bestimmungsgem\u00e4\u00df oder f\u00fcr einen anderen als den vorgesehenen Gebrauch verwendet und werden die Originalteile ausgetauscht, besteht kein Anspruch auf Garantie. <\/span><\/p>\n\t\t<\/div>\n\t\t\t\t\t<\/div>\n\n\t\n\n\t<div id=\"col-1773410584\" class=\"col small-12 large-12\"  >\n\t\t\t\t<div class=\"col-inner\"  >\n\t\t\t\n\t\t\t\n\t<div id=\"gap-819668439\" class=\"gap-element clearfix\" style=\"display:block; height:auto;\">\n\t\t\n<style>\n#gap-819668439 {\n  padding-top: 1px;\n}\n<\/style>\n\t<\/div>\n\t\n<p><span style=\"color: #d83131; font-size: 90%;\"><b>POLITIQUE DE GARANTIE<\/b><\/span><\/p>\n<p><span style=\"font-size: 80%;\">Moha garantit la qualit\u00e9 des mat\u00e9riaux utilis\u00e9s et l\u2019absence de vice de fabrication pour une p\u00e9riode de cinq ans \u00e0 partir de la date d\u2019achat chez un partenaire ou revendeur Moha agr\u00e9\u00e9. Nous nous r\u00e9servons le droit, \u00e0 notre discr\u00e9tion, de r\u00e9parer ou de remplacer tout dispositif qui ne serait pas conforme \u00e0 cette garantie en cas d\u2019utilisation pr\u00e9vue et de respect des instructions d\u2019entretien. Moha peut exiger la pr\u00e9sentation de la preuve d\u2019achat originale pour v\u00e9rifier la date de l\u2019achat. L\u2019utilisation non conforme du produit ou pour un autre usage que celui pr\u00e9vu et le remplacement des pi\u00e8ces originales ne donne droit \u00e0 aucune garantie. <\/span><\/p>\n\t\t<\/div>\n\t\t\t\t\t<\/div>\n\n\t\n\n\t<div id=\"col-674162787\" class=\"col small-12 large-12\"  >\n\t\t\t\t<div class=\"col-inner\"  >\n\t\t\t\n\t\t\t\n\t<div id=\"gap-1272030145\" class=\"gap-element clearfix\" style=\"display:block; height:auto;\">\n\t\t\n<style>\n#gap-1272030145 {\n  padding-top: 1px;\n}\n<\/style>\n\t<\/div>\n\t\n<p><span style=\"color: #d83131; font-size: 90%;\"><b>WARRANTY POLICY <\/b><\/span><\/p>\n<p><span style=\"font-size: 75%;\">Moha guarantees that your Moha device will be free from defects in materials and workmanship for a period of five years from the date of purchase from Moha or an authorised Moha reseller or partner. We will, at our discretion, repair or replace any device that fails to comply with this warranty under normal use and following care instructions. Moha may require presentation of the original proof of purchase to verify the purchase date. Any improper use of the product or use for purposes other than those intended and the replacement of original parts shall not entitle the user to any warranty.<\/span><\/p>\n\t\t<\/div>\n\t\t\t\t\t<\/div>\n\n\t\n\n\t<div id=\"col-1651974683\" class=\"col small-12 large-12\"  >\n\t\t\t\t<div class=\"col-inner text-center\"  >\n\t\t\t\n\t\t\t\n\t<div id=\"gap-251824961\" class=\"gap-element clearfix\" style=\"display:block; height:auto;\">\n\t\t\n<style>\n#gap-251824961 {\n  padding-top: 10px;\n}\n<\/style>\n\t<\/div>\n\t\n<p><center><\/p>\n<div class=\"social-icons share-icons share-row relative\" ><a href=\"https:\/\/www.facebook.com\/sharer.php?u=https:\/\/www.moha-swiss.com\/de\/garantie-multilingue\/\" data-label=\"Facebook\" onclick=\"window.open(this.href,this.title,'width=500,height=500,top=300px,left=300px'); return false;\" target=\"_blank\" class=\"icon button circle is-outline tooltip facebook\" title=\"Share on Facebook\" aria-label=\"Share on Facebook\" rel=\"noopener nofollow\"><i class=\"icon-facebook\" aria-hidden=\"true\"><\/i><\/a><a href=\"https:\/\/twitter.com\/share?url=https:\/\/www.moha-swiss.com\/de\/garantie-multilingue\/\" onclick=\"window.open(this.href,this.title,'width=500,height=500,top=300px,left=300px'); return false;\" target=\"_blank\" class=\"icon button circle is-outline tooltip twitter\" title=\"Teilen auf Twitter\" aria-label=\"Teilen auf Twitter\" rel=\"noopener nofollow\"><i class=\"icon-twitter\" aria-hidden=\"true\"><\/i><\/a><a href=\"mailto:?subject=Garantie%20Multilingue&body=Schau%20dir%20das%20an%3A%20https%3A%2F%2Fwww.moha-swiss.com%2Fde%2Fgarantie-multilingue%2F\" class=\"icon button circle is-outline tooltip email\" title=\"E-Mail an einen Freund\" aria-label=\"E-Mail an einen Freund\" rel=\"nofollow\"><i class=\"icon-envelop\" aria-hidden=\"true\"><\/i><\/a><a href=\"https:\/\/pinterest.com\/pin\/create\/button?url=https:\/\/www.moha-swiss.com\/de\/garantie-multilingue\/&media&description=Garantie%20Multilingue\" onclick=\"window.open(this.href,this.title,'width=500,height=500,top=300px,left=300px'); return false;\" target=\"_blank\" class=\"icon button circle is-outline tooltip pinterest\" title=\"Pin auf Pinterest\" aria-label=\"Pin auf Pinterest\" rel=\"noopener nofollow\"><i class=\"icon-pinterest\" aria-hidden=\"true\"><\/i><\/a><\/div>\n<p><\/center><\/p>\n\t\t<\/div>\n\t\t\t\t\t<\/div>\n\n\t\n<\/div>\n<input class=\"fooboxshare_post_id\" type=\"hidden\" value=\"23581\"\/>","protected":false},"excerpt":{"rendered":"","protected":false},"author":10,"featured_media":0,"parent":0,"menu_order":0,"comment_status":"closed","ping_status":"closed","template":"","meta":{"footnotes":""},"class_list":["post-23581","page","type-page","status-publish","hentry"],"_links":{"self":[{"href":"https:\/\/www.moha-swiss.com\/de\/wp-json\/wp\/v2\/pages\/23581","targetHints":{"allow":["GET"]}}],"collection":[{"href":"https:\/\/www.moha-swiss.com\/de\/wp-json\/wp\/v2\/pages"}],"about":[{"href":"https:\/\/www.moha-swiss.com\/de\/wp-json\/wp\/v2\/types\/page"}],"author":[{"embeddable":true,"href":"https:\/\/www.moha-swiss.com\/de\/wp-json\/wp\/v2\/users\/10"}],"replies":[{"embeddable":true,"href":"https:\/\/www.moha-swiss.com\/de\/wp-json\/wp\/v2\/comments?post=23581"}],"version-history":[{"count":8,"href":"https:\/\/www.moha-swiss.com\/de\/wp-json\/wp\/v2\/pages\/23581\/revisions"}],"predecessor-version":[{"id":23803,"href":"https:\/\/www.moha-swiss.com\/de\/wp-json\/wp\/v2\/pages\/23581\/revisions\/23803"}],"wp:attachment":[{"href":"https:\/\/www.moha-swiss.com\/de\/wp-json\/wp\/v2\/media?parent=23581"}],"curies":[{"name":"wp","href":"https:\/\/api.w.org\/{rel}","templated":true}]}}