{"id":1781,"date":"2014-09-26T07:21:15","date_gmt":"2014-09-26T05:21:15","guid":{"rendered":"http:\/\/www.moha-swiss.com\/nos-brevets-2\/"},"modified":"2016-02-05T09:33:34","modified_gmt":"2016-02-05T08:33:34","slug":"unsere-patente","status":"publish","type":"page","link":"https:\/\/www.moha-swiss.com\/de\/unsere-patente\/","title":{"rendered":"Unsere Patente"},"content":{"rendered":"<h2>Die nachfolgenden Produkte sind einige unserer wichtigsten <strong><em>patentierten Erfindungen<\/em><\/strong> mit den dazugeh\u00f6renden Schl\u00fcsseldaten:<\/h2>\n<p>&nbsp;<\/p>\n<p><span style=\"color: #ed1c24;\">\u2022 <strong>1986 TURBY :<\/strong><\/span> Revolution im <strong><em>Salatschleuder<\/em><\/strong> Markt: die erste Salatschleuder mit links und rechts <strong>drehendem System<\/strong> f\u00fcr ein effizienteres Trocknen wird von Moha auf den Markt gebracht. Weitere <strong>wichtige<\/strong> Erfindungen, wie die Salatsch\u00fcssel aus <strong>Glas<\/strong>, welche die Zubereitung und das Servieren in einem erm\u00f6glichen, folgen im Jahr <strong><em>2005<\/em><\/strong>.<\/p>\n<p>&nbsp;<\/p>\n<style type=\"text\/css\">\n#foogallery-gallery-7891 .fg-image { width: 100px; }\n#foogallery-gallery-7891 { --fg-gutter: 10px; }<\/style>\n\t\t\t<style type=\"text\/css\">\n#foogallery-gallery-7891_1 .fg-image { width: 100px; }\n#foogallery-gallery-7891_1 { --fg-gutter: 10px; }<\/style>\n\t\t\t<div class=\"foogallery foogallery-container foogallery-default foogallery-lightbox-foobox fg-center fg-default fg-ready fg-light fg-border-thin fg-shadow-small fg-loading-default fg-loaded-fade-in fg-hover-fade fg-hover-zoom\" id=\"foogallery-gallery-7891_1\" data-foogallery=\"{&quot;item&quot;:{&quot;showCaptionTitle&quot;:false,&quot;showCaptionDescription&quot;:false},&quot;lazy&quot;:false,&quot;src&quot;:&quot;src&quot;,&quot;srcset&quot;:&quot;srcset&quot;}\" style=\"--fg-title-line-clamp: 0; --fg-description-line-clamp: 0;\" >\n\t<div class=\"fg-item fg-type-image fg-loaded\"><figure class=\"fg-item-inner\"><a href=\"https:\/\/www.moha-swiss.com\/wp-content\/uploads\/2014\/09\/10405-0-TURBY.jpg\" data-caption-title=\"10405-0\" data-attachment-id=\"6579\" data-type=\"image\" class=\"fg-thumb\"><span class=\"fg-image-wrap\"><img decoding=\"async\" src=\"https:\/\/www.moha-swiss.com\/wp-content\/uploads\/cache\/2014\/09\/10405-0-TURBY\/3672405245.jpg\" title=\"10405-0\" width=\"100\" height=\"100\" class=\"skip-lazy fg-image\" loading=\"eager\"><\/span><span class=\"fg-image-overlay\"><\/span><\/a><\/figure><div class=\"fg-loader\"><\/div><\/div><div class=\"fg-item fg-type-image fg-loaded\"><figure class=\"fg-item-inner\"><a href=\"https:\/\/www.moha-swiss.com\/wp-content\/uploads\/2014\/09\/10405-1.jpg\" data-caption-title=\"10405-0\" data-attachment-id=\"6582\" data-type=\"image\" class=\"fg-thumb\"><span class=\"fg-image-wrap\"><img decoding=\"async\" src=\"https:\/\/www.moha-swiss.com\/wp-content\/uploads\/cache\/2014\/09\/10405-1\/600706760.jpg\" title=\"10405-0\" width=\"100\" height=\"100\" class=\"skip-lazy fg-image\" loading=\"eager\"><\/span><span class=\"fg-image-overlay\"><\/span><\/a><\/figure><div class=\"fg-loader\"><\/div><\/div><\/div>\n\n<p>&nbsp;<\/p>\n<p><span style=\"color: #ed1c24;\">\u2022 <strong>1988 PRONTO :<\/strong><\/span> : Moha hat mit Erfolg eine neue Generation von <em><strong>Zwiebelhackern<\/strong><\/em> entwickelt. Die Zwiebelhacker haben einen automatischen Rotations-Mechanismus, welcher vollkommen abgekapselt ist. Diese Erfindung garantiert ein besseres Hackresultat und eine einfachere Reinigung.<\/p>\n<p>&nbsp;<\/p>\n<style type=\"text\/css\">\n#foogallery-gallery-7893 .fg-image { width: 100px; }\n#foogallery-gallery-7893 { --fg-gutter: 10px; }<\/style>\n\t\t\t<style type=\"text\/css\">\n#foogallery-gallery-7893_1 .fg-image { width: 100px; }\n#foogallery-gallery-7893_1 { --fg-gutter: 10px; }<\/style>\n\t\t\t<div class=\"foogallery foogallery-container foogallery-default foogallery-lightbox-foobox fg-center fg-default fg-ready fg-light fg-border-thin fg-shadow-small fg-loading-default fg-loaded-fade-in fg-hover-fade fg-hover-zoom\" id=\"foogallery-gallery-7893_1\" data-foogallery=\"{&quot;item&quot;:{&quot;showCaptionTitle&quot;:false,&quot;showCaptionDescription&quot;:false},&quot;lazy&quot;:false,&quot;src&quot;:&quot;src&quot;,&quot;srcset&quot;:&quot;srcset&quot;}\" style=\"--fg-title-line-clamp: 0; --fg-description-line-clamp: 0;\" >\n\t<div class=\"fg-item fg-type-image fg-loaded\"><figure class=\"fg-item-inner\"><a href=\"https:\/\/www.moha-swiss.com\/wp-content\/uploads\/2014\/09\/15701-0-PRONTO.jpg\" data-caption-title=\"15701-0\" data-attachment-id=\"6352\" data-type=\"image\" class=\"fg-thumb\"><span class=\"fg-image-wrap\"><img decoding=\"async\" src=\"https:\/\/www.moha-swiss.com\/wp-content\/uploads\/cache\/2014\/09\/15701-0-PRONTO\/1815214758.jpg\" title=\"15701-0\" width=\"100\" height=\"100\" class=\"skip-lazy fg-image\" loading=\"eager\"><\/span><span class=\"fg-image-overlay\"><\/span><\/a><\/figure><div class=\"fg-loader\"><\/div><\/div><\/div>\n\n<p>&nbsp;<\/p>\n<p><span style=\"color: #ed1c24;\">\u2022 <strong>1996 SEGURO :<\/strong><\/span> Moha bringt den ersten <strong><em>Sicherheitsdosen\u00f6ffner<\/em><\/strong> auf den Markt \u2013 <strong>das <\/strong>Ende der scharfen R\u00e4nder!. Moha entwickelt darauf das weltweit gr\u00f6\u00dfte Sortiment von Sicherheitsdosen\u00f6ffnern mit <strong>exklusiver Technologie<\/strong>.<\/p>\n<p>&nbsp;<\/p>\n<style type=\"text\/css\">\n#foogallery-gallery-7895 .fg-image { width: 100px; }\n#foogallery-gallery-7895 { --fg-gutter: 10px; }<\/style>\n\t\t\t<style type=\"text\/css\">\n#foogallery-gallery-7895_1 .fg-image { width: 100px; }\n#foogallery-gallery-7895_1 { --fg-gutter: 10px; }<\/style>\n\t\t\t<div class=\"foogallery foogallery-container foogallery-default foogallery-lightbox-foobox fg-center fg-default fg-ready fg-light fg-border-thin fg-shadow-small fg-loading-default fg-loaded-fade-in fg-hover-fade fg-hover-zoom\" id=\"foogallery-gallery-7895_1\" data-foogallery=\"{&quot;item&quot;:{&quot;showCaptionTitle&quot;:false,&quot;showCaptionDescription&quot;:false},&quot;lazy&quot;:false,&quot;src&quot;:&quot;src&quot;,&quot;srcset&quot;:&quot;srcset&quot;}\" style=\"--fg-title-line-clamp: 0; --fg-description-line-clamp: 0;\" >\n\t<div class=\"fg-item fg-type-image fg-loaded\"><figure class=\"fg-item-inner\"><a href=\"https:\/\/www.moha-swiss.com\/wp-content\/uploads\/2014\/09\/60603-0-SEGURO-.jpg\" data-caption-title=\"60603-0\" data-attachment-id=\"6005\" data-type=\"image\" class=\"fg-thumb\"><span class=\"fg-image-wrap\"><img decoding=\"async\" src=\"https:\/\/www.moha-swiss.com\/wp-content\/uploads\/cache\/2014\/09\/60603-0-SEGURO-\/1925698822.jpg\" title=\"60603-0\" width=\"100\" height=\"100\" class=\"skip-lazy fg-image\" loading=\"eager\"><\/span><span class=\"fg-image-overlay\"><\/span><\/a><\/figure><div class=\"fg-loader\"><\/div><\/div><div class=\"fg-item fg-type-image fg-loaded\"><figure class=\"fg-item-inner\"><a href=\"https:\/\/www.moha-swiss.com\/wp-content\/uploads\/2014\/09\/60603-2-.jpg\" data-caption-title=\"60609-1\" data-attachment-id=\"6011\" data-type=\"image\" class=\"fg-thumb\"><span class=\"fg-image-wrap\"><img decoding=\"async\" src=\"https:\/\/www.moha-swiss.com\/wp-content\/uploads\/cache\/2014\/09\/60603-2-\/4051012378.jpg\" title=\"60609-1\" width=\"100\" height=\"100\" class=\"skip-lazy fg-image\" loading=\"eager\"><\/span><span class=\"fg-image-overlay\"><\/span><\/a><\/figure><div class=\"fg-loader\"><\/div><\/div><\/div>\n\n<p>&nbsp;<\/p>\n<p><span style=\"color: #ed1c24;\">\u2022 <strong>2009 MOLINO :<\/strong><\/span> Moha entwickelt und vermarket erfolgreich eine neue<strong> <em>K\u00e4sem\u00fchle<\/em>, <\/strong>die dank des Drehmechanismuses viel einfacher und ganz ohne Kraftaufwand gehandhabt wird.<\/p>\n<p>&nbsp;<\/p>\n<style type=\"text\/css\">\n#foogallery-gallery-7898 .fg-image { width: 100px; }\n#foogallery-gallery-7898 { --fg-gutter: 10px; }<\/style>\n\t\t\t<style type=\"text\/css\">\n#foogallery-gallery-7898_1 .fg-image { width: 100px; }\n#foogallery-gallery-7898_1 { --fg-gutter: 10px; }<\/style>\n\t\t\t<div class=\"foogallery foogallery-container foogallery-default foogallery-lightbox-foobox fg-center fg-default fg-ready fg-light fg-border-thin fg-shadow-small fg-loading-default fg-loaded-fade-in fg-hover-fade fg-hover-zoom\" id=\"foogallery-gallery-7898_1\" data-foogallery=\"{&quot;item&quot;:{&quot;showCaptionTitle&quot;:false,&quot;showCaptionDescription&quot;:false},&quot;lazy&quot;:false,&quot;src&quot;:&quot;src&quot;,&quot;srcset&quot;:&quot;srcset&quot;}\" style=\"--fg-title-line-clamp: 0; --fg-description-line-clamp: 0;\" >\n\t<div class=\"fg-item fg-type-image fg-loaded\"><figure class=\"fg-item-inner\"><a href=\"https:\/\/www.moha-swiss.com\/wp-content\/uploads\/2014\/09\/20003-0-MOLINO.jpg\" data-caption-title=\"20003-0\" data-attachment-id=\"6378\" data-type=\"image\" class=\"fg-thumb\"><span class=\"fg-image-wrap\"><img decoding=\"async\" src=\"https:\/\/www.moha-swiss.com\/wp-content\/uploads\/cache\/2014\/09\/20003-0-MOLINO\/3666362758.jpg\" title=\"20003-0\" width=\"100\" height=\"100\" class=\"skip-lazy fg-image\" loading=\"eager\"><\/span><span class=\"fg-image-overlay\"><\/span><\/a><\/figure><div class=\"fg-loader\"><\/div><\/div><div class=\"fg-item fg-type-image fg-loaded\"><figure class=\"fg-item-inner\"><a href=\"https:\/\/www.moha-swiss.com\/wp-content\/uploads\/2014\/09\/20003-1-Feinreibe.jpg\" data-caption-title=\"20003-1\" data-attachment-id=\"6381\" data-type=\"image\" class=\"fg-thumb\"><span class=\"fg-image-wrap\"><img decoding=\"async\" src=\"https:\/\/www.moha-swiss.com\/wp-content\/uploads\/cache\/2014\/09\/20003-1-Feinreibe\/1828558062.jpg\" title=\"20003-1\" width=\"100\" height=\"100\" class=\"skip-lazy fg-image\" loading=\"eager\"><\/span><span class=\"fg-image-overlay\"><\/span><\/a><\/figure><div class=\"fg-loader\"><\/div><\/div><\/div>\n\n<p>&nbsp;<\/p>\n<p><span style=\"color: #ed1c24;\">\u2022 <strong>2010 EASY OPEN :<\/strong><\/span> Moha entwickelt einen neuen <strong><em>Schraubdeckel\u00f6ffner<\/em><\/strong> mit einer ausziehbaren Klemme. <strong>Alle Schraubdeckel mit Durchmesser von 25 mm bis 102 mm k\u00f6nnen damit ohne Kraftaufwand ge\u00f6ffnet werden.<\/strong><\/p>\n<p>&nbsp;<\/p>\n<style type=\"text\/css\">\n#foogallery-gallery-7901 .fg-image { width: 100px; }\n#foogallery-gallery-7901 { --fg-gutter: 10px; }<\/style>\n\t\t\t<style type=\"text\/css\">\n#foogallery-gallery-7901_1 .fg-image { width: 100px; }\n#foogallery-gallery-7901_1 { --fg-gutter: 10px; }<\/style>\n\t\t\t<div class=\"foogallery foogallery-container foogallery-default foogallery-lightbox-foobox fg-center fg-default fg-ready fg-light fg-border-thin fg-shadow-small fg-loading-default fg-loaded-fade-in fg-hover-fade fg-hover-zoom\" id=\"foogallery-gallery-7901_1\" data-foogallery=\"{&quot;item&quot;:{&quot;showCaptionTitle&quot;:false,&quot;showCaptionDescription&quot;:false},&quot;lazy&quot;:false,&quot;src&quot;:&quot;src&quot;,&quot;srcset&quot;:&quot;srcset&quot;}\" style=\"--fg-title-line-clamp: 0; --fg-description-line-clamp: 0;\" >\n\t<div class=\"fg-item fg-type-image fg-loaded\"><figure class=\"fg-item-inner\"><a href=\"https:\/\/www.moha-swiss.com\/wp-content\/uploads\/2014\/09\/60714-0-EASY-OPEN-VERT-.jpg\" data-caption-title=\"60714-0\" data-attachment-id=\"6062\" data-type=\"image\" class=\"fg-thumb\"><span class=\"fg-image-wrap\"><img decoding=\"async\" src=\"https:\/\/www.moha-swiss.com\/wp-content\/uploads\/cache\/2014\/09\/60714-0-EASY-OPEN-VERT-\/4004905022.jpg\" title=\"60714-0\" width=\"100\" height=\"100\" class=\"skip-lazy fg-image\" loading=\"eager\"><\/span><span class=\"fg-image-overlay\"><\/span><\/a><\/figure><div class=\"fg-loader\"><\/div><\/div><div class=\"fg-item fg-type-image fg-loaded\"><figure class=\"fg-item-inner\"><a href=\"https:\/\/www.moha-swiss.com\/wp-content\/uploads\/2014\/09\/60714-4-.jpg\" data-caption-title=\"60714-4\" data-attachment-id=\"6074\" data-type=\"image\" class=\"fg-thumb\"><span class=\"fg-image-wrap\"><img decoding=\"async\" src=\"https:\/\/www.moha-swiss.com\/wp-content\/uploads\/cache\/2014\/09\/60714-4-\/848005516.jpg\" title=\"60714-4\" width=\"100\" height=\"100\" class=\"skip-lazy fg-image\" loading=\"eager\"><\/span><span class=\"fg-image-overlay\"><\/span><\/a><\/figure><div class=\"fg-loader\"><\/div><\/div><\/div>\n\n<p>&nbsp;<\/p>\n<p><span style=\"color: #ed1c24;\">\u2022 <strong>2011 FLEXY :<\/strong><\/span> Der von Moha entwickelte flexible<strong> <em>Abgiesser<\/em><\/strong> kommt im Fr\u00fchling 2011 mit grossem Erfolg auf den Markt. Dieser neue Abgiesser passt sich dank seiner flexiblen Struktur automatisch an Kocht\u00f6pfe mit \u00d8 18 \u2013 24 cm an.<\/p>\n<p>&nbsp;<\/p>\n<style type=\"text\/css\">\n#foogallery-gallery-7903 .fg-image { width: 100px; }\n#foogallery-gallery-7903 { --fg-gutter: 10px; }<\/style>\n\t\t\t<style type=\"text\/css\">\n#foogallery-gallery-7903_1 .fg-image { width: 100px; }\n#foogallery-gallery-7903_1 { --fg-gutter: 10px; }<\/style>\n\t\t\t<div class=\"foogallery foogallery-container foogallery-default foogallery-lightbox-foobox fg-center fg-default fg-ready fg-light fg-border-thin fg-shadow-small fg-loading-default fg-loaded-fade-in fg-hover-fade fg-hover-zoom\" id=\"foogallery-gallery-7903_1\" data-foogallery=\"{&quot;item&quot;:{&quot;showCaptionTitle&quot;:false,&quot;showCaptionDescription&quot;:false},&quot;lazy&quot;:false,&quot;src&quot;:&quot;src&quot;,&quot;srcset&quot;:&quot;srcset&quot;}\" style=\"--fg-title-line-clamp: 0; --fg-description-line-clamp: 0;\" >\n\t<div class=\"fg-item fg-type-image fg-loaded\"><figure class=\"fg-item-inner\"><a href=\"https:\/\/www.moha-swiss.com\/wp-content\/uploads\/2014\/09\/50409-1.jpg\" data-caption-title=\"50409-1\" data-attachment-id=\"6903\" data-type=\"image\" class=\"fg-thumb\"><span class=\"fg-image-wrap\"><img decoding=\"async\" src=\"https:\/\/www.moha-swiss.com\/wp-content\/uploads\/cache\/2014\/09\/50409-1\/3204161737.jpg\" title=\"50409-1\" width=\"100\" height=\"100\" class=\"skip-lazy fg-image\" loading=\"eager\"><\/span><span class=\"fg-image-overlay\"><\/span><\/a><\/figure><div class=\"fg-loader\"><\/div><\/div><div class=\"fg-item fg-type-image fg-loaded\"><figure class=\"fg-item-inner\"><a href=\"https:\/\/www.moha-swiss.com\/wp-content\/uploads\/2014\/09\/50409-3.jpg\" data-caption-title=\"50409-3\" data-attachment-id=\"6909\" data-type=\"image\" class=\"fg-thumb\"><span class=\"fg-image-wrap\"><img decoding=\"async\" src=\"https:\/\/www.moha-swiss.com\/wp-content\/uploads\/cache\/2014\/09\/50409-3\/3556712872.jpg\" title=\"50409-3\" width=\"100\" height=\"100\" class=\"skip-lazy fg-image\" loading=\"eager\"><\/span><span class=\"fg-image-overlay\"><\/span><\/a><\/figure><div class=\"fg-loader\"><\/div><\/div><\/div>\n\n<p>&nbsp;<\/p>\n<p><span style=\"color: #ed1c24;\">\u2022 <strong>2013 DUO :<\/strong><\/span> neuer <em><strong>Sicherheitsdosen\u00f6ffner und Schraubdeckel\u00f6ffner<\/strong><\/em> in einem.<\/p>\n<p>&nbsp;<\/p>\n<style type=\"text\/css\">\n#foogallery-gallery-7905 .fg-image { width: 100px; }\n#foogallery-gallery-7905 { --fg-gutter: 10px; }<\/style>\n\t\t\t<style type=\"text\/css\">\n#foogallery-gallery-7905_1 .fg-image { width: 100px; }\n#foogallery-gallery-7905_1 { --fg-gutter: 10px; }<\/style>\n\t\t\t<div class=\"foogallery foogallery-container foogallery-default foogallery-lightbox-foobox fg-center fg-default fg-ready fg-light fg-border-thin fg-shadow-small fg-loading-default fg-loaded-fade-in fg-hover-fade fg-hover-zoom\" id=\"foogallery-gallery-7905_1\" data-foogallery=\"{&quot;item&quot;:{&quot;showCaptionTitle&quot;:false,&quot;showCaptionDescription&quot;:false},&quot;lazy&quot;:false,&quot;src&quot;:&quot;src&quot;,&quot;srcset&quot;:&quot;srcset&quot;}\" style=\"--fg-title-line-clamp: 0; --fg-description-line-clamp: 0;\" >\n\t<div class=\"fg-item fg-type-image fg-loaded\"><figure class=\"fg-item-inner\"><a href=\"https:\/\/www.moha-swiss.com\/wp-content\/uploads\/2014\/09\/60609-1-.jpg\" data-caption-title=\"60609-1\" data-attachment-id=\"6017\" data-type=\"image\" class=\"fg-thumb\"><span class=\"fg-image-wrap\"><img decoding=\"async\" src=\"https:\/\/www.moha-swiss.com\/wp-content\/uploads\/cache\/2014\/09\/60609-1-\/2431635417.jpg\" title=\"60609-1\" width=\"100\" height=\"100\" class=\"skip-lazy fg-image\" loading=\"eager\"><\/span><span class=\"fg-image-overlay\"><\/span><\/a><\/figure><div class=\"fg-loader\"><\/div><\/div><div class=\"fg-item fg-type-image fg-loaded\"><figure class=\"fg-item-inner\"><a href=\"https:\/\/www.moha-swiss.com\/wp-content\/uploads\/2014\/09\/60609-2-.jpg\" data-caption-title=\"60609-2\" data-attachment-id=\"6020\" data-type=\"image\" class=\"fg-thumb\"><span class=\"fg-image-wrap\"><img decoding=\"async\" src=\"https:\/\/www.moha-swiss.com\/wp-content\/uploads\/cache\/2014\/09\/60609-2-\/2286826198.jpg\" title=\"60609-2\" width=\"100\" height=\"100\" class=\"skip-lazy fg-image\" loading=\"eager\"><\/span><span class=\"fg-image-overlay\"><\/span><\/a><\/figure><div class=\"fg-loader\"><\/div><\/div><\/div>\n\n<p>&nbsp;<\/p>\n<p><span style=\"color: #ed1c24;\">\u2022 <strong>2014 PRESTO :<\/strong><\/span> : Moha f\u00fchrt eine neue patentierte <em><strong>Butterm\u00fchle<\/strong><\/em> auf dem Markt ein. Die eiskalte Butter kann direkt aus dem K\u00fchlschrank fein und regelm\u00e4\u00dfig aufs Brot, Zwieback oder Toasts gestrichen werden.<br \/>\nDas Produkt gewinnt den <a href=\"http:\/\/cooksinnovations.com\/iha-announces-innovation-awards-finalists\/\" target=\"_blank\">IHA Innovation Award 2015<\/a> in der Kategorie \u201cKitchen Hand Tools &amp; Cutlery\u201d w\u00e4hrend der International Home + Housewares Show in Chicago.<\/p>\n<p>&nbsp;<\/p>\n<style type=\"text\/css\">\n#foogallery-gallery-7907 .fg-image { width: 100px; }\n#foogallery-gallery-7907 { --fg-gutter: 10px; }<\/style>\n\t\t\t<style type=\"text\/css\">\n#foogallery-gallery-7907_1 .fg-image { width: 100px; }\n#foogallery-gallery-7907_1 { --fg-gutter: 10px; }<\/style>\n\t\t\t<div class=\"foogallery foogallery-container foogallery-default foogallery-lightbox-foobox fg-center fg-default fg-ready fg-light fg-border-thin fg-shadow-small fg-loading-default fg-loaded-fade-in fg-hover-fade fg-hover-zoom\" id=\"foogallery-gallery-7907_1\" data-foogallery=\"{&quot;item&quot;:{&quot;showCaptionTitle&quot;:false,&quot;showCaptionDescription&quot;:false},&quot;lazy&quot;:false,&quot;src&quot;:&quot;src&quot;,&quot;srcset&quot;:&quot;srcset&quot;}\" style=\"--fg-title-line-clamp: 0; --fg-description-line-clamp: 0;\" >\n\t<div class=\"fg-item fg-type-image fg-loaded\"><figure class=\"fg-item-inner\"><a href=\"https:\/\/www.moha-swiss.com\/wp-content\/uploads\/2014\/09\/20016-2.jpg\" data-caption-title=\"20016-2\" data-attachment-id=\"6399\" data-type=\"image\" class=\"fg-thumb\"><span class=\"fg-image-wrap\"><img decoding=\"async\" src=\"https:\/\/www.moha-swiss.com\/wp-content\/uploads\/cache\/2014\/09\/20016-2\/127151421.jpg\" title=\"20016-2\" width=\"100\" height=\"100\" class=\"skip-lazy fg-image\" loading=\"eager\"><\/span><span class=\"fg-image-overlay\"><\/span><\/a><\/figure><div class=\"fg-loader\"><\/div><\/div><div class=\"fg-item fg-type-image fg-loaded\"><figure class=\"fg-item-inner\"><a href=\"https:\/\/www.moha-swiss.com\/wp-content\/uploads\/2014\/09\/20016-3-.jpg\" data-caption-title=\"20016-2\" data-attachment-id=\"6402\" data-type=\"image\" class=\"fg-thumb\"><span class=\"fg-image-wrap\"><img decoding=\"async\" src=\"https:\/\/www.moha-swiss.com\/wp-content\/uploads\/cache\/2014\/09\/20016-3-\/2036953902.jpg\" title=\"20016-2\" width=\"100\" height=\"100\" class=\"skip-lazy fg-image\" loading=\"eager\"><\/span><span class=\"fg-image-overlay\"><\/span><\/a><\/figure><div class=\"fg-loader\"><\/div><\/div><\/div>\n\n<p>&nbsp;<\/p>\n\t<div id=\"gap-1916251934\" class=\"gap-element clearfix\" style=\"display:block; height:auto;\">\n\t\t\n<style>\n#gap-1916251934 {\n  padding-top: 20px;\n}\n<\/style>\n\t<\/div>\n\t\n<p style=\"text-align: center;\"><a href=\"https:\/\/www.moha-swiss.com\/de\/30-ans-dinnovations\/\" class=\"button primary is-outline is-small\" >\n\t\t<span>30 JAHRE INNOVATION<\/span>\n\t<\/a>\n\n\t<div id=\"gap-757026691\" class=\"gap-element clearfix\" style=\"display:block; height:auto;\">\n\t\t\n<style>\n#gap-757026691 {\n  padding-top: 40px;\n}\n<\/style>\n\t<\/div>\n\t\n<p><center><div class=\"social-icons share-icons share-row relative\" ><a href=\"https:\/\/www.facebook.com\/sharer.php?u=https:\/\/www.moha-swiss.com\/de\/unsere-patente\/\" data-label=\"Facebook\" onclick=\"window.open(this.href,this.title,'width=500,height=500,top=300px,left=300px'); return false;\" target=\"_blank\" class=\"icon button circle is-outline tooltip facebook\" title=\"Share on Facebook\" aria-label=\"Share on Facebook\" rel=\"noopener nofollow\"><i class=\"icon-facebook\" aria-hidden=\"true\"><\/i><\/a><a href=\"https:\/\/twitter.com\/share?url=https:\/\/www.moha-swiss.com\/de\/unsere-patente\/\" onclick=\"window.open(this.href,this.title,'width=500,height=500,top=300px,left=300px'); return false;\" target=\"_blank\" class=\"icon button circle is-outline tooltip twitter\" title=\"Teilen auf Twitter\" aria-label=\"Teilen auf Twitter\" rel=\"noopener nofollow\"><i class=\"icon-twitter\" aria-hidden=\"true\"><\/i><\/a><a href=\"mailto:?subject=Unsere%20Patente&body=Schau%20dir%20das%20an%3A%20https%3A%2F%2Fwww.moha-swiss.com%2Fde%2Funsere-patente%2F\" class=\"icon button circle is-outline tooltip email\" title=\"E-Mail an einen Freund\" aria-label=\"E-Mail an einen Freund\" rel=\"nofollow\"><i class=\"icon-envelop\" aria-hidden=\"true\"><\/i><\/a><a href=\"https:\/\/pinterest.com\/pin\/create\/button?url=https:\/\/www.moha-swiss.com\/de\/unsere-patente\/&media&description=Unsere%20Patente\" onclick=\"window.open(this.href,this.title,'width=500,height=500,top=300px,left=300px'); return false;\" target=\"_blank\" class=\"icon button circle is-outline tooltip pinterest\" title=\"Pin auf Pinterest\" aria-label=\"Pin auf Pinterest\" rel=\"noopener nofollow\"><i class=\"icon-pinterest\" aria-hidden=\"true\"><\/i><\/a><\/div><\/center><br \/>\n\t<div id=\"gap-399224574\" class=\"gap-element clearfix\" style=\"display:block; height:auto;\">\n\t\t\n<style>\n#gap-399224574 {\n  padding-top: 30px;\n}\n<\/style>\n\t<\/div>\n\t\n<input class=\"fooboxshare_post_id\" type=\"hidden\" value=\"1781\"\/>","protected":false},"excerpt":{"rendered":"\n  <div class=\"banner has-hover\" id=\"banner-137998023\">\n          <div class=\"banner-inner fill\">\n        <div class=\"banner-bg fill\" 0>\n            <img width=\"450\" height=\"46\" src=\"https:\/\/www.moha-swiss.com\/wp-content\/uploads\/2014\/09\/banner-patent-450x46.jpg\" class=\"bg attachment-large size-large\" alt=\"\" decoding=\"async\" loading=\"lazy\" \/>                                    \n                    <\/div>\n\t\t\n        <div class=\"banner-layers container\">\n            <div class=\"fill banner-link\"><\/div>               <div id=\"text-box-1837108443\" class=\"text-box banner-layer x50 md-x50 lg-x50 y50 md-y50 lg-y50 res-text\">\n                     <div data-animate=\"fadeInLeft\">           <div class=\"text-box-content text dark\">\n              \n              <div class=\"text-inner text-right\">\n                  \n<h4 class=\"alt-font\"><\/h4>\n<h1>UNSERE PATENTE<\/h1>\n              <\/div>\n           <\/div>\n       <\/div>                     \n<style>\n#text-box-1837108443 {\n  width: 60%;\n}\n#text-box-1837108443 .text-box-content {\n  font-size: 100%;\n}\n@media (min-width:550px) {\n  #text-box-1837108443 {\n    width: 88%;\n  }\n}\n<\/style>\n    <\/div>\n         <\/div>\n      <\/div>\n\n            \n<style>\n#banner-137998023 {\n  padding-top: 180px;\n}\n<\/style>\n  <\/div>\n\n\n","protected":false},"author":10,"featured_media":0,"parent":0,"menu_order":0,"comment_status":"closed","ping_status":"closed","template":"","meta":{"footnotes":""},"class_list":["post-1781","page","type-page","status-publish","hentry"],"_links":{"self":[{"href":"https:\/\/www.moha-swiss.com\/de\/wp-json\/wp\/v2\/pages\/1781","targetHints":{"allow":["GET"]}}],"collection":[{"href":"https:\/\/www.moha-swiss.com\/de\/wp-json\/wp\/v2\/pages"}],"about":[{"href":"https:\/\/www.moha-swiss.com\/de\/wp-json\/wp\/v2\/types\/page"}],"author":[{"embeddable":true,"href":"https:\/\/www.moha-swiss.com\/de\/wp-json\/wp\/v2\/users\/10"}],"replies":[{"embeddable":true,"href":"https:\/\/www.moha-swiss.com\/de\/wp-json\/wp\/v2\/comments?post=1781"}],"version-history":[{"count":0,"href":"https:\/\/www.moha-swiss.com\/de\/wp-json\/wp\/v2\/pages\/1781\/revisions"}],"wp:attachment":[{"href":"https:\/\/www.moha-swiss.com\/de\/wp-json\/wp\/v2\/media?parent=1781"}],"curies":[{"name":"wp","href":"https:\/\/api.w.org\/{rel}","templated":true}]}}